                                                                                                                                                                                                                                                                                                                                                                                                                                                                                                                                                                                                                                                                                                                                                                                                                                                                                                                                                                                                                                                                                                                                                                                                                                                                                                                                                                                                                                                                                                                                                                                                                                                                                                                                                                                                                                                                                                                                                                                                                                                                                                                                                                                                                                                               {"id":11046,"date":"2021-04-28T16:29:53","date_gmt":"2021-04-28T16:29:53","guid":{"rendered":"https:\/\/lifebyair.com\/es\/?page_id=11046"},"modified":"2021-04-28T22:41:21","modified_gmt":"2021-04-28T22:41:21","slug":"cookies-policy","status":"publish","type":"page","link":"https:\/\/lifebyair.com\/es\/cookies-policy\/","title":{"rendered":"Pol\u00edtica de Cookies"},"content":{"rendered":"\n<p><strong>\u00bfQu\u00e9 son las Cookies?<\/strong><\/p>\n\n\n\n<p>Como es pr\u00e1ctica com\u00fan en casi todos los sitios web profesionales, este sitio utiliza cookies, que son peque\u00f1os archivos que se descargan en su computadora, para mejorar su experiencia. Esta p\u00e1gina describe qu\u00e9 informaci\u00f3n recopilan, c\u00f3mo la usamos y por qu\u00e9 a veces necesitamos almacenar estas cookies. Tambi\u00e9n compartiremos c\u00f3mo puede evitar que estas cookies se almacenen, sin embargo, esto puede degradar o &#8220;romper&#8221; ciertos elementos de la funcionalidad de los sitios.<\/p>\n\n\n\n<p><strong>\u00bfC\u00f3mo usamos las Cookies?<\/strong><\/p>\n\n\n\n<p>Usamos cookies por una variedad de razones que se detallan a continuaci\u00f3n. Desafortunadamente, en la mayor\u00eda de los casos, no existen opciones est\u00e1ndar de la industria para deshabilitar las cookies sin deshabilitar por completo la funcionalidad y las caracter\u00edsticas que agregan a este sitio. Se recomienda que deje todas las cookies si no est\u00e1 seguro de si las necesita o no en caso de que se utilicen para proporcionar un servicio que usted utiliza.<\/p>\n\n\n\n<p><strong>Deshabilitando las  Cookies<\/strong><\/p>\n\n\n\n<p>Puede evitar la configuraci\u00f3n de cookies ajustando la configuraci\u00f3n de su navegador (consulte la Ayuda de su navegador para saber c\u00f3mo hacerlo). Tenga en cuenta que la desactivaci\u00f3n de las cookies afectar\u00e1 la funcionalidad de este y muchos otros sitios web que visite. La desactivaci\u00f3n de las cookies generalmente resultar\u00e1 en la desactivaci\u00f3n tambi\u00e9n de ciertas funciones y caracter\u00edsticas de este sitio. Por lo tanto, se recomienda que no desactive las cookies.<\/p>\n\n\n\n<p><strong>Las Cookies que establecemos<\/strong><\/p>\n\n\n\n<ul><li>Cookies relacionadas con la cuenta Si crea una cuenta con nosotros, utilizaremos cookies para la gesti\u00f3n del proceso de registro y la administraci\u00f3n general. Por lo general, estas cookies se eliminar\u00e1n cuando cierre la sesi\u00f3n; sin embargo, en algunos casos, pueden permanecer despu\u00e9s para recordar las preferencias de su sitio cuando cierre la sesi\u00f3n.<\/li><li>Cookies relacionadas con boletines informativos por correo electr\u00f3nico Este sitio ofrece servicios de suscripci\u00f3n a boletines informativos o correo electr\u00f3nico y las cookies se pueden utilizar para recordar si ya est\u00e1 registrado y si desea mostrar ciertas notificaciones que solo pueden ser v\u00e1lidas para usuarios suscritos \/ no suscritos.<\/li><li>Cookies relacionadas con el procesamiento de pedidos Este sitio ofrece comercio electr\u00f3nico o facilidades de pago y algunas cookies son esenciales para garantizar que su pedido se recuerde entre p\u00e1ginas para que podamos procesarlo correctamente.<\/li><li>Cookies de preferencias del sitio Con el fin de brindarle una gran experiencia en este sitio, proporcionamos la funcionalidad para establecer sus preferencias sobre c\u00f3mo se ejecuta este sitio cuando lo usa. Para recordar sus preferencias, necesitamos configurar cookies para que esta informaci\u00f3n se pueda llamar cada vez que interact\u00faa con una p\u00e1gina que se ve afectada por sus preferencias.<\/li><\/ul>\n\n\n\n<p><strong>Cookies<\/strong> <strong>de las Terceras Partes<\/strong><\/p>\n\n\n\n<p>En algunos casos especiales, tambi\u00e9n utilizamos cookies proporcionadas por terceros de confianza. La siguiente secci\u00f3n detalla qu\u00e9 cookies de terceros puede encontrar a trav\u00e9s de este sitio.<\/p>\n\n\n\n<ul><li>Este sitio utiliza Google Analytics, que es una de las soluciones de an\u00e1lisis m\u00e1s extendidas y confiables en la web para ayudarnos a comprender c\u00f3mo usa el sitio y las formas en que podemos mejorar su experiencia. Estas cookies pueden rastrear cosas como cu\u00e1nto tiempo pasa en el sitio y las p\u00e1ginas que visita para que podamos continuar produciendo contenido atractivo. Para obtener m\u00e1s informaci\u00f3n sobre las cookies de Google Analytics, consulte la p\u00e1gina oficial de Google Analytics.<\/li><li>De vez en cuando probamos nuevas funciones y realizamos cambios sutiles en la forma en que se entrega el sitio. Cuando todav\u00eda estamos probando nuevas funciones, estas cookies se pueden utilizar para garantizar que reciba una experiencia constante mientras est\u00e9 en el sitio, al tiempo que nos aseguramos de que entendemos qu\u00e9 optimizaciones aprecian m\u00e1s nuestros usuarios.<\/li><li>El servicio Google AdSense que utilizamos para publicar anuncios utiliza una cookie de DoubleClick para publicar anuncios m\u00e1s relevantes en la web y limitar la cantidad de veces que se le muestra un anuncio determinado. Para obtener m\u00e1s informaci\u00f3n sobre Google AdSense, consulte las Preguntas frecuentes oficiales sobre privacidad de Google AdSense.<\/li><\/ul>\n\n\n\n<p><strong>M\u00e1s Informaci\u00f3n<\/strong><\/p>\n\n\n\n<p>Con suerte, eso le ha aclarado las cosas y, como se mencion\u00f3 anteriormente, si hay algo que no est\u00e1 seguro de si necesita o no, generalmente es m\u00e1s seguro dejar las cookies habilitadas en caso de que interact\u00fae con una de las funciones que usa en nuestro sitio<\/p>\n\n\n\n<p>Sin embargo, si a\u00fan est\u00e1 buscando m\u00e1s informaci\u00f3n, puede contactarnos a trav\u00e9s de uno de nuestros m\u00e9todos de contacto preferidos:<\/p>\n\n\n\n<ul><li>Email: info@lifebyair.com<\/li><li>Visite este link: <a href=\"https:\/\/lifebyair.com\/contact-us\/\">LifebyAir.com\/contact-us<\/a><\/li><\/ul>\n","protected":false},"excerpt":{"rendered":"<p>\u00bfQu\u00e9 son las Cookies? Como es pr\u00e1ctica com\u00fan en casi todos los sitios web profesionales, este sitio utiliza cookies, que son peque\u00f1os archivos que se descargan en su computadora, para mejorar su experiencia. Esta p\u00e1gina describe qu\u00e9 informaci\u00f3n recopilan, c\u00f3mo la usamos y por qu\u00e9 a veces necesitamos almacenar estas cookies. Tambi\u00e9n compartiremos c\u00f3mo puede &hellip; <\/p>\n<p class=\"link-more\"><a href=\"https:\/\/lifebyair.com\/es\/cookies-policy\/\" class=\"more-link\">Read More <span class=\"screen-reader-text\"> &#8220;Pol\u00edtica de Cookies&#8221;<\/span><\/a><\/p>\n","protected":false},"author":1,"featured_media":0,"parent":0,"menu_order":0,"comment_status":"closed","ping_status":"closed","template":"","meta":{"_seopress_robots_primary_cat":""},"_links":{"self":[{"href":"https:\/\/lifebyair.com\/es\/wp-json\/wp\/v2\/pages\/11046"}],"collection":[{"href":"https:\/\/lifebyair.com\/es\/wp-json\/wp\/v2\/pages"}],"about":[{"href":"https:\/\/lifebyair.com\/es\/wp-json\/wp\/v2\/types\/page"}],"author":[{"embeddable":true,"href":"https:\/\/lifebyair.com\/es\/wp-json\/wp\/v2\/users\/1"}],"replies":[{"embeddable":true,"href":"https:\/\/lifebyair.com\/es\/wp-json\/wp\/v2\/comments?post=11046"}],"version-history":[{"count":3,"href":"https:\/\/lifebyair.com\/es\/wp-json\/wp\/v2\/pages\/11046\/revisions"}],"predecessor-version":[{"id":11052,"href":"https:\/\/lifebyair.com\/es\/wp-json\/wp\/v2\/pages\/11046\/revisions\/11052"}],"wp:attachment":[{"href":"https:\/\/lifebyair.com\/es\/wp-json\/wp\/v2\/media?parent=11046"}],"curies":[{"name":"wp","href":"https:\/\/api.w.org\/{rel}","templated":true}]}}