                                                                                                                                                                                                                                                                                                                                                                                                                                                                                                                                                                                                                                                                                                                                                                                                                                                                                                                                                                                                                                                                                                                                                                                                                                                                                                                                                                                                                                                                                                                                                                                                                                                                                                                                                                                                                                                                                                                                                                                                                                                                                                                                                                                                                                                               {"id":5804,"date":"2020-03-31T19:25:21","date_gmt":"2020-03-31T19:25:21","guid":{"rendered":"https:\/\/lifebyair.com\/?page_id=5804"},"modified":"2021-10-22T17:56:26","modified_gmt":"2021-10-22T17:56:26","slug":"aspiradora-de-tanques","status":"publish","type":"page","link":"https:\/\/lifebyair.com\/es\/aspiradora-de-tanques\/","title":{"rendered":"Aspiradora de Tanques"},"content":{"rendered":"\t\t<div data-elementor-type=\"wp-page\" data-elementor-id=\"5804\" class=\"elementor elementor-5804\" data-elementor-settings=\"[]\">\n\t\t\t\t\t\t<div class=\"elementor-inner\">\n\t\t\t\t\t\t\t<div class=\"elementor-section-wrap\">\n\t\t\t\t\t\t\t<section class=\"elementor-section elementor-top-section elementor-element elementor-element-4648545 elementor-section-stretched elementor-hidden-tablet elementor-hidden-phone elementor-section-boxed elementor-section-height-default elementor-section-height-default\" data-id=\"4648545\" data-element_type=\"section\" data-settings=\"{&quot;stretch_section&quot;:&quot;section-stretched&quot;,&quot;background_background&quot;:&quot;classic&quot;}\">\n\t\t\t\t\t\t<div class=\"elementor-container elementor-column-gap-default\">\n\t\t\t\t\t\t\t<div class=\"elementor-row\">\n\t\t\t\t\t<div class=\"elementor-column elementor-col-50 elementor-top-column elementor-element elementor-element-365ce36\" data-id=\"365ce36\" data-element_type=\"column\">\n\t\t\t<div class=\"elementor-column-wrap elementor-element-populated\">\n\t\t\t\t\t\t\t<div class=\"elementor-widget-wrap\">\n\t\t\t\t\t\t<div class=\"elementor-element elementor-element-c6b1e3b elementor-widget elementor-widget-image\" data-id=\"c6b1e3b\" data-element_type=\"widget\" data-widget_type=\"image.default\">\n\t\t\t\t<div class=\"elementor-widget-container\">\n\t\t\t        <div class=\"elementor-image\">\n                                                <img width=\"530\" height=\"298\" src=\"https:\/\/lifebyair.com\/es\/wp-content\/uploads\/2021\/10\/Aspiradora-de-Tanque_1-min.png\" class=\"attachment-large size-large\" alt=\"\" srcset=\"https:\/\/lifebyair.com\/es\/wp-content\/uploads\/2021\/10\/Aspiradora-de-Tanque_1-min.png 530w, https:\/\/lifebyair.com\/es\/wp-content\/uploads\/2021\/10\/Aspiradora-de-Tanque_1-min-300x169.png 300w, https:\/\/lifebyair.com\/es\/wp-content\/uploads\/2021\/10\/Aspiradora-de-Tanque_1-min-400x225.png 400w\" sizes=\"(max-width: 530px) 100vw, 530px\" \/>                                                            <\/div>\n        \t\t<\/div>\n\t\t\t\t<\/div>\n\t\t\t\t\t\t<\/div>\n\t\t\t\t\t<\/div>\n\t\t<\/div>\n\t\t\t\t<div class=\"elementor-column elementor-col-50 elementor-top-column elementor-element elementor-element-59a7d96\" data-id=\"59a7d96\" data-element_type=\"column\">\n\t\t\t<div class=\"elementor-column-wrap elementor-element-populated\">\n\t\t\t\t\t\t\t<div class=\"elementor-widget-wrap\">\n\t\t\t\t\t\t<div class=\"elementor-element elementor-element-6a2c46a elementor-widget elementor-widget-heading\" data-id=\"6a2c46a\" data-element_type=\"widget\" data-widget_type=\"heading.default\">\n\t\t\t\t<div class=\"elementor-widget-container\">\n\t\t\t<h2 class=\"elementor-heading-title elementor-size-default\">Aspiradora de Tanque<br>Profesional Matala\u00ae<\/h2>\t\t<\/div>\n\t\t\t\t<\/div>\n\t\t\t\t<div class=\"elementor-element elementor-element-e6c2ea9 elementor-widget elementor-widget-text-editor\" data-id=\"e6c2ea9\" data-element_type=\"widget\" data-widget_type=\"text-editor.default\">\n\t\t\t\t<div class=\"elementor-widget-container\">\n\t\t\t\t\t<div class=\"elementor-text-editor elementor-clearfix\">La <strong>aspiradora de estanque<\/strong> marca <strong>Matala\u00ae<\/strong> est\u00e1 dise\u00f1ada para uso profesional gracias a su tecnolog\u00eda <strong>&#8220;Power-Cyclone&#8221;<\/strong> con dos motores con caudal equilibrado, por lo que el trabajo de vac\u00edo es continuo y sin interrupciones.<\/div>\n\t\t\t\t<\/div>\n\t\t\t\t<\/div>\n\t\t\t\t<div class=\"elementor-element elementor-element-b1b70b0 elementor-button-info elementor-align-center elementor-widget elementor-widget-button\" data-id=\"b1b70b0\" data-element_type=\"widget\" data-widget_type=\"button.default\">\n\t\t\t\t<div class=\"elementor-widget-container\">\n\t\t\t\t\t<div class=\"elementor-button-wrapper\">\n\t\t\t<a href=\"http:\/\/lifebyair.com\/es\/producto\/aspiradora-pcvac-aspiradora-de-estanque-profesional\/\" class=\"elementor-button-link elementor-button elementor-size-sm elementor-animation-grow\" role=\"button\">\n\t\t\t\t\t\t<span class=\"elementor-button-content-wrapper\">\n\t\t\t\t\t\t<span class=\"elementor-button-text\">Ver M\u00e1s...<\/span>\n\t\t<\/span>\n\t\t\t\t\t<\/a>\n\t\t<\/div>\n\t\t\t\t<\/div>\n\t\t\t\t<\/div>\n\t\t\t\t\t\t<\/div>\n\t\t\t\t\t<\/div>\n\t\t<\/div>\n\t\t\t\t\t\t\t\t<\/div>\n\t\t\t\t\t<\/div>\n\t\t<\/section>\n\t\t\t\t<section class=\"elementor-section elementor-top-section elementor-element elementor-element-c4be2e6 elementor-section-stretched elementor-hidden-desktop elementor-section-boxed elementor-section-height-default elementor-section-height-default\" data-id=\"c4be2e6\" data-element_type=\"section\" data-settings=\"{&quot;stretch_section&quot;:&quot;section-stretched&quot;,&quot;background_background&quot;:&quot;classic&quot;}\">\n\t\t\t\t\t\t<div class=\"elementor-container elementor-column-gap-default\">\n\t\t\t\t\t\t\t<div class=\"elementor-row\">\n\t\t\t\t\t<div class=\"elementor-column elementor-col-50 elementor-top-column elementor-element elementor-element-b953663 animated-slow elementor-invisible\" data-id=\"b953663\" data-element_type=\"column\" data-settings=\"{&quot;animation&quot;:&quot;fadeIn&quot;,&quot;animation_mobile&quot;:&quot;none&quot;}\">\n\t\t\t<div class=\"elementor-column-wrap elementor-element-populated\">\n\t\t\t\t\t\t\t<div class=\"elementor-widget-wrap\">\n\t\t\t\t\t\t<div class=\"elementor-element elementor-element-0e70a08 elementor-widget elementor-widget-heading\" data-id=\"0e70a08\" data-element_type=\"widget\" data-widget_type=\"heading.default\">\n\t\t\t\t<div class=\"elementor-widget-container\">\n\t\t\t<h2 class=\"elementor-heading-title elementor-size-default\">Aspiradora de Tanque<br>Profesional Matala<\/h2>\t\t<\/div>\n\t\t\t\t<\/div>\n\t\t\t\t<div class=\"elementor-element elementor-element-7a8f499 elementor-widget elementor-widget-text-editor\" data-id=\"7a8f499\" data-element_type=\"widget\" data-widget_type=\"text-editor.default\">\n\t\t\t\t<div class=\"elementor-widget-container\">\n\t\t\t\t\t<div class=\"elementor-text-editor elementor-clearfix\">La <strong>aspiradora de estanque<\/strong> marca <strong>Matala\u00ae<\/strong> est\u00e1 dise\u00f1ada para uso profesional gracias a su tecnolog\u00eda <strong>&#8220;Power-Cyclone&#8221;<\/strong> con dos motores con caudal equilibrado, por lo que el trabajo de vac\u00edo es continuo y sin interrupciones.<\/div>\n\t\t\t\t<\/div>\n\t\t\t\t<\/div>\n\t\t\t\t<div class=\"elementor-element elementor-element-fa38231 elementor-button-info elementor-align-center elementor-widget elementor-widget-button\" data-id=\"fa38231\" data-element_type=\"widget\" data-widget_type=\"button.default\">\n\t\t\t\t<div class=\"elementor-widget-container\">\n\t\t\t\t\t<div class=\"elementor-button-wrapper\">\n\t\t\t<a href=\"http:\/\/lifebyair.com\/es\/producto\/aspiradora-pcvac-aspiradora-de-estanque-profesional\/\" class=\"elementor-button-link elementor-button elementor-size-sm elementor-animation-grow\" role=\"button\">\n\t\t\t\t\t\t<span class=\"elementor-button-content-wrapper\">\n\t\t\t\t\t\t<span class=\"elementor-button-text\">Ver M\u00e1s...<\/span>\n\t\t<\/span>\n\t\t\t\t\t<\/a>\n\t\t<\/div>\n\t\t\t\t<\/div>\n\t\t\t\t<\/div>\n\t\t\t\t\t\t<\/div>\n\t\t\t\t\t<\/div>\n\t\t<\/div>\n\t\t\t\t<div class=\"elementor-column elementor-col-50 elementor-top-column elementor-element elementor-element-d2a6b2a animated-slow elementor-invisible\" data-id=\"d2a6b2a\" data-element_type=\"column\" data-settings=\"{&quot;animation&quot;:&quot;slideInRight&quot;,&quot;animation_mobile&quot;:&quot;fadeIn&quot;}\">\n\t\t\t<div class=\"elementor-column-wrap elementor-element-populated\">\n\t\t\t\t\t\t\t<div class=\"elementor-widget-wrap\">\n\t\t\t\t\t\t<div class=\"elementor-element elementor-element-bd9e8b2 elementor-widget elementor-widget-image\" data-id=\"bd9e8b2\" data-element_type=\"widget\" data-widget_type=\"image.default\">\n\t\t\t\t<div class=\"elementor-widget-container\">\n\t\t\t        <div class=\"elementor-image\">\n                                                <img width=\"312\" height=\"175\" src=\"https:\/\/lifebyair.com\/es\/wp-content\/uploads\/2021\/10\/Aspiradora-de-Tanque_1_sae-min.png\" class=\"attachment-large size-large\" alt=\"\" srcset=\"https:\/\/lifebyair.com\/es\/wp-content\/uploads\/2021\/10\/Aspiradora-de-Tanque_1_sae-min.png 312w, https:\/\/lifebyair.com\/es\/wp-content\/uploads\/2021\/10\/Aspiradora-de-Tanque_1_sae-min-300x168.png 300w\" sizes=\"(max-width: 312px) 100vw, 312px\" \/>                                                            <\/div>\n        \t\t<\/div>\n\t\t\t\t<\/div>\n\t\t\t\t\t\t<\/div>\n\t\t\t\t\t<\/div>\n\t\t<\/div>\n\t\t\t\t\t\t\t\t<\/div>\n\t\t\t\t\t<\/div>\n\t\t<\/section>\n\t\t\t\t<section class=\"elementor-section elementor-top-section elementor-element elementor-element-4a59c85 elementor-section-stretched elementor-hidden-tablet elementor-hidden-phone elementor-section-boxed elementor-section-height-default elementor-section-height-default\" data-id=\"4a59c85\" data-element_type=\"section\" data-settings=\"{&quot;stretch_section&quot;:&quot;section-stretched&quot;,&quot;background_background&quot;:&quot;classic&quot;}\">\n\t\t\t\t\t\t<div class=\"elementor-container elementor-column-gap-default\">\n\t\t\t\t\t\t\t<div class=\"elementor-row\">\n\t\t\t\t\t<div class=\"elementor-column elementor-col-50 elementor-top-column elementor-element elementor-element-c96a663\" data-id=\"c96a663\" data-element_type=\"column\">\n\t\t\t<div class=\"elementor-column-wrap elementor-element-populated\">\n\t\t\t\t\t\t\t<div class=\"elementor-widget-wrap\">\n\t\t\t\t\t\t<div class=\"elementor-element elementor-element-6f9b14a elementor-widget elementor-widget-heading\" data-id=\"6f9b14a\" data-element_type=\"widget\" data-widget_type=\"heading.default\">\n\t\t\t\t<div class=\"elementor-widget-container\">\n\t\t\t<h2 class=\"elementor-heading-title elementor-size-default\">Series | Aspiradoras de<br>Tanques Matala\u00ae<\/h2>\t\t<\/div>\n\t\t\t\t<\/div>\n\t\t\t\t<div class=\"elementor-element elementor-element-a0c30e0 elementor-widget elementor-widget-text-editor\" data-id=\"a0c30e0\" data-element_type=\"widget\" data-widget_type=\"text-editor.default\">\n\t\t\t\t<div class=\"elementor-widget-container\">\n\t\t\t\t\t<div class=\"elementor-text-editor elementor-clearfix\">Potentes <strong>aspiradoras de estanque<\/strong> de alta calidad marca <strong>Matala\u00ae<\/strong> que eliminan algas, lodos, plantas muertas, hojas e incluso peque\u00f1as piedras y llegan a alturas de succi\u00f3n de hasta 1.5m (5&#8242;) sobre el agua. Cuentan con un eficiente y potente motor el\u00e9ctrico de 2HP.<\/div>\n\t\t\t\t<\/div>\n\t\t\t\t<\/div>\n\t\t\t\t<div class=\"elementor-element elementor-element-616d515 elementor-button-info elementor-align-center elementor-widget elementor-widget-button\" data-id=\"616d515\" data-element_type=\"widget\" data-widget_type=\"button.default\">\n\t\t\t\t<div class=\"elementor-widget-container\">\n\t\t\t\t\t<div class=\"elementor-button-wrapper\">\n\t\t\t<a href=\"http:\/\/lifebyair.com\/es\/categoria-productos\/aspiradora-de-tanques\/\" class=\"elementor-button-link elementor-button elementor-size-sm elementor-animation-grow\" role=\"button\">\n\t\t\t\t\t\t<span class=\"elementor-button-content-wrapper\">\n\t\t\t\t\t\t<span class=\"elementor-button-text\">Ver M\u00e1s...<\/span>\n\t\t<\/span>\n\t\t\t\t\t<\/a>\n\t\t<\/div>\n\t\t\t\t<\/div>\n\t\t\t\t<\/div>\n\t\t\t\t\t\t<\/div>\n\t\t\t\t\t<\/div>\n\t\t<\/div>\n\t\t\t\t<div class=\"elementor-column elementor-col-50 elementor-top-column elementor-element elementor-element-acbddff\" data-id=\"acbddff\" data-element_type=\"column\">\n\t\t\t<div class=\"elementor-column-wrap elementor-element-populated\">\n\t\t\t\t\t\t\t<div class=\"elementor-widget-wrap\">\n\t\t\t\t\t\t<div class=\"elementor-element elementor-element-64de8bf elementor-widget elementor-widget-image\" data-id=\"64de8bf\" data-element_type=\"widget\" data-widget_type=\"image.default\">\n\t\t\t\t<div class=\"elementor-widget-container\">\n\t\t\t        <div class=\"elementor-image\">\n                                                <img width=\"530\" height=\"298\" src=\"https:\/\/lifebyair.com\/es\/wp-content\/uploads\/2021\/10\/Aspiradoras-de_2-min.png\" class=\"attachment-large size-large\" alt=\"\" srcset=\"https:\/\/lifebyair.com\/es\/wp-content\/uploads\/2021\/10\/Aspiradoras-de_2-min.png 530w, https:\/\/lifebyair.com\/es\/wp-content\/uploads\/2021\/10\/Aspiradoras-de_2-min-300x169.png 300w, https:\/\/lifebyair.com\/es\/wp-content\/uploads\/2021\/10\/Aspiradoras-de_2-min-400x225.png 400w\" sizes=\"(max-width: 530px) 100vw, 530px\" \/>                                                            <\/div>\n        \t\t<\/div>\n\t\t\t\t<\/div>\n\t\t\t\t\t\t<\/div>\n\t\t\t\t\t<\/div>\n\t\t<\/div>\n\t\t\t\t\t\t\t\t<\/div>\n\t\t\t\t\t<\/div>\n\t\t<\/section>\n\t\t\t\t<section class=\"elementor-section elementor-top-section elementor-element elementor-element-5e7b0aa elementor-section-stretched elementor-hidden-desktop elementor-section-boxed elementor-section-height-default elementor-section-height-default\" data-id=\"5e7b0aa\" data-element_type=\"section\" data-settings=\"{&quot;stretch_section&quot;:&quot;section-stretched&quot;,&quot;background_background&quot;:&quot;classic&quot;}\">\n\t\t\t\t\t\t<div class=\"elementor-container elementor-column-gap-default\">\n\t\t\t\t\t\t\t<div class=\"elementor-row\">\n\t\t\t\t\t<div class=\"elementor-column elementor-col-50 elementor-top-column elementor-element elementor-element-5747eb3 animated-slow elementor-invisible\" data-id=\"5747eb3\" data-element_type=\"column\" data-settings=\"{&quot;animation&quot;:&quot;fadeIn&quot;,&quot;animation_mobile&quot;:&quot;none&quot;}\">\n\t\t\t<div class=\"elementor-column-wrap elementor-element-populated\">\n\t\t\t\t\t\t\t<div class=\"elementor-widget-wrap\">\n\t\t\t\t\t\t<div class=\"elementor-element elementor-element-772fbaf elementor-widget elementor-widget-heading\" data-id=\"772fbaf\" data-element_type=\"widget\" data-widget_type=\"heading.default\">\n\t\t\t\t<div class=\"elementor-widget-container\">\n\t\t\t<h2 class=\"elementor-heading-title elementor-size-default\">Series | Aspiradoras de<br>Tanques Matala\u00ae<\/h2>\t\t<\/div>\n\t\t\t\t<\/div>\n\t\t\t\t<div class=\"elementor-element elementor-element-54474ce elementor-widget elementor-widget-text-editor\" data-id=\"54474ce\" data-element_type=\"widget\" data-widget_type=\"text-editor.default\">\n\t\t\t\t<div class=\"elementor-widget-container\">\n\t\t\t\t\t<div class=\"elementor-text-editor elementor-clearfix\">Potentes <strong>aspiradoras de estanque<\/strong> de alta calidad marca <strong>Matala\u00ae<\/strong> que eliminan algas, lodos, plantas muertas, hojas e incluso peque\u00f1as piedras y llegan a alturas de succi\u00f3n de hasta 1.5m (5&#8242;) sobre el agua. Cuentan con un eficiente y potente motor el\u00e9ctrico de 2HP.<\/div>\n\t\t\t\t<\/div>\n\t\t\t\t<\/div>\n\t\t\t\t<div class=\"elementor-element elementor-element-e6c1f18 elementor-button-info elementor-align-center elementor-widget elementor-widget-button\" data-id=\"e6c1f18\" data-element_type=\"widget\" data-widget_type=\"button.default\">\n\t\t\t\t<div class=\"elementor-widget-container\">\n\t\t\t\t\t<div class=\"elementor-button-wrapper\">\n\t\t\t<a href=\"http:\/\/lifebyair.com\/es\/categoria-productos\/aspiradora-de-tanques\/\" class=\"elementor-button-link elementor-button elementor-size-sm elementor-animation-grow\" role=\"button\">\n\t\t\t\t\t\t<span class=\"elementor-button-content-wrapper\">\n\t\t\t\t\t\t<span class=\"elementor-button-text\">Ver M\u00e1s...<\/span>\n\t\t<\/span>\n\t\t\t\t\t<\/a>\n\t\t<\/div>\n\t\t\t\t<\/div>\n\t\t\t\t<\/div>\n\t\t\t\t\t\t<\/div>\n\t\t\t\t\t<\/div>\n\t\t<\/div>\n\t\t\t\t<div class=\"elementor-column elementor-col-50 elementor-top-column elementor-element elementor-element-0031c76 animated-slow elementor-invisible\" data-id=\"0031c76\" data-element_type=\"column\" data-settings=\"{&quot;animation&quot;:&quot;slideInRight&quot;,&quot;animation_mobile&quot;:&quot;fadeIn&quot;}\">\n\t\t\t<div class=\"elementor-column-wrap elementor-element-populated\">\n\t\t\t\t\t\t\t<div class=\"elementor-widget-wrap\">\n\t\t\t\t\t\t<div class=\"elementor-element elementor-element-3881adb elementor-widget elementor-widget-image\" data-id=\"3881adb\" data-element_type=\"widget\" data-widget_type=\"image.default\">\n\t\t\t\t<div class=\"elementor-widget-container\">\n\t\t\t        <div class=\"elementor-image\">\n                                                <img width=\"312\" height=\"175\" src=\"https:\/\/lifebyair.com\/es\/wp-content\/uploads\/2021\/10\/Aspiradoras-de_2_sae-min.png\" class=\"attachment-large size-large\" alt=\"\" srcset=\"https:\/\/lifebyair.com\/es\/wp-content\/uploads\/2021\/10\/Aspiradoras-de_2_sae-min.png 312w, https:\/\/lifebyair.com\/es\/wp-content\/uploads\/2021\/10\/Aspiradoras-de_2_sae-min-300x168.png 300w\" sizes=\"(max-width: 312px) 100vw, 312px\" \/>                                                            <\/div>\n        \t\t<\/div>\n\t\t\t\t<\/div>\n\t\t\t\t\t\t<\/div>\n\t\t\t\t\t<\/div>\n\t\t<\/div>\n\t\t\t\t\t\t\t\t<\/div>\n\t\t\t\t\t<\/div>\n\t\t<\/section>\n\t\t\t\t\t\t<\/div>\n\t\t\t\t\t\t<\/div>\n\t\t\t\t\t<\/div>\n\t\t","protected":false},"excerpt":{"rendered":"<p>Aspiradora de TanqueProfesional Matala\u00ae La aspiradora de estanque marca Matala\u00ae est\u00e1 dise\u00f1ada para uso profesional gracias a su tecnolog\u00eda &#8220;Power-Cyclone&#8221; con dos motores con caudal equilibrado, por lo que el trabajo de vac\u00edo es continuo y sin interrupciones. Ver M\u00e1s&#8230; Aspiradora de TanqueProfesional Matala La aspiradora de estanque marca Matala\u00ae est\u00e1 dise\u00f1ada para uso profesional &hellip; <\/p>\n<p class=\"link-more\"><a href=\"https:\/\/lifebyair.com\/es\/aspiradora-de-tanques\/\" class=\"more-link\">Read More <span class=\"screen-reader-text\"> &#8220;Aspiradora de Tanques&#8221;<\/span><\/a><\/p>\n","protected":false},"author":1,"featured_media":0,"parent":0,"menu_order":0,"comment_status":"closed","ping_status":"closed","template":"","meta":{"_seopress_robots_primary_cat":""},"_links":{"self":[{"href":"https:\/\/lifebyair.com\/es\/wp-json\/wp\/v2\/pages\/5804"}],"collection":[{"href":"https:\/\/lifebyair.com\/es\/wp-json\/wp\/v2\/pages"}],"about":[{"href":"https:\/\/lifebyair.com\/es\/wp-json\/wp\/v2\/types\/page"}],"author":[{"embeddable":true,"href":"https:\/\/lifebyair.com\/es\/wp-json\/wp\/v2\/users\/1"}],"replies":[{"embeddable":true,"href":"https:\/\/lifebyair.com\/es\/wp-json\/wp\/v2\/comments?post=5804"}],"version-history":[{"count":40,"href":"https:\/\/lifebyair.com\/es\/wp-json\/wp\/v2\/pages\/5804\/revisions"}],"predecessor-version":[{"id":11472,"href":"https:\/\/lifebyair.com\/es\/wp-json\/wp\/v2\/pages\/5804\/revisions\/11472"}],"wp:attachment":[{"href":"https:\/\/lifebyair.com\/es\/wp-json\/wp\/v2\/media?parent=5804"}],"curies":[{"name":"wp","href":"https:\/\/api.w.org\/{rel}","templated":true}]}}