                                                                                                                                                                                                                                                                                                                                                                                                                                                                                                                                                                                                                                                                                                                                                                                                                                                                                                                                                                                                                                                                                                                                                                                                                                                                                                                                                                                                                                                                                                                                                                                                                                                                                                                                                                                                                                                                                                                                                                                                                                                                                                                                                                                                                                                               {"id":10404,"date":"2020-11-30T16:40:41","date_gmt":"2020-11-30T16:40:41","guid":{"rendered":"https:\/\/ingenieriasae.com\/acuicultura\/?post_type=product&#038;p=10404"},"modified":"2021-09-08T20:58:59","modified_gmt":"2021-09-08T20:58:59","slug":"soplador-con-motor-easy-pack-4%e2%80%b3","status":"publish","type":"product","link":"https:\/\/lifebyair.com\/es\/producto\/soplador-con-motor-easy-pack-4%e2%80%b3\/","title":{"rendered":"Soplador con Motor | Easy Pack\u2122 | 4\u2033"},"content":{"rendered":"<p><strong>Soplador con Motor | Easy Pack\u2122 | 4\u2033<\/strong><\/p>\n<p>Aplicaciones en Presi\u00f3n y Vac\u00edo<br \/>\nEnsamblado con Sopladores Lobulares<\/p>\n<p><strong>L\u00f3bulo triple helicoidal<\/strong><br \/>\n<em><strong>La importancia de reducir las pulsaciones. Menos pulsaciones = Menos ruido = Funcionamiento m\u00e1s silencioso.<\/strong><\/em><\/p>\n<p>La Serie industrial HeliFlow combina experiencia comprobada de dise\u00f1o y t\u00e9cnicas de fabricaci\u00f3n de sopladores para crear una soluci\u00f3n innovadora con bajo nivel de ruido en aplicaciones de bombas de vac\u00edo y sopladores de desplazamiento positivo.<\/p>\n<p><strong>Funcionamiento silencioso<\/strong><\/p>\n<ul>\n<li>Integra una plataforma comprobada con un dise\u00f1o de rotor exclusivo e innovador<\/li>\n<li>Rotores de triple l\u00f3bulo helicoidal s\u00f3lido<\/li>\n<li>Dise\u00f1o con bajos niveles de ruido y de pulsaciones<\/li>\n<\/ul>\n<p><strong>Mayor fiabilidad<\/strong><\/p>\n<ul>\n<li>El funcionamiento uniforme sin pulsaciones de HeliFlow aumenta la vida de los cojinetes y los instrumentos aguas abajo<\/li>\n<li>Los ejes de mayor di\u00e1metro ofrecen una carga de torsi\u00f3n superior<\/li>\n<li>La lubricaci\u00f3n por doble salpicadura proporciona una vida m\u00e1s prolongada e intervalos de servicio reducidos<\/li>\n<\/ul>\n<p><strong>Descripci\u00f3n<\/strong><\/p>\n<ul>\n<li>Rotores de triple l\u00f3bulo helicoidal s\u00f3lido<\/li>\n<li>Puertos triangulares exclusivos<\/li>\n<li>Ejes de gran di\u00e1metro<\/li>\n<li>Cojinetes de rodillo esf\u00e9rico de gran tama\u00f1o<\/li>\n<li>Engranajes sincronizados de aleaci\u00f3n helicoidales<\/li>\n<li>Avanzados sellos de anillo de aceite y aire para pist\u00f3n<\/li>\n<li>Lubricaci\u00f3n por doble salpicadura<\/li>\n<li>Cilindro de una pieza<\/li>\n<li>Disponible con sellos mec\u00e1nicos para aplicaciones de gas<\/li>\n<li>Fabricados conforme a estrictas normas de calidad ISO 9001 y evaluados para satisfacer requisitos exigentes de rendimiento<\/li>\n<li>Adem\u00e1s, cuentan con el respaldo local de una red de profesionales de ventas y servicios fiables y experimentados<\/li>\n<li>Garant\u00eda de 24 o 30 meses<\/li>\n<\/ul>\n","protected":false},"excerpt":{"rendered":"<p><b>Especificaciones<\/b><strong>\u00a0T\u00e9cnicas<\/strong><\/p>\n<ul>\n<li>Rango de Flujo: 535 CFM \u2013 673 CFM<\/li>\n<li>Presi\u00f3n Hasta: 36 PSI<\/li>\n<li>Vac\u00edo Hasta: 27 inHg<\/li>\n<li>Puerto de Descarga: 4\u2033 ( 10 cm )<\/li>\n<\/ul>\n<p><a href=\"https:\/\/lifebyair.com\/es\/contactenos\/\"><strong>\u00a0LLAME PARA DISPONIBILIDAD<\/strong><\/a><\/p>\n","protected":false},"featured_media":10400,"template":"","meta":{"_seopress_robots_primary_cat":"none"},"_links":{"self":[{"href":"https:\/\/lifebyair.com\/es\/wp-json\/wp\/v2\/product\/10404"}],"collection":[{"href":"https:\/\/lifebyair.com\/es\/wp-json\/wp\/v2\/product"}],"about":[{"href":"https:\/\/lifebyair.com\/es\/wp-json\/wp\/v2\/types\/product"}],"version-history":[{"count":3,"href":"https:\/\/lifebyair.com\/es\/wp-json\/wp\/v2\/product\/10404\/revisions"}],"predecessor-version":[{"id":11262,"href":"https:\/\/lifebyair.com\/es\/wp-json\/wp\/v2\/product\/10404\/revisions\/11262"}],"wp:featuredmedia":[{"embeddable":true,"href":"https:\/\/lifebyair.com\/es\/wp-json\/wp\/v2\/media\/10400"}],"wp:attachment":[{"href":"https:\/\/lifebyair.com\/es\/wp-json\/wp\/v2\/media?parent=10404"}],"curies":[{"name":"wp","href":"https:\/\/api.w.org\/{rel}","templated":true}]}}