                                                                                                                                                                                                                                                                                                                                                                                                                                                                                                                                                                                                                                                                                                                                                                                                                                                                                                                                                                                                                                                                                                                                                                                                                                                                                                                                                                                                                                                                                                                                                                                                                                                                                                                                                                                                                                                                                                                                                                                                                                                                                                                                                                                                                                                               {"id":10859,"date":"2021-02-17T13:56:29","date_gmt":"2021-02-17T13:56:29","guid":{"rendered":"https:\/\/lifebyair.com\/es\/?post_type=product&#038;p=10859"},"modified":"2025-08-29T15:50:42","modified_gmt":"2025-08-29T15:50:42","slug":"difusor-aft-n3500e-difusor-de-tubo-de-burbuja-fina-membrana-epdm-20-3%c2%bd4-npt","status":"publish","type":"product","link":"https:\/\/lifebyair.com\/es\/producto\/difusor-aft-n3500e-difusor-de-tubo-de-burbuja-fina-membrana-epdm-20-3%c2%bd4-npt\/","title":{"rendered":"Difusor AFT-N3500E | Difusor de tubo de burbuja fina | Membrana EPDM 20&#8243;, 3\u00bd4 NPT"},"content":{"rendered":"<p><strong>Difusor AFT-N3500-E | Difusor de tubo de burbuja fina | Membrana EPDM 20&#8243;, 3\u00bd4 NPT<\/strong><\/p>\n<p style=\"text-align: justify;\">Son sin\u00f3nimo de excelencia en ingenier\u00eda, componentes de alta calidad y un dise\u00f1o de avanzada, caracteriz\u00e1ndose por ser altamente duraderos y eficientes en miles de proyectos de tipo municipal e industrial en los que han sido usados alrededor del mundo.<\/p>\n<p><strong>Sus caracter\u00edsticas principales son:<\/strong><\/p>\n<ul>\n<li>Tama\u00f1o y forma est\u00e1ndar de la industria.<\/li>\n<li>Intercambiable con otros sistemas.<\/li>\n<li>Opciones de conector: conexi\u00f3n de tuber\u00eda de niple est\u00e1ndar o montaje de silleta SSI que facilita la instalaci\u00f3n.<\/li>\n<li>Excelente resistencia a las incrustaciones gracias a las capas superficiales recubiertas de PTFE, EPDM, EPDM antiest\u00e1tico.<\/li>\n<li>Membranas moldeadas por compresi\u00f3n. Cada membrana es verificada para una profundidad de perforaci\u00f3n uniforme para asegurar liberaci\u00f3n de aire uniforme.<\/li>\n<li>Bajo contenido de plastificante de membrana para reducir la contracci\u00f3n y endurecimiento.<\/li>\n<li>Membranas de burbujas ultra-finas reforzadas y revestidas para excelente resistencia qu\u00edmica y resistencia al atascamiento.<\/li>\n<li>Resistencia a la temperatura 100\u00b0C y cuerpo de ABS.<\/li>\n<\/ul>\n","protected":false},"excerpt":{"rendered":"<p><img class=\"alignnone size-full wp-image-4728\" src=\"https:\/\/lifebyair.com\/wp-content\/uploads\/2020\/01\/SSI_LOGO.jpg\" alt=\"\" width=\"72\" height=\"36\" \/><\/p>\n<p><strong>Caracter\u00edsticas:<\/strong><\/p>\n<ul>\n<li><span class=\"a-list-item\">AFT-N3500E &#8211; Difusor de tubo de burbujas finas, tama\u00f1o 20.0\u00a0in x 3.8\u00a0in, conexi\u00f3n 3\u00bd4 NPT<\/span><\/li>\n<li><span class=\"a-list-item\">Aplicaciones de aireaci\u00f3n en estanques, acuarios, tratamiento de aguas residuales, lagos, deformaci\u00f3n de muelles<\/span><\/li>\n<li><span class=\"a-list-item\">Perfecto para la acuicultura, incluyendo peces, moluscos, crust\u00e1ceos y plantas acu\u00e1ticas.<\/span><\/li>\n<li><span class=\"a-list-item\">Descongelaci\u00f3n de la base \u2013 la aireaci\u00f3n evita que el agua se congele.<\/span><\/li>\n<li><span class=\"a-list-item\">Controlar las zonas de cr\u00eda de mosquitos en estanques y lagos circulando y agitando las aguas superficiales.<\/span><\/li>\n<\/ul>\n","protected":false},"featured_media":11640,"template":"","meta":{"_seopress_robots_primary_cat":"none"},"_links":{"self":[{"href":"https:\/\/lifebyair.com\/es\/wp-json\/wp\/v2\/product\/10859"}],"collection":[{"href":"https:\/\/lifebyair.com\/es\/wp-json\/wp\/v2\/product"}],"about":[{"href":"https:\/\/lifebyair.com\/es\/wp-json\/wp\/v2\/types\/product"}],"version-history":[{"count":3,"href":"https:\/\/lifebyair.com\/es\/wp-json\/wp\/v2\/product\/10859\/revisions"}],"predecessor-version":[{"id":11641,"href":"https:\/\/lifebyair.com\/es\/wp-json\/wp\/v2\/product\/10859\/revisions\/11641"}],"wp:featuredmedia":[{"embeddable":true,"href":"https:\/\/lifebyair.com\/es\/wp-json\/wp\/v2\/media\/11640"}],"wp:attachment":[{"href":"https:\/\/lifebyair.com\/es\/wp-json\/wp\/v2\/media?parent=10859"}],"curies":[{"name":"wp","href":"https:\/\/api.w.org\/{rel}","templated":true}]}}