                                                                                                                                                                                                                                                                                                                                                                                                                                                                                                                                                                                                                                                                                                                                                                                                                                                                                                                                                                                                                                                                                                                                                                                                                                                                                                                                                                                                                                                                                                                                                                                                                                                                                                                                                                                                                                                                                                                                                                                                                                                                                                                                                                                                                                                               {"id":10861,"date":"2021-02-17T14:30:47","date_gmt":"2021-02-17T14:30:47","guid":{"rendered":"https:\/\/lifebyair.com\/es\/?post_type=product&#038;p=10861"},"modified":"2025-08-29T17:21:58","modified_gmt":"2025-08-29T17:21:58","slug":"difusor-afc75-p-difusor-de-burbuja-gruesa-ptfe","status":"publish","type":"product","link":"https:\/\/lifebyair.com\/es\/producto\/difusor-afc75-p-difusor-de-burbuja-gruesa-ptfe\/","title":{"rendered":"Difusor AFC75-P | Difusor de Burbuja Gruesa | PTFE"},"content":{"rendered":"<p><strong>Difusor AFC75-P | Difusor de Burbuja Gruesa | PTFE<\/strong><\/p>\n<p style=\"text-align: justify;\">DIFUSORES DE TAPA AFC Se utilizan en acuarios, peceras, tratamiento de agua, estanques de peces y muchos m\u00e1s. Opci\u00f3n duradera para digestores aer\u00f3bicos y tanques de ecualizaci\u00f3n Los difusores de tapa AFC de SSI Aireaci\u00f3n<\/p>\n<p style=\"text-align: justify;\">Son ideales donde no se requiere una alta eficiencia de transferencia de ox\u00edgeno Fabricados con pl\u00e1stico acr\u00edlico negro que contiene Protecci\u00f3n UV y membranas fabricadas con el mismo compuesto de PTFE utilizado en los difusores de burbuja fina SSI.<\/p>\n<ul>\n<li>Los difusores de casquillo AFC de SSI Aireaci\u00f3n son ideales donde no se requiere una alta eficiencia de transferencia de ox\u00edgeno.<\/li>\n<li>Fabricado en pl\u00e1stico acr\u00edlico negro que contiene protecci\u00f3n UV y membranas hechas del mismo compuesto de PTFE que se usa en los difusores de burbuja fina SSI.<\/li>\n<\/ul>\n","protected":false},"excerpt":{"rendered":"<p><img class=\"alignnone size-full wp-image-4728\" src=\"https:\/\/lifebyair.com\/wp-content\/uploads\/2020\/01\/SSI_LOGO.jpg\" alt=\"\" width=\"72\" height=\"36\" \/><\/p>\n<p><strong>Caracter\u00edsticas:<\/strong><\/p>\n<ul>\n<li>Los difusores SSI AFC Cap tienen una rosca MNPT de \u00be \u201d.<\/li>\n<li>Flujo de dise\u00f1o: 3-6 SCFM (7-10 Nm3 \/ h)<\/li>\n<li>Rango de flujo: 0-10 SCFM (0-17 Nm3 \/ hr)<\/li>\n<li>Cantidad de hendiduras: 10 x 5 mm \u00d8 agujeros<\/li>\n<\/ul>\n","protected":false},"featured_media":11709,"template":"","meta":{"_seopress_robots_primary_cat":"none"},"_links":{"self":[{"href":"https:\/\/lifebyair.com\/es\/wp-json\/wp\/v2\/product\/10861"}],"collection":[{"href":"https:\/\/lifebyair.com\/es\/wp-json\/wp\/v2\/product"}],"about":[{"href":"https:\/\/lifebyair.com\/es\/wp-json\/wp\/v2\/types\/product"}],"version-history":[{"count":3,"href":"https:\/\/lifebyair.com\/es\/wp-json\/wp\/v2\/product\/10861\/revisions"}],"predecessor-version":[{"id":11710,"href":"https:\/\/lifebyair.com\/es\/wp-json\/wp\/v2\/product\/10861\/revisions\/11710"}],"wp:featuredmedia":[{"embeddable":true,"href":"https:\/\/lifebyair.com\/es\/wp-json\/wp\/v2\/media\/11709"}],"wp:attachment":[{"href":"https:\/\/lifebyair.com\/es\/wp-json\/wp\/v2\/media?parent=10861"}],"curies":[{"name":"wp","href":"https:\/\/api.w.org\/{rel}","templated":true}]}}