                                                                                                                                                                                                                                                                                                                                                                                                                                                                                                                                                                                                                                                                                                                                                                                                                                                                                                                                                                                                                                                                                                                                                                                                                                                                                                                                                                                                                                                                                                                                                                                                                                                                                                                                                                                                                                                                                                                                                                                                                                                                                                                                                                                                                                                               {"id":10874,"date":"2021-02-17T15:16:54","date_gmt":"2021-02-17T15:16:54","guid":{"rendered":"https:\/\/lifebyair.com\/es\/?post_type=product&#038;p=10874"},"modified":"2025-08-29T17:25:05","modified_gmt":"2025-08-29T17:25:05","slug":"membrana-de-repuesto-afd350-p05e-difusor-de-disco-burbuja-fina","status":"publish","type":"product","link":"https:\/\/lifebyair.com\/es\/producto\/membrana-de-repuesto-afd350-p05e-difusor-de-disco-burbuja-fina\/","title":{"rendered":"Membrana de Repuesto AFD350-P05E | Difusor de Disco Burbuja Fina"},"content":{"rendered":"","protected":false},"excerpt":{"rendered":"<p><img class=\"alignnone size-full wp-image-4728\" src=\"https:\/\/lifebyair.com\/wp-content\/uploads\/2020\/01\/SSI_LOGO.jpg\" alt=\"\" width=\"72\" height=\"36\" \/><\/p>\n<p><b>Caracter\u00edsticas<\/b><strong>:<\/strong><\/p>\n<ul>\n<li>SSI Aeration ofrece membranas de repuesto que ajustan adecuadamente en la mayor\u00eda de los equipos de la competencia<\/li>\n<li>Las membranas de SSI est\u00e1n disponibles en PTFE, fEPDM y EPDM anti-est\u00e1tico para resistir a la obstrucci\u00f3n y a la falla<\/li>\n<li>Disponible en una variedad de longitudes, di\u00e1metros y material<\/li>\n<\/ul>\n","protected":false},"featured_media":11701,"template":"","meta":{"_seopress_robots_primary_cat":"none"},"_links":{"self":[{"href":"https:\/\/lifebyair.com\/es\/wp-json\/wp\/v2\/product\/10874"}],"collection":[{"href":"https:\/\/lifebyair.com\/es\/wp-json\/wp\/v2\/product"}],"about":[{"href":"https:\/\/lifebyair.com\/es\/wp-json\/wp\/v2\/types\/product"}],"version-history":[{"count":1,"href":"https:\/\/lifebyair.com\/es\/wp-json\/wp\/v2\/product\/10874\/revisions"}],"predecessor-version":[{"id":10878,"href":"https:\/\/lifebyair.com\/es\/wp-json\/wp\/v2\/product\/10874\/revisions\/10878"}],"wp:featuredmedia":[{"embeddable":true,"href":"https:\/\/lifebyair.com\/es\/wp-json\/wp\/v2\/media\/11701"}],"wp:attachment":[{"href":"https:\/\/lifebyair.com\/es\/wp-json\/wp\/v2\/media?parent=10874"}],"curies":[{"name":"wp","href":"https:\/\/api.w.org\/{rel}","templated":true}]}}