                                                                                                                                                                                                                                                                                                                                                                                                                                                                                                                                                                                                                                                                                                                                                                                                                                                                                                                                                                                                                                                                                                                                                                                                                                                                                                                                                                                                                                                                                                                                                                                                                                                                                                                                                                                                                                                                                                                                                                                                                                                                                                                                                                                                                                                               {"id":10885,"date":"2021-02-17T20:30:48","date_gmt":"2021-02-17T20:30:48","guid":{"rendered":"https:\/\/lifebyair.com\/es\/?post_type=product&#038;p=10885"},"modified":"2025-08-29T15:46:48","modified_gmt":"2025-08-29T15:46:48","slug":"aft-s21000e-difusor-de-tubo-snappy-saddle-62-mm","status":"publish","type":"product","link":"https:\/\/lifebyair.com\/es\/producto\/aft-s21000e-difusor-de-tubo-snappy-saddle-62-mm\/","title":{"rendered":"AFT-S21000E | Difusor de Tubo Snappy Saddle | 62 mm"},"content":{"rendered":"<p><strong>AFT-S21000E | Difusor de Tubo Snappy Saddle | 62 mm <\/strong><\/p>\n<ul>\n<li>La m\u00e1s alta calidad y tecnolog\u00eda posibles significa a\u00f1os de funcionamiento eficiente sin problemas.<\/li>\n<li>SOTE m\u00e1s alto posible probado de forma independiente seg\u00fan ASCE y menor p\u00e9rdida de carga posible.<\/li>\n<li>Las membranas de EPDM moldeadas por compresi\u00f3n tienen tolerancias de espesor de pared muy ajustadas, un largo historial y exhiben una distribuci\u00f3n uniforme del aire y una contracci\u00f3n m\u00ednima con el tiempo.<\/li>\n<li>El cuerpo de ABS de una sola pieza, ligero pero resistente, facilita el manejo durante la instalaci\u00f3n.<\/li>\n<li>Un solo orificio en la l\u00ednea central superior de la tuber\u00eda significa pocas posibilidades de que un solo difusor no contamine todos los difusores.<\/li>\n<li>Personal experimentado en ingenier\u00eda y dibujo con a\u00f1os de pr\u00e1ctica para ayudarlo.<\/li>\n<li>El registro integral evita que los difusores en voladizo giren axialmente alrededor del tubo colector.<\/li>\n<li>Resistencia a la temperatura de 212\u00ba F (100\u00ba C) y cuerpo de ABS ecol\u00f3gico.<\/li>\n<li>Termopares individuales en cada cavidad del molde de compresi\u00f3n = 100% de control de calidad.<\/li>\n<li>Bajo contenido de plastificante de membrana para reducir la contracci\u00f3n y el endurecimiento, pero suficiente para evitar la fluencia.<\/li>\n<li>Varias v\u00e1lvulas de retenci\u00f3n integrales mantienen limpio su sistema de tuber\u00edas de aireaci\u00f3n.<\/li>\n<\/ul>\n","protected":false},"excerpt":{"rendered":"<p><img class=\"alignnone size-full wp-image-4728\" src=\"https:\/\/lifebyair.com\/wp-content\/uploads\/2020\/01\/SSI_LOGO.jpg\" alt=\"\" width=\"72\" height=\"36\" \/><\/p>\n<p><strong>Caracter\u00edsticas:<\/strong><\/p>\n<ul>\n<li>Caudal\u00edmetro de dise\u00f1o: 1,5 &#8211; 8,5 SCFM (2,6 &#8211; 14,5 Sm3 \/ h)<\/li>\n<li>Rango de flujo por metro: 0 &#8211; 11.0 SCFM (0 &#8211; 18.0 Sm3 \/ hr)<\/li>\n<li>\u00c1rea de superficie activa: 3.25 ft2 \/ set (0.30 m2)<\/li>\n<li>Peso: 7,0 libras \/ juego (3,2 kg)<\/li>\n<\/ul>\n<p><a href=\"https:\/\/lifebyair.com\/es\/contactenos\/\"><strong>\u00a0LLAME PARA DISPONIBILIDAD<\/strong><\/a><\/p>\n","protected":false},"featured_media":11634,"template":"","meta":{"_seopress_robots_primary_cat":"none"},"_links":{"self":[{"href":"https:\/\/lifebyair.com\/es\/wp-json\/wp\/v2\/product\/10885"}],"collection":[{"href":"https:\/\/lifebyair.com\/es\/wp-json\/wp\/v2\/product"}],"about":[{"href":"https:\/\/lifebyair.com\/es\/wp-json\/wp\/v2\/types\/product"}],"version-history":[{"count":3,"href":"https:\/\/lifebyair.com\/es\/wp-json\/wp\/v2\/product\/10885\/revisions"}],"predecessor-version":[{"id":11637,"href":"https:\/\/lifebyair.com\/es\/wp-json\/wp\/v2\/product\/10885\/revisions\/11637"}],"wp:featuredmedia":[{"embeddable":true,"href":"https:\/\/lifebyair.com\/es\/wp-json\/wp\/v2\/media\/11634"}],"wp:attachment":[{"href":"https:\/\/lifebyair.com\/es\/wp-json\/wp\/v2\/media?parent=10885"}],"curies":[{"name":"wp","href":"https:\/\/api.w.org\/{rel}","templated":true}]}}