                                                                                                                                                                                                                                                                                                                                                                                                                                                                                                                                                                                                                                                                                                                                                                                                                                                                                                                                                                                                                                                                                                                                                                                                                                                                                                                                                                                                                                                                                                                                                                                                                                                                                                                                                                                                                                                                                                                                                                                                                                                                                                                                                                                                                                                               {"id":10905,"date":"2021-02-24T21:14:18","date_gmt":"2021-02-24T21:14:18","guid":{"rendered":"https:\/\/lifebyair.com\/es\/?post_type=product&#038;p=10905"},"modified":"2025-05-19T16:19:15","modified_gmt":"2025-05-19T16:19:15","slug":"bs201015-repuesto-de-medio-de-filtrante-en-hoja-verde","status":"publish","type":"product","link":"https:\/\/lifebyair.com\/es\/producto\/bs201015-repuesto-de-medio-de-filtrante-en-hoja-verde\/","title":{"rendered":"BS201015 | Repuesto de Medio de Filtrante en Hoja Verde"},"content":{"rendered":"<p><strong>BS201015 | Repuesto de Medio de Filtrante en Hoja Verde<\/strong><\/p>\n<p>La almohadilla de filtro verde\u00a0<strong>Matala\u00ae<\/strong>\u00a0proporcionar\u00e1 una filtraci\u00f3n de part\u00edculas medianas manteniendo una buena distribuci\u00f3n del flujo favoreciendo la vida \u00fatil de la bomba. En sistemas grandes, se puede utilizar en conjunto y en secuencia con los otros cuatro tipos de almohadillas filtrantes para eliminar esencialmente todos los s\u00f3lidos logrando el m\u00e1ximo de biofiltraci\u00f3n.<\/p>\n<p>Se trata de un material filtrante progresivo que es auto-portante y multi-funcional que se puede usar en pre-filtrado, medios filtrantes mec\u00e1nicos, filtraci\u00f3n biol\u00f3gica, esterilla de desove, protecci\u00f3n de plantas y como soporte para otros medios filtrantes.<br \/>\nLas almohadillas filtrantes Matala, son muy vers\u00e1tiles, f\u00e1ciles de trabajar y pueden adaptarse a la mayor\u00eda de las necesidades de filtraci\u00f3n. Son f\u00e1ciles de limpiar simplemente usando una manguera de jard\u00edn para limpiarlos por rociado y la suciedad se desprender\u00e1 con mucha facilidad.<\/p>\n","protected":false},"excerpt":{"rendered":"<p><img class=\"alignnone size-full wp-image-5147\" src=\"https:\/\/lifebyair.com\/wp-content\/uploads\/2020\/01\/logo-matala-1.jpg\" alt=\"\" width=\"120\" height=\"46\" \/><\/p>\n<p><strong>Caracter\u00edstica:<\/strong><\/p>\n<ul>\n<li>Ideal para filtraci\u00f3n de part\u00edculas medianas.<\/li>\n<li>Adecuada distribuci\u00f3n de flujo.<\/li>\n<li>Favorece la vida \u00fatil de su bomba.<\/li>\n<li>F\u00e1cil limpieza.<\/li>\n<li>Di\u00e1metro de fibra: 0.035\u2033<\/li>\n<\/ul>\n","protected":false},"featured_media":10798,"template":"","meta":{"_seopress_robots_primary_cat":"none"},"_links":{"self":[{"href":"https:\/\/lifebyair.com\/es\/wp-json\/wp\/v2\/product\/10905"}],"collection":[{"href":"https:\/\/lifebyair.com\/es\/wp-json\/wp\/v2\/product"}],"about":[{"href":"https:\/\/lifebyair.com\/es\/wp-json\/wp\/v2\/types\/product"}],"version-history":[{"count":2,"href":"https:\/\/lifebyair.com\/es\/wp-json\/wp\/v2\/product\/10905\/revisions"}],"predecessor-version":[{"id":10909,"href":"https:\/\/lifebyair.com\/es\/wp-json\/wp\/v2\/product\/10905\/revisions\/10909"}],"wp:featuredmedia":[{"embeddable":true,"href":"https:\/\/lifebyair.com\/es\/wp-json\/wp\/v2\/media\/10798"}],"wp:attachment":[{"href":"https:\/\/lifebyair.com\/es\/wp-json\/wp\/v2\/media?parent=10905"}],"curies":[{"name":"wp","href":"https:\/\/api.w.org\/{rel}","templated":true}]}}