                                                                                                                                                                                                                                                                                                                                                                                                                                                                                                                                                                                                                                                                                                                                                                                                                                                                                                                                                                                                                                                                                                                                                                                                                                                                                                                                                                                                                                                                                                                                                                                                                                                                                                                                                                                                                                                                                                                                                                                                                                                                                                                                                                                                                                                               {"id":10907,"date":"2021-02-24T21:30:12","date_gmt":"2021-02-24T21:30:12","guid":{"rendered":"https:\/\/lifebyair.com\/es\/?post_type=product&#038;p=10907"},"modified":"2025-05-15T22:05:58","modified_gmt":"2025-05-15T22:05:58","slug":"bs201016-repuesto-de-medio-de-filtrante-en-hoja-azul","status":"publish","type":"product","link":"https:\/\/lifebyair.com\/es\/producto\/bs201016-repuesto-de-medio-de-filtrante-en-hoja-azul\/","title":{"rendered":"BS201016 | Repuesto de Medio de Filtrante en Hoja Azul"},"content":{"rendered":"<p><strong>BS201016 | Repuesto de Medio de Filtrante en Hoja Azul<\/strong><\/p>\n<p>La almohadilla de filtro azul\u00a0<strong>Matala\u00ae<\/strong>\u00a0proporcionar\u00e1 una filtraci\u00f3n de part\u00edculas mucho m\u00e1s peque\u00f1as manteniendo una buena distribuci\u00f3n del flujo favoreciendo la vida \u00fatil de la bomba. En sistemas grandes, se puede utilizar en conjunto y en secuencia con los otros cuatro tipos de almohadillas filtrantes para eliminar esencialmente todos los s\u00f3lidos logrando el m\u00e1ximo de biofiltraci\u00f3n. Los medios redondeados o enrollados se pueden utilizar en tanques redondos.<\/p>\n<p>Se trata de un material filtrante progresivo que es auto-portante y multi-funcional que se puede usar en pre-filtrado, medios filtrantes mec\u00e1nicos, filtraci\u00f3n biol\u00f3gica, esterilla de desove, protecci\u00f3n de plantas y como soporte para otros medios filtrantes.<br \/>\nLas almohadillas filtrantes Matala, son muy vers\u00e1tiles, f\u00e1ciles de trabajar y pueden adaptarse a la mayor\u00eda de las necesidades de filtraci\u00f3n.<\/p>\n","protected":false},"excerpt":{"rendered":"<p><img class=\"alignnone size-full wp-image-5147\" src=\"https:\/\/lifebyair.com\/wp-content\/uploads\/2020\/01\/logo-matala-1.jpg\" alt=\"\" width=\"120\" height=\"46\" \/><\/p>\n<div class=\"woocommerce-product-details__short-description\">\n<p><strong>Caracter\u00edstica:<\/strong><\/p>\n<ul>\n<li>Ideal para filtraci\u00f3n de part\u00edculas peque\u00f1as.<\/li>\n<li>Adecuada distribuci\u00f3n de flujo.<\/li>\n<li>Favorece la vida \u00fatil de su bomba.<\/li>\n<li>F\u00e1cil limpieza.<\/li>\n<li>Di\u00e1metro de fibra: 0.022\u2033<\/li>\n<\/ul>\n<\/div>\n<form class=\"cart\" action=\"https:\/\/lifebyair.com\/es\/producto\/filtro-halfblu-almohadilla-de-filtro-media-hoja-azul-24-x-39-x-1-5-alta-densidad\/\" enctype=\"multipart\/form-data\" method=\"post\"><\/form>\n","protected":false},"featured_media":10801,"template":"","meta":{"_seopress_robots_primary_cat":"none"},"_links":{"self":[{"href":"https:\/\/lifebyair.com\/es\/wp-json\/wp\/v2\/product\/10907"}],"collection":[{"href":"https:\/\/lifebyair.com\/es\/wp-json\/wp\/v2\/product"}],"about":[{"href":"https:\/\/lifebyair.com\/es\/wp-json\/wp\/v2\/types\/product"}],"version-history":[{"count":1,"href":"https:\/\/lifebyair.com\/es\/wp-json\/wp\/v2\/product\/10907\/revisions"}],"predecessor-version":[{"id":10908,"href":"https:\/\/lifebyair.com\/es\/wp-json\/wp\/v2\/product\/10907\/revisions\/10908"}],"wp:featuredmedia":[{"embeddable":true,"href":"https:\/\/lifebyair.com\/es\/wp-json\/wp\/v2\/media\/10801"}],"wp:attachment":[{"href":"https:\/\/lifebyair.com\/es\/wp-json\/wp\/v2\/media?parent=10907"}],"curies":[{"name":"wp","href":"https:\/\/api.w.org\/{rel}","templated":true}]}}