                                                                                                                                                                                                                                                                                                                                                                                                                                                                                                                                                                                                                                                                                                                                                                                                                                                                                                                                                                                                                                                                                                                                                                                                                                                                                                                                                                                                                                                                                                                                                                                                                                                                                                                                                                                                                                                                                                                                                                                                                                                                                                                                                                                                                                                               {"id":10912,"date":"2021-02-24T21:44:49","date_gmt":"2021-02-24T21:44:49","guid":{"rendered":"https:\/\/lifebyair.com\/es\/?post_type=product&#038;p=10912"},"modified":"2023-12-19T22:04:08","modified_gmt":"2023-12-19T22:04:08","slug":"compresor-hc750a-compresor-4-2-cfm-para-3-difusores-de-aire","status":"publish","type":"product","link":"https:\/\/lifebyair.com\/es\/producto\/compresor-hc750a-compresor-4-2-cfm-para-3-difusores-de-aire\/","title":{"rendered":"Compresor HC750A | Compresor 4.2 CFM para 3 Difusores de Aire"},"content":{"rendered":"","protected":false},"excerpt":{"rendered":"<p><img class=\"alignnone size-full wp-image-7571\" src=\"https:\/\/lifebyair.com\/wp-content\/uploads\/2020\/04\/lifebyair-05-min.jpg\" alt=\"lifebyair\" width=\"97\" height=\"49\" \/><\/p>\n<p><strong>Caracter\u00edsticas:\u00a0<\/strong><\/p>\n<ul>\n<li>Accesorios incluidos: v\u00e1lvula solenoide, v\u00e1lvula de retenci\u00f3n, colector, man\u00f3metro, v\u00e1lvula de seguridad, conector pagoda, caja del condensador, soportes de vibraci\u00f3n.<\/li>\n<li>Compresor de aire para aireaci\u00f3n de estanques y lagos en aguas profundas con 2 o 3 difusores de aire.<\/li>\n<li>Peso liviano, operaci\u00f3n silenciosa, confiable, confiable, dise\u00f1o de bajo mantenimiento para operaci\u00f3n continua o intermitente. Config\u00faralo y olv\u00eddalo.<\/li>\n<li>Lubricaci\u00f3n de cojinetes y bielas sellados, c\u00e1mara de compresi\u00f3n de aire sin aceite y soportes de aislamiento de vibraci\u00f3n que absorben impactos para a\u00f1os de funcionamiento sin problemas.<\/li>\n<li>Voltaje: 120 V | Potencia: 750W | Presi\u00f3n: Continua 7,0 bar | Ruido: \u226452dB (A) | Peso: 19 Lb | 11 x 5 x 8 pulgadas.<\/li>\n<\/ul>\n<p><a href=\"https:\/\/lifebyair.com\/es\/contactenos\/\"><strong>\u00a0LLAME PARA DISPONIBILIDAD<\/strong><\/a><\/p>\n","protected":false},"featured_media":10903,"template":"","meta":{"_seopress_robots_primary_cat":"none"},"_links":{"self":[{"href":"https:\/\/lifebyair.com\/es\/wp-json\/wp\/v2\/product\/10912"}],"collection":[{"href":"https:\/\/lifebyair.com\/es\/wp-json\/wp\/v2\/product"}],"about":[{"href":"https:\/\/lifebyair.com\/es\/wp-json\/wp\/v2\/types\/product"}],"version-history":[{"count":2,"href":"https:\/\/lifebyair.com\/es\/wp-json\/wp\/v2\/product\/10912\/revisions"}],"predecessor-version":[{"id":11196,"href":"https:\/\/lifebyair.com\/es\/wp-json\/wp\/v2\/product\/10912\/revisions\/11196"}],"wp:featuredmedia":[{"embeddable":true,"href":"https:\/\/lifebyair.com\/es\/wp-json\/wp\/v2\/media\/10903"}],"wp:attachment":[{"href":"https:\/\/lifebyair.com\/es\/wp-json\/wp\/v2\/media?parent=10912"}],"curies":[{"name":"wp","href":"https:\/\/api.w.org\/{rel}","templated":true}]}}