                                                                                                                                                                                                                                                                                                                                                                                                                                                                                                                                                                                                                                                                                                                                                                                                                                                                                                                                                                                                                                                                                                                                                                                                                                                                                                                                                                                                                                                                                                                                                                                                                                                                                                                                                                                                                                                                                                                                                                                                                                                                                                                                                                                                                                                               {"id":11081,"date":"2021-06-11T20:43:42","date_gmt":"2021-06-11T20:43:42","guid":{"rendered":"https:\/\/lifebyair.com\/es\/?post_type=product&#038;p=11081"},"modified":"2021-09-08T22:10:10","modified_gmt":"2021-09-08T22:10:10","slug":"kit-aqua-36w-kit-de-aireacion-con-compresor-compresor-de-piston-de-3-6-cfm","status":"publish","type":"product","link":"https:\/\/lifebyair.com\/es\/producto\/kit-aqua-36w-kit-de-aireacion-con-compresor-compresor-de-piston-de-3-6-cfm\/","title":{"rendered":"Kit AQUA 36W |  Kit de Aireaci\u00f3n con Compresor | Compresor de pist\u00f3n de 3.6 CFM"},"content":{"rendered":"<p><strong>Kit AQUA 36W | Kit de Aireaci\u00f3n con Compresor | Compresor de pist\u00f3n de 3.6 CFM<\/strong><\/p>\n<ul class=\"a-unordered-list a-vertical a-spacing-mini\">\n<li><span class=\"a-list-item\">El kit incluye: 100 pies \u2013 3\/8 pulgadas manguera ponderada, divisor en T, abrazadera de manguera de acero inoxidable, 2 x difusores de burbujas finas EPDM auto-sumergibles (36 pulgadas cada uno) | 110 voltios \u2013 3.6 CFM compresor de pist\u00f3n oscilante con: colector, v\u00e1lvula de alivio de presi\u00f3n, conector de manguera de 3\/8, man\u00f3metro, sistema de seguridad contra sobrecalentamiento, soportes de vibraci\u00f3n, soportes de aire. Filtro, cable de alimentaci\u00f3n con Enchufe.<\/span><\/li>\n<li><span class=\"a-list-item\">Capaz de airear estanques de hasta 1,5 acres hasta 55 pies de profundidad. Los animales y las plantas dependen de la cantidad de aire disponible en el agua. La falta de ox\u00edgeno en el agua puede provocar malos olores, crecimiento de algas, propagaci\u00f3n de mosquitos, peces muertos y plantas. Los kits de aireaci\u00f3n Life by Air aumentan r\u00e1pidamente los niveles de ox\u00edgeno disueltos, dando vida al agua.<\/span><\/li>\n<li><span class=\"a-list-item\">Utilizado en: estanques, lagos, acuarios grandes, canales, estanques de piscina, granjas de peces comerciales, estanques Koi, tratamiento de agua, acuacultura, algacultura, maricultura, granjas de camarones, jardines de agua, descongelante de muelle, puertos de env\u00edo, deslizamientos de barco, aplicaciones industriales, beneficios de aireaci\u00f3n: transferencia de ox\u00edgeno, control de algas, mejora la calidad del agua, descongelaci\u00f3n (evita que el agua se congelante), control de mosquitos, Circulaci\u00f3n de agua, solaridad. Flotaci\u00f3n y mucho m\u00e1s.<\/span><\/li>\n<li><span class=\"a-list-item\">Seguro y eficiente: se puede montar en posici\u00f3n vertical u horizontal para proporcionar un suministro de aire libre de contaminantes. Su peque\u00f1o tama\u00f1o permite que se instalen incluso en espacios reducidos o en un recinto ventilado. Ligero y sin aceite. No requiere mantenimiento. Sin metales ni electricidad bajo el agua (no se oxida). Seguro para todas las zonas recreativas.<\/span><\/li>\n<li><span class=\"a-list-item\">Life by Air suministra kits de aireaci\u00f3n confiables que soportan pr\u00e1cticamente cualquier temporada y condiciones clim\u00e1ticas. Si tienes cualquier requisito de tama\u00f1o especial o necesitas un cierre ventilado, ponte en contacto con nuestro equipo de servicio al cliente para m\u00e1s detalles.<\/span><\/li>\n<\/ul>\n","protected":false},"excerpt":{"rendered":"<p><img class=\"alignnone size-full wp-image-9715\" src=\"https:\/\/lifebyair.com\/es\/wp-content\/uploads\/2020\/01\/lifebyair.jpg\" alt=\"\" width=\"158\" height=\"70\" \/><\/p>\n<p><strong>Kit Incluye:<\/strong><\/p>\n<ul>\n<li>Kit de aireaci\u00f3n \u2013 AQUA 36W<\/li>\n<li>Compresor de pist\u00f3n de 3.6 CFM<\/li>\n<li>Manguera de 98.4 ft<\/li>\n<li>2 difusores auto-sumergibles<\/li>\n<li>Seguros y sin aceite, sin mantenimiento<\/li>\n<li>Airear estanques profundos hasta 1.5 acres (Aqua 36W)<\/li>\n<\/ul>\n<\/ul>\n<p><a href=\"https:\/\/lifebyair.com\/es\/contactenos\/\"><strong>\u00a0LLAME PARA DISPONIBILIDAD<\/strong><\/a><\/p>\n","protected":false},"featured_media":11071,"template":"","meta":{"_seopress_robots_primary_cat":"none"},"_links":{"self":[{"href":"https:\/\/lifebyair.com\/es\/wp-json\/wp\/v2\/product\/11081"}],"collection":[{"href":"https:\/\/lifebyair.com\/es\/wp-json\/wp\/v2\/product"}],"about":[{"href":"https:\/\/lifebyair.com\/es\/wp-json\/wp\/v2\/types\/product"}],"version-history":[{"count":2,"href":"https:\/\/lifebyair.com\/es\/wp-json\/wp\/v2\/product\/11081\/revisions"}],"predecessor-version":[{"id":11283,"href":"https:\/\/lifebyair.com\/es\/wp-json\/wp\/v2\/product\/11081\/revisions\/11283"}],"wp:featuredmedia":[{"embeddable":true,"href":"https:\/\/lifebyair.com\/es\/wp-json\/wp\/v2\/media\/11071"}],"wp:attachment":[{"href":"https:\/\/lifebyair.com\/es\/wp-json\/wp\/v2\/media?parent=11081"}],"curies":[{"name":"wp","href":"https:\/\/api.w.org\/{rel}","templated":true}]}}