                                                                                                                                                                                                                                                                                                                                                                                                                                                                                                                                                                                                                                                                                                                                                                                                                                                                                                                                                                                                                                                                                                                                                                                                                                                                                                                                                                                                                                                                                                                                                                                                                                                                                                                                                                                                                                                                                                                                                                                                                                                                                                                                                                                                                                                               {"id":11160,"date":"2021-06-18T22:19:34","date_gmt":"2021-06-18T22:19:34","guid":{"rendered":"https:\/\/lifebyair.com\/es\/?post_type=product&#038;p=11160"},"modified":"2021-09-07T21:10:47","modified_gmt":"2021-09-07T21:10:47","slug":"mdb350-3-8-100-kit-difusor-auto-sumergible-base-pesada-difusor-industrial-de-burbujas-finas-manguera-sumergible","status":"publish","type":"product","link":"https:\/\/lifebyair.com\/es\/producto\/mdb350-3-8-100-kit-difusor-auto-sumergible-base-pesada-difusor-industrial-de-burbujas-finas-manguera-sumergible\/","title":{"rendered":"MDB350-3\/8-100 | Kit Difusor Auto-sumergible | Base pesada + Difusor industrial de burbujas finas + Manguera sumergible"},"content":{"rendered":"<p><strong>MDB350-3\/8-100 | Kit Difusor Auto-sumergible<\/strong><\/p>\n<ul>\n<li><span class=\"a-list-item\">Utilizado en: granjas de peces comerciales, plantas de tratamiento de aguas residuales WWTP, estanques, lagos, acuarios grandes, fuentes, estanques de piscina, acuacultura, acuapon\u00eda, jardines de agua, estanques Koi y otras diversas aplicaciones que requieren una aireaci\u00f3n de burbujas fina.<\/span><\/li>\n<li><span class=\"a-list-item\">Utilizado para: control de algas, aumento de ox\u00edgeno disuelto, mejora la calidad del agua, control de mosquitos, circulaci\u00f3n de agua, muelle y embarcaci\u00f3n, tratamiento de aguas residuales WWTP, flotaci\u00f3n s\u00f3lida, jardines de agua y otras aplicaciones.<\/span><\/li>\n<li><span class=\"a-list-item\">Beneficios de aireaci\u00f3n: control de algas, transferencia de ox\u00edgeno, mejora la calidad del agua y la claridad, descongelaci\u00f3n del muelle, control de mosquitos, circulaci\u00f3n del agua, resbalones de barco, evita que el agua se congele y mucho m\u00e1s. En entornos acu\u00e1ticos como estanques de peces, acuarios, lagos o proyectos de acuicultura, el ox\u00edgeno es el factor m\u00e1s limitante para el \u00e9xito. La aireaci\u00f3n mantiene vivas las plantas y los animales en el agua.<\/span><\/li>\n<li><span class=\"a-list-item\">Ergon\u00f3mico y lo suficientemente ligero que se puede mover de tanque a tanque. Incluye enchufe de 4 secciones: 0.35 a 0.5\u00a0in o 1.0\u00a0in para conexi\u00f3n de manguera, tubo o tubo. La base del difusor viene con una conexi\u00f3n roscada \u00be FNPT | Embalaje e instalaci\u00f3n sin complicaciones | Life by Air Origin!<\/span><\/li>\n<\/ul>\n","protected":false},"excerpt":{"rendered":"<p><img class=\"alignnone size-full wp-image-9715\" src=\"https:\/\/lifebyair.com\/es\/wp-content\/uploads\/2020\/01\/lifebyair.jpg\" alt=\"\" width=\"158\" height=\"70\" \/><\/p>\n<p><strong>Kit Incluye:<\/strong><\/p>\n<p><span class=\"a-list-item\">Base pesada para difusor + difusor de burbujas finas industriales SSI de 12.0 in + manguera sumergible de 12.0 in x 0.4 in + 2 abrazaderas de manguera de acero inoxidable | El difusor requiere 1 &#8211; 4 cfm (25 -120 lpm) para funcionar correctamente | La base es hueca en el interior para llenarse de rocas, arena o grava<\/span><\/p>\n<p><a href=\"https:\/\/lifebyair.com\/es\/contactenos\/\"><strong>\u00a0LLAME PARA DISPONIBILIDAD<\/strong><\/a><\/p>\n","protected":false},"featured_media":11170,"template":"","meta":{"_seopress_robots_primary_cat":"none"},"_links":{"self":[{"href":"https:\/\/lifebyair.com\/es\/wp-json\/wp\/v2\/product\/11160"}],"collection":[{"href":"https:\/\/lifebyair.com\/es\/wp-json\/wp\/v2\/product"}],"about":[{"href":"https:\/\/lifebyair.com\/es\/wp-json\/wp\/v2\/types\/product"}],"version-history":[{"count":2,"href":"https:\/\/lifebyair.com\/es\/wp-json\/wp\/v2\/product\/11160\/revisions"}],"predecessor-version":[{"id":11202,"href":"https:\/\/lifebyair.com\/es\/wp-json\/wp\/v2\/product\/11160\/revisions\/11202"}],"wp:featuredmedia":[{"embeddable":true,"href":"https:\/\/lifebyair.com\/es\/wp-json\/wp\/v2\/media\/11170"}],"wp:attachment":[{"href":"https:\/\/lifebyair.com\/es\/wp-json\/wp\/v2\/media?parent=11160"}],"curies":[{"name":"wp","href":"https:\/\/api.w.org\/{rel}","templated":true}]}}