                                                                                                                                                                                                                                                                                                                                                                                                                                                                                                                                                                                                                                                                                                                                                                                                                                                                                                                                                                                                                                                                                                                                                                                                                                                                                                                                                                                                                                                                                                                                                                                                                                                                                                                                                                                                                                                                                                                                                                                                                                                                                                                                                                                                                                                               {"id":11171,"date":"2021-06-18T22:33:41","date_gmt":"2021-06-18T22:33:41","guid":{"rendered":"https:\/\/lifebyair.com\/es\/?post_type=product&#038;p=11171"},"modified":"2023-09-11T20:46:29","modified_gmt":"2023-09-11T20:46:29","slug":"mgf-25-bomba-de-agua-con-prefiltro-y-manguera-sin-pliegues-de-25-pies","status":"publish","type":"product","link":"https:\/\/lifebyair.com\/es\/producto\/mgf-25-bomba-de-agua-con-prefiltro-y-manguera-sin-pliegues-de-25-pies\/","title":{"rendered":"MGF-25 | Bomba de agua con prefiltro y manguera sin pliegues de 25 pies"},"content":{"rendered":"<p style=\"text-align: justify;\"><strong>MGF-25 | Bomba de agua con prefiltro y manguera sin pliegues de 25 pies<\/strong><\/p>\n<ul class=\"a-unordered-list a-vertical a-spacing-mini\">\n<li style=\"list-style-type: none;\">\n<ul class=\"a-unordered-list a-vertical a-spacing-mini\">\n<li><span class=\"a-list-item\">Bomba y manguera perfectas para succionar agua limpia de una masa de agua sucia.\u00a0Este kit elimina del agua escombros como: rocas, hojas, insectos, colillas de cigarrillos y otros materiales peque\u00f1os.\u00a0El kit incluye: Bomba + Filtro + Manguera.<\/span><\/li>\n<li><span class=\"a-list-item\">Bomba: Bomba Matala Magna-Flow MF1100 EZ |\u00a0Salida de 3\/4 \u2033 pulgada \/ 1 \u2033 pulgada 860\/1100 gph |\u00a0Altura m\u00e1xima: 8,2 \/ 2,5 &#8211; 8,2 \/ 2,5 pies \/ m |\u00a0Cable de alimentaci\u00f3n de 18 pies |\u00a0V\u00e1lvula de control de flujo |\u00a0F\u00e1cil de mantener y limpiar, muy silencioso y energ\u00e9ticamente eficiente, ecol\u00f3gico, completamente libre de aceite.<\/span><\/li>\n<li><span class=\"a-list-item\">Filtro y manguera: Incluye filtro de entrada lavable de alta confiabilidad (prefiltro EZ Bio11 Plus) &#8211; Eficiencia mejorada de la bomba &#8211; Evita la reducci\u00f3n del flujo a una obstrucci\u00f3n prematura &#8211; Prolonga la vida \u00fatil de la bomba |\u00a0Tuber\u00eda sin pliegues de 25 pies, 3\/4 &#8220;de pulgada con abrazaderas especiales para manguera.<\/span><\/li>\n<li><span class=\"a-list-item\">La bomba de admisi\u00f3n viene con un prefiltro lavable que mantiene las part\u00edculas alejadas de la bomba.\u00a0La v\u00e1lvula de control de flujo le permite regular la cantidad de agua que sale de la manguera y crea turbulencias en el agua.<\/span><\/li>\n<li><span class=\"a-list-item\">\u00a1Este producto no purifica ni hace que el agua sea potable de ninguna manera!\u00a0Simplemente elimina los desechos del agua.\u00a0Lo suficientemente fuerte y confiable para su uso en tratamiento de agua, estanques, lagos, estanques de piscinas, fuentes, acuapon\u00eda, acuicultura, control de mosquitos y mucho m\u00e1s.<\/span><\/li>\n<\/ul>\n<\/li>\n<\/ul>\n","protected":false},"excerpt":{"rendered":"<p><img class=\"alignnone size-full wp-image-5147\" src=\"https:\/\/lifebyair.com\/wp-content\/uploads\/2020\/01\/logo-matala-1.jpg\" alt=\"\" width=\"120\" height=\"46\" \/><\/p>\n<p><strong>Caracter\u00edsticas:<\/strong><\/p>\n<ul>\n<li><span class=\"a-list-item\">Bomba y manguera perfectas para succionar agua limpia de una masa de agua sucia.\u00a0<\/span><\/li>\n<li><span class=\"a-list-item\">Este kit elimina del agua escombros como: rocas, hojas, insectos, colillas de cigarrillos y otros materiales peque\u00f1os.\u00a0<\/span><\/li>\n<li><span class=\"a-list-item\">El kit incluye: Bomba + Filtro + Manguera<\/span><\/li>\n<\/ul>\n<p><a href=\"https:\/\/lifebyair.com\/es\/contactenos\/\"><strong>\u00a0LLAME PARA DISPONIBILIDAD<\/strong><\/a><\/p>\n","protected":false},"featured_media":11807,"template":"","meta":{"_seopress_robots_primary_cat":"none"},"_links":{"self":[{"href":"https:\/\/lifebyair.com\/es\/wp-json\/wp\/v2\/product\/11171"}],"collection":[{"href":"https:\/\/lifebyair.com\/es\/wp-json\/wp\/v2\/product"}],"about":[{"href":"https:\/\/lifebyair.com\/es\/wp-json\/wp\/v2\/types\/product"}],"version-history":[{"count":4,"href":"https:\/\/lifebyair.com\/es\/wp-json\/wp\/v2\/product\/11171\/revisions"}],"predecessor-version":[{"id":11812,"href":"https:\/\/lifebyair.com\/es\/wp-json\/wp\/v2\/product\/11171\/revisions\/11812"}],"wp:featuredmedia":[{"embeddable":true,"href":"https:\/\/lifebyair.com\/es\/wp-json\/wp\/v2\/media\/11807"}],"wp:attachment":[{"href":"https:\/\/lifebyair.com\/es\/wp-json\/wp\/v2\/media?parent=11171"}],"curies":[{"name":"wp","href":"https:\/\/api.w.org\/{rel}","templated":true}]}}