                                                                                                                                                                                                                                                                                                                                                                                                                                                                                                                                                                                                                                                                                                                                                                                                                                                                                                                                                                                                                                                                                                                                                                                                                                                                                                                                                                                                                                                                                                                                                                                                                                                                                                                                                                                                                                                                                                                                                                                                                                                                                                                                                                                                                                                               {"id":11292,"date":"2021-09-29T19:41:47","date_gmt":"2021-09-29T19:41:47","guid":{"rendered":"https:\/\/lifebyair.com\/es\/?post_type=product&#038;p=11292"},"modified":"2023-06-26T16:17:26","modified_gmt":"2023-06-26T16:17:26","slug":"base-mdb1-base-sumergible-disenada-para-sostener-difusores-de-aire-matala","status":"publish","type":"product","link":"https:\/\/lifebyair.com\/es\/producto\/base-mdb1-base-sumergible-disenada-para-sostener-difusores-de-aire-matala\/","title":{"rendered":"Base MDB1 | Base Sumergible Dise\u00f1ada para Sostener Difusores de Aire | Matala\u00ae"},"content":{"rendered":"<p><strong>Plataforma difusora de aire individual Matala MDB1<\/strong><\/p>\n<p style=\"text-align: justify;\">La Base Difusora Matala MDB1 est\u00e1 dise\u00f1ada para sujetar cualquier tipo de difusor. (Difusor no incluido.) Se puede utilizar con cualquier difusor de disco de 7, 9, 12 o 20 pulgadas o con difusores de tubo de cualquier tama\u00f1o o material. Simplemente llene la plataforma con rocas o arena, conecte un difusor y vea como se hunde hasta el fondo de su fuente de agua manteniendo su difusor de aire en un solo lugar y fuera del barro.<\/p>\n<p style=\"text-align: justify;\"><strong>TAMA\u00d1OS DE CONEXI\u00d3N:<\/strong> La Base Difusora Matala MDB1 viene con una conexi\u00f3n roscada hembra NPT de 3\/4 de pulgada. El paquete tambi\u00e9n incluye una conexi\u00f3n de manguera multibarra con 4 tama\u00f1os de manguera diferentes | 3\/8, 1\/2, 5\/8 y 1 pulgada. (Manguera no incluida).<\/p>\n<p style=\"text-align: justify;\"><strong>DISE\u00d1O COMPACTO:<\/strong> Esta plataforma difusora mide 11,5 pulgadas de largo x 10,25 pulgadas de ancho x 4 pulgadas de alto. F\u00e1cil de montar e instalar. Ergon\u00f3mico y lo suficientemente ligero que se puede mover de tanque a tanque.<\/p>\n<p style=\"text-align: justify;\"><strong>MATERIALES FIABLES:<\/strong> Hecho de pl\u00e1stico de alta resistencia utilizado en las instalaciones de tratamiento de agua. La base cuenta con bordes redondeados seguros para los peces y la vida silvestre. No se oxida. | Se puede ampliar para que quepan 2 difusores con adaptadores adicionales.<\/p>\n<p style=\"text-align: justify;\"><strong>F\u00c1CIL MONTAJE:<\/strong> Esta plataforma hueca debe rellenarse con arena o grava para vencer la flotabilidad del difusor (el peso depende del tama\u00f1o del difusor) y mantenerlo en el fondo de la masa de agua.<\/p>\n","protected":false},"excerpt":{"rendered":"<p><img class=\"alignnone size-full wp-image-5147\" src=\"https:\/\/lifebyair.com\/wp-content\/uploads\/2020\/01\/logo-matala-1.jpg\" alt=\"\" width=\"120\" height=\"46\" \/><\/p>\n<ul>\n<li>Matala MDB1 &#8211; \u00a1S\u00f3lo Base!<\/li>\n<li>Base lastrada dise\u00f1ada para sujetar difusores de aire.<\/li>\n<li>Se puede utilizar con cualquier difusor de disco o de tubo.<\/li>\n<li>Conexi\u00f3n roscada NPT de 3\/4 de pulgada<\/li>\n<li>Incluye adaptador multibarba<\/li>\n<li>Difusor no incluido.<\/li>\n<li>Puede utilizarse con cualquier difusor de disco de 7, 9, 12 \u00f3 20 pulgadas o con difusores de tubo de cualquier tama\u00f1o o material.<\/li>\n<\/ul>\n<p>&nbsp;<\/p>\n","protected":false},"featured_media":11610,"template":"","meta":{"_seopress_robots_primary_cat":"none"},"_links":{"self":[{"href":"https:\/\/lifebyair.com\/es\/wp-json\/wp\/v2\/product\/11292"}],"collection":[{"href":"https:\/\/lifebyair.com\/es\/wp-json\/wp\/v2\/product"}],"about":[{"href":"https:\/\/lifebyair.com\/es\/wp-json\/wp\/v2\/types\/product"}],"version-history":[{"count":4,"href":"https:\/\/lifebyair.com\/es\/wp-json\/wp\/v2\/product\/11292\/revisions"}],"predecessor-version":[{"id":11615,"href":"https:\/\/lifebyair.com\/es\/wp-json\/wp\/v2\/product\/11292\/revisions\/11615"}],"wp:featuredmedia":[{"embeddable":true,"href":"https:\/\/lifebyair.com\/es\/wp-json\/wp\/v2\/media\/11610"}],"wp:attachment":[{"href":"https:\/\/lifebyair.com\/es\/wp-json\/wp\/v2\/media?parent=11292"}],"curies":[{"name":"wp","href":"https:\/\/api.w.org\/{rel}","templated":true}]}}