                                                                                                                                                                                                                                                                                                                                                                                                                                                                                                                                                                                                                                                                                                                                                                                                                                                                                                                                                                                                                                                                                                                                                                                                                                                                                                                                                                                                                                                                                                                                                                                                                                                                                                                                                                                                                                                                                                                                                                                                                                                                                                                                                                                                                                                               {"id":11827,"date":"2025-09-16T15:59:44","date_gmt":"2025-09-16T15:59:44","guid":{"rendered":"https:\/\/lifebyair.com\/es\/?post_type=product&#038;p=11827"},"modified":"2025-09-16T16:53:51","modified_gmt":"2025-09-16T16:53:51","slug":"soplador-ekz-315-33-soplador-regenerativo-2-55-kw-3-4hp","status":"publish","type":"product","link":"https:\/\/lifebyair.com\/es\/producto\/soplador-ekz-315-33-soplador-regenerativo-2-55-kw-3-4hp\/","title":{"rendered":"Soplador EKZ 315 &#8211; 33 | Soplador Regenerativo | 2.55 kW (3.4HP)"},"content":{"rendered":"<p style=\"text-align: justify;\"><strong>Soplador de canal lateral\/regenerativo:<\/strong> Soplador multiprop\u00f3sito adecuado para diversas aplicaciones que requieren ALTOS caudales de aire a BAJA &#8211; Presi\u00f3n o Vac\u00edo. Solo debe pasar AIRE o GAS a trav\u00e9s del soplador; evitar el acceso de polvo.<\/p>\n<p style=\"text-align: justify;\"><strong>Perfecto para uso industrial en:<\/strong> Plantas de Tratamiento de Aguas Residuales WWTP, Acuicultura (granjas comerciales de peces), Acuapon\u00eda, Transporte Neum\u00e1tico, Sellado al Vac\u00edo, Cuchillas de Aire, Aireaci\u00f3n, Secado, Descongelaci\u00f3n, Llenado de Botellas, Orde\u00f1adoras, Elevaci\u00f3n, Empaquetado, Control de Olores, Eliminaci\u00f3n de polvo o humo, recolecci\u00f3n de desechos, transferencia de vac\u00edo, mesas de corte de vidrio, m\u00e1quinas agr\u00edcolas\/fabricantes\/textiles, procesamiento qu\u00edmico, impresi\u00f3n, alimentos, galvanizaci\u00f3n y muchos m\u00e1s.<\/p>\n<p style=\"text-align: justify;\">Su montaje es posible tanto en posici\u00f3n vertical como horizontal para proporcionar un suministro de aire libre de contaminantes. Su peque\u00f1o tama\u00f1o y peso ligero son adecuados para la instalaci\u00f3n incluso en espacios reducidos o en un recinto ventilado. Debido a que no contienen aceite, no requieren mantenimiento.<\/p>\n<p style=\"text-align: justify;\">Life by Air &#8211; Los sopladores regenerativos est\u00e1n disponibles en configuraciones de etapa simple (un propulsor) o doble (dos propulsores) con varias configuraciones de voltaje. El impulsor est\u00e1 directamente conectado al eje del motor, proporcionando un golpe de fuerza sin fricci\u00f3n excesiva. Los acoples est\u00e1n fuera de la c\u00e1mara de compresi\u00f3n, lo que garantiza la m\u00e1xima fiabilidad operativa bajo una alta presi\u00f3n diferencial. Este dise\u00f1o sin aceite y de bajo mantenimiento brinda a nuestros clientes un servicio continuo y confiable las 24 horas del d\u00eda, los 7 d\u00edas de la semana.<\/p>\n<p style=\"text-align: justify;\"><strong>Principio de funcionamiento:<\/strong> el aire o el gas se introduce en un canal lateral a trav\u00e9s de la entrada de aire y se acelera mediante un propulsor que gira dentro de su propia c\u00e1mara. El giro resultante presuriza el aire o el gas y se descarga a trav\u00e9s de la salida de escape. Este tipo de operaci\u00f3n tambi\u00e9n se conoce como soplador de \u201canillo\u201d.<\/p>\n<p><strong>Las caracter\u00edsticas clave incluyen:<\/strong><\/p>\n<ul>\n<li style=\"list-style-type: none;\">\n<ul>\n<li>Instalaci\u00f3n simple \u2013 dise\u00f1o compacto<\/li>\n<li>Propulsores de aluminio balanceados din\u00e1micamente<\/li>\n<li>El funcionamiento horizontal o vertical los hace muy vers\u00e1tiles<\/li>\n<li>Libre de aceite \u2013 Liviano<\/li>\n<li>Acoples de alta temperatura<\/li>\n<li>F\u00e1cil de mantener y operar<\/li>\n<li>Funcionamiento silencioso | Puede funcionar 24\/7<\/li>\n<li>Ensamblado en los Estados Unidos<\/li>\n<li>\u00a1No requiere mantenimiento!<\/li>\n<\/ul>\n<\/li>\n<\/ul>\n<p style=\"text-align: justify;\"><span class=\"a-list-item\"><strong>Especificaciones EKZ 315-33:<\/strong> Flujo de aire: 315 m3\/h (185 CFM) | presi\u00f3n: 230 mbar (3.34 Psi) | vac\u00edo: -245 (mbar) (7.2 inHg) | etapas: \u00fanico | puertos de succi\u00f3n y descarga: 2 pulgadas NPT | <\/span><span class=\"a-list-item\">Potencia: 2.55 kW (3.4HP) | fase: Tres | 208 voltios \u2013 60 Hz | ruido: 71 dB (A) | incluye cable de 6 pies con enchufe de Estados Unidos<\/span><\/p>\n","protected":false},"excerpt":{"rendered":"<p><img class=\"alignnone size-full wp-image-4975\" src=\"https:\/\/ingenieriasae.com\/acuicultura\/wp-content\/uploads\/2020\/01\/Ekko-Logo.png\" alt=\"\" width=\"100\" height=\"50\" \/><\/p>\n<p>Ll\u00e1manos<span style=\"font-size: 1rem;\"> para cotizar:<\/span><\/p>\n<p><strong>Caracter\u00edsticas:<\/strong><\/p>\n<ul>\n<li><span class=\"a-list-item\">Flujo de aire: 315 m3\/h (185 CFM)<\/span><\/li>\n<li><span class=\"a-list-item\">Presi\u00f3n: 230 mbar (3.34 psi)<\/span><\/li>\n<li><span class=\"a-list-item\">Vac\u00edo: -245 (mbar) (7.2 in Hg)<\/span><\/li>\n<li><span class=\"a-list-item\">Etapas: \u00fanico<\/span><\/li>\n<li><span class=\"a-list-item\">Puertos de succi\u00f3n y descarga: 2 pulgadas NPT<\/span><\/li>\n<li><span class=\"a-list-item\">Potencia: 2.55 kW (3.4HP)<\/span><\/li>\n<li><span class=\"a-list-item\">Fase: Tres | 208 voltios \u2013 60 Hz <\/span><\/li>\n<li><span class=\"a-list-item\">Ruido: 71 dB (A)<\/span><\/li>\n<li>Dimensi\u00f3n del soplador: Longitud: 20 \/ Ancho: 15 \/ Altura: 12 (pulgadas) \/ Peso: 24 libras<\/li>\n<\/ul>\n","protected":false},"featured_media":10985,"template":"","meta":{"_seopress_robots_primary_cat":"none"},"_links":{"self":[{"href":"https:\/\/lifebyair.com\/es\/wp-json\/wp\/v2\/product\/11827"}],"collection":[{"href":"https:\/\/lifebyair.com\/es\/wp-json\/wp\/v2\/product"}],"about":[{"href":"https:\/\/lifebyair.com\/es\/wp-json\/wp\/v2\/types\/product"}],"version-history":[{"count":1,"href":"https:\/\/lifebyair.com\/es\/wp-json\/wp\/v2\/product\/11827\/revisions"}],"predecessor-version":[{"id":11829,"href":"https:\/\/lifebyair.com\/es\/wp-json\/wp\/v2\/product\/11827\/revisions\/11829"}],"wp:featuredmedia":[{"embeddable":true,"href":"https:\/\/lifebyair.com\/es\/wp-json\/wp\/v2\/media\/10985"}],"wp:attachment":[{"href":"https:\/\/lifebyair.com\/es\/wp-json\/wp\/v2\/media?parent=11827"}],"curies":[{"name":"wp","href":"https:\/\/api.w.org\/{rel}","templated":true}]}}