                                                                                                                                                                                                                                                                                                                                                                                                                                                                                                                                                                                                                                                                                                                                                                                                                                                                                                                                                                                                                                                                                                                                                                                                                                                                                                                                                                                                                                                                                                                                                                                                                                                                                                                                                                                                                                                                                                                                                                                                                                                                                                                                                                                                                                                               {"id":11835,"date":"2025-10-24T22:07:41","date_gmt":"2025-10-24T22:07:41","guid":{"rendered":"https:\/\/lifebyair.com\/es\/?post_type=product&#038;p=11835"},"modified":"2025-10-24T22:55:59","modified_gmt":"2025-10-24T22:55:59","slug":"mbbr-eeve675-reactor-de-biopelicula-de-flujo-ascendente","status":"publish","type":"product","link":"https:\/\/lifebyair.com\/es\/producto\/mbbr-eeve675-reactor-de-biopelicula-de-flujo-ascendente\/","title":{"rendered":"MBBR EEVE675 | Reactor de biopel\u00edcula de flujo ascendente"},"content":{"rendered":"<p><strong>SSI MBBR EEVE675 | reactor de biopel\u00edcula de lecho m\u00f3vil de grado industrial | Polietileno virgen de alta densidad<\/strong><\/p>\n<p>El sistema <strong>EEVolved MBBR de SSI<\/strong> utiliza tecnolog\u00eda de aireaci\u00f3n avanzada con ingenier\u00eda optimizada de portadores de biopel\u00edcula para proporcionar el sistema MBBR m\u00e1s eficiente energ\u00e9ticamente, compacto y sin mantenimiento del mercado. Los sistemas EEVolved MBBR est\u00e1n dise\u00f1ados para ser resistentes y funcionar con una vida \u00fatil t\u00edpica de los componentes de entre 10 y 20 a\u00f1os. Con nuestro enfoque en la calidad, nuestros sistemas est\u00e1n dise\u00f1ados para durar.<\/p>\n","protected":false},"excerpt":{"rendered":"<p><img class=\"alignnone size-full wp-image-4728\" src=\"https:\/\/lifebyair.com\/wp-content\/uploads\/2020\/01\/SSI_LOGO.jpg\" alt=\"\" width=\"72\" height=\"36\" \/><\/p>\n<p><strong>Caracter\u00edsticas:<\/strong><\/p>\n<ul>\n<li class=\"a-spacing-mini\"><span class=\"a-list-item\"><span dir=\"auto\"><span dir=\"auto\">Proporciona una amplia superficie para el crecimiento de biopel\u00edculas (los microorganismos se adhieren y crecen en ellas). SSI MBBR proporciona la m\u00e1xima superficie para el crecimiento de bacterias beneficiosas, lo que favorece el ciclo de nitrificaci\u00f3n, lo que lo convierte en el medio MBBR m\u00e1s rentable del mercado.<\/span><\/span><\/span><\/li>\n<li class=\"a-spacing-mini\"><span class=\"a-list-item\"><span dir=\"auto\"><span dir=\"auto\">Propiedades f\u00edsicas: Material: Polietileno virgen de alta densidad (HDPE) | Gravedad espec\u00edfica: 0,96 +\/- 0,01 &#8211; Densidad aparente: 125 +\/- 5 kg\/m3 | Dimensiones del medio: Di\u00e1metro exterior: 25 mm (1 pulgada) &#8211; Longitud del cilindro: 12 mm (0,5 pulgadas) | Caracter\u00edsticas de rendimiento: \u00c1rea superficial total: 675 m2\/m3 &#8211; \u00c1rea superficial protegida: 575 m2\/m3.<\/span><\/span><\/span><\/li>\n<li class=\"a-spacing-mini\"><span class=\"a-list-item\"><span dir=\"auto\"><span dir=\"auto\">El SSI MBBR se puede utilizar en acuarios de agua dulce y marina, filtros de estanques, acuapon\u00eda, acuicultura, hidropon\u00eda, filtraci\u00f3n de agua y mucho m\u00e1s. Es un regalo ideal para quienes tienen una pecera o cultivan plantas hidrop\u00f3nicamente.<\/span><\/span><\/span><\/li>\n<li class=\"a-spacing-mini\"><span class=\"a-list-item\"><span dir=\"auto\"><span dir=\"auto\">F\u00e1cil de usar: \u00a1Simplemente m\u00e9telo en el agua y olv\u00eddate! El medio filtrante Bio Media Plus est\u00e1 dise\u00f1ado para autolimpiarse. Los portadores se mantienen en suspensi\u00f3n mediante aireaci\u00f3n, lo que garantiza una distribuci\u00f3n uniforme del medio y el ox\u00edgeno para un tratamiento eficiente.<\/span><\/span><\/span><\/li>\n<li class=\"a-spacing-mini\"><span class=\"a-list-item\"><span dir=\"auto\"><span dir=\"auto\">Se utiliza en: Plantas de Tratamiento de Aguas Residuales (PTAR), Acuapon\u00eda, Acuicultura, Hidropon\u00eda, Estanques, Lagos, Acuarios, Estanques de Piscinas y m\u00e1s. Ideal para instalaciones con espacio limitado o para modernizar plantas de tratamiento existentes. Proporciona una alta eliminaci\u00f3n de DBO, DQO y amon\u00edaco. Puede dise\u00f1arse para nitrificaci\u00f3n, desnitrificaci\u00f3n o eliminaci\u00f3n de f\u00f3sforo, seg\u00fan sus necesidades.<\/span><\/span><\/span><\/li>\n<li class=\"a-spacing-mini\"><span class=\"a-list-item\"><span dir=\"auto\"><span dir=\"auto\">Sistema autorregulador: La biopel\u00edcula se ajusta autom\u00e1ticamente a la carga de peces o plantas y a la tasa de alimentaci\u00f3n. A mayor cantidad de desechos, mayor crecimiento bacteriano, y viceversa. Esto hace que el MBBR SSI sea muy estable y requiera poco mantenimiento una vez madurado. El mejor MBBR para crear el entorno perfecto para peces y plantas. Larga vida \u00fatil: a menudo de 10 a 20 a\u00f1os o m\u00e1s. Los soportes se autolimpian gracias al movimiento continuo y a las fuerzas de cizallamiento.<\/span><\/span><\/span><\/li>\n<li>\n<div id=\"featurebullets_feature_div\" class=\"celwidget\" data-feature-name=\"featurebullets\" data-csa-c-type=\"widget\" data-csa-c-content-id=\"featurebullets\" data-csa-c-slot-id=\"featurebullets_feature_div\" data-csa-c-asin=\"B0FX5MQSGH\" data-csa-c-is-in-initial-active-row=\"false\" data-csa-c-id=\"hui554-u1xeqj-2rb54m-p6g41r\" data-cel-widget=\"featurebullets_feature_div\">\n<div id=\"feature-bullets\" class=\"a-section a-spacing-medium a-spacing-top-small\">\n<ul class=\"a-unordered-list a-vertical a-spacing-mini\">\n<li class=\"a-spacing-mini\"><span class=\"a-list-item\"><span dir=\"auto\">Producto original de SSI Aeration, Inc. \u2013 N\u00famero de pieza: EEVE675 \u2013 Disponible a granel para plantas de tratamiento de agua (PTAR) de gran tama\u00f1o. Garant\u00eda de devoluci\u00f3n de dinero.<\/span><\/span><\/li>\n<\/ul>\n<\/div>\n<\/div>\n<\/li>\n<\/ul>\n<h6><span style=\"color: #003366;\"><span style=\"color: #12ccc0;\"><strong><a style=\"color: #12ccc0;\" href=\"https:\/\/lifebyair.com\/contact-us\/\" target=\"_blank\" rel=\"noopener\">Call for Quote<\/a> <\/strong><\/span><span style=\"color: #000000;\">for purchases over 20 units!<\/span><\/span><\/h6>\n<p>&nbsp;<\/p>\n","protected":false},"featured_media":11846,"template":"","meta":{"_seopress_robots_primary_cat":"none"},"_links":{"self":[{"href":"https:\/\/lifebyair.com\/es\/wp-json\/wp\/v2\/product\/11835"}],"collection":[{"href":"https:\/\/lifebyair.com\/es\/wp-json\/wp\/v2\/product"}],"about":[{"href":"https:\/\/lifebyair.com\/es\/wp-json\/wp\/v2\/types\/product"}],"version-history":[{"count":2,"href":"https:\/\/lifebyair.com\/es\/wp-json\/wp\/v2\/product\/11835\/revisions"}],"predecessor-version":[{"id":11848,"href":"https:\/\/lifebyair.com\/es\/wp-json\/wp\/v2\/product\/11835\/revisions\/11848"}],"wp:featuredmedia":[{"embeddable":true,"href":"https:\/\/lifebyair.com\/es\/wp-json\/wp\/v2\/media\/11846"}],"wp:attachment":[{"href":"https:\/\/lifebyair.com\/es\/wp-json\/wp\/v2\/media?parent=11835"}],"curies":[{"name":"wp","href":"https:\/\/api.w.org\/{rel}","templated":true}]}}