                                                                                                                                                                                                                                                                                                                                                                                                                                                                                                                                                                                                                                                                                                                                                                                                                                                                                                                                                                                                                                                                                                                                                                                                                                                                                                                                                                                                                                                                                                                                                                                                                                                                                                                                                                                                                                                                                                                                                                                                                                                                                                                                                                                                                                                               {"id":4760,"date":"2020-01-03T14:29:58","date_gmt":"2020-01-03T14:29:58","guid":{"rendered":"https:\/\/lifebyair.com\/?post_type=product&#038;p=4760"},"modified":"2025-08-29T15:52:57","modified_gmt":"2025-08-29T15:52:57","slug":"difusor-aft-n2500e-difusor-de-tubo-auto-sumergible-epdm-20%e2%80%b3","status":"publish","type":"product","link":"https:\/\/lifebyair.com\/es\/producto\/difusor-aft-n2500e-difusor-de-tubo-auto-sumergible-epdm-20%e2%80%b3\/","title":{"rendered":"Difusor AFT-N2500E | Difusor de Tubo Auto-sumergible | EPDM 20\u2033"},"content":{"rendered":"<p><strong>AFT-N2500-E | Difusor de tubo de burbuja fina | Membrana EPDM 20\u2033 Pulgadas<\/strong><\/p>\n<p style=\"text-align: justify;\">Los difusores tubulares SSI ofrecen una alta eficiencia de transferencia de ox\u00edgeno, baja p\u00e9rdida de presi\u00f3n y son de f\u00e1cil instalaci\u00f3n. El sistema difusor tubular AFTS combina la excelencia en ingenier\u00eda, la calidad superior de los componentes y un dise\u00f1o de producto t\u00e9cnicamente avanzado.<\/p>\n<p style=\"text-align: justify;\">Este avanzado sistema, que ha demostrado ser muy duradero y eficaz en miles de instalaciones municipales e industriales de todo el mundo, es fiable en todas sus fases de funcionamiento. <strong>DIFUSOR TUBULAR DE BURBUJAS FINAS.<\/strong> El difusor tubular de SSI Aeration y los materiales avanzados de la membrana ofrecen una resistencia excepcional a los productos qu\u00edmicos y a las incrustaciones, adem\u00e1s de la mayor transferencia de ox\u00edgeno con una p\u00e9rdida de carga aceptable.<\/p>\n<p style=\"text-align: justify;\"><strong>LA CALIDAD HACE DEL DIFUSOR TUBULAR DE SSI LA MEJOR OPCI\u00d3N PARA REJILLAS RETROREVABLES<\/strong> Tama\u00f1o y forma est\u00e1ndar en el sector, intercambiable con otros sistemas Opciones de conexi\u00f3n: conexi\u00f3n de tuber\u00eda con boquilla est\u00e1ndar o montaje en montura Snappy de SSI, que facilita la instalaci\u00f3n por una sola persona. Variedad de longitudes, di\u00e1metros y membranas en materiales del siglo XXI.<\/p>\n<p style=\"text-align: justify;\">Excelente resistencia a las incrustaciones gracias a las capas superficiales recubiertas de <strong>PTFE, EPDM, EPDM<\/strong> antiest\u00e1tico M\u00faltiples v\u00e1lvulas de retenci\u00f3n integrales para mantener limpio su sistema de tuber\u00edas de aireaci\u00f3n Membranas moldeadas con termopares individuales en cada cavidad que proporcionan un control de calidad del 100% Bajo contenido de plastificante en la membrana para reducir la contracci\u00f3n y el endurecimiento, pero suficiente para evitar la fluencia Resistencia a temperaturas de 212F (100C) y cuerpo de ABS de alta temperatura respetuoso con el medio ambiente. Precio asequible para primer uso o reequipamiento.<\/p>\n","protected":false},"excerpt":{"rendered":"<p><img class=\"alignnone size-full wp-image-4728\" src=\"https:\/\/lifebyair.com\/wp-content\/uploads\/2020\/01\/SSI_LOGO.jpg\" alt=\"\" width=\"72\" height=\"36\" \/><\/p>\n<p><strong>Caracter\u00edsticas:<\/strong><\/p>\n<ul>\n<li>Tama\u00f1o y forma est\u00e1ndar de la industria.<\/li>\n<li>Intercambiable con otros sistemas.<\/li>\n<li>Opciones de conector: conexi\u00f3n de tuber\u00eda de niple est\u00e1ndar o montaje de silleta SSI que facilita la instalaci\u00f3n.<\/li>\n<li>Excelente resistencia a las incrustaciones gracias a las capas superficiales recubiertas de PTFE, EPDM, EPDM antiest\u00e1tico.<\/li>\n<li>Membranas moldeadas por compresi\u00f3n. Cada membrana es verificada para una profundidad de perforaci\u00f3n uniforme para asegurar liberaci\u00f3n de aire uniforme.<\/li>\n<li>Bajo contenido de plastificante de membrana para reducir la contracci\u00f3n y endurecimiento.<\/li>\n<li>Membranas de burbujas ultra-finas reforzadas y revestidas para excelente resistencia qu\u00edmica y resistencia al atascamiento.<\/li>\n<li>Resistencia a la temperatura 100\u00b0C y cuerpo de ABS.<\/li>\n<\/ul>\n","protected":false},"featured_media":11640,"template":"","meta":{"_seopress_robots_primary_cat":"none"},"_links":{"self":[{"href":"https:\/\/lifebyair.com\/es\/wp-json\/wp\/v2\/product\/4760"}],"collection":[{"href":"https:\/\/lifebyair.com\/es\/wp-json\/wp\/v2\/product"}],"about":[{"href":"https:\/\/lifebyair.com\/es\/wp-json\/wp\/v2\/types\/product"}],"version-history":[{"count":10,"href":"https:\/\/lifebyair.com\/es\/wp-json\/wp\/v2\/product\/4760\/revisions"}],"predecessor-version":[{"id":5048,"href":"https:\/\/lifebyair.com\/es\/wp-json\/wp\/v2\/product\/4760\/revisions\/5048"}],"wp:featuredmedia":[{"embeddable":true,"href":"https:\/\/lifebyair.com\/es\/wp-json\/wp\/v2\/media\/11640"}],"wp:attachment":[{"href":"https:\/\/lifebyair.com\/es\/wp-json\/wp\/v2\/media?parent=4760"}],"curies":[{"name":"wp","href":"https:\/\/api.w.org\/{rel}","templated":true}]}}