                                                                                                                                                                                                                                                                                                                                                                                                                                                                                                                                                                                                                                                                                                                                                                                                                                                                                                                                                                                                                                                                                                                                                                                                                                                                                                                                                                                                                                                                                                                                                                                                                                                                                                                                                                                                                                                                                                                                                                                                                                                                                                                                                                                                                                                               {"id":4765,"date":"2020-01-03T14:35:22","date_gmt":"2020-01-03T14:35:22","guid":{"rendered":"https:\/\/lifebyair.com\/?post_type=product&#038;p=4765"},"modified":"2026-03-11T19:29:40","modified_gmt":"2026-03-11T19:29:40","slug":"difusor-ecd270-e-difusor-de-disco-burbuja-fina-epdm-9%e2%80%b3","status":"publish","type":"product","link":"https:\/\/lifebyair.com\/es\/producto\/difusor-ecd270-e-difusor-de-disco-burbuja-fina-epdm-9%e2%80%b3\/","title":{"rendered":"Difusor ECD270-E | Difusor de Disco Burbuja Fina | EPDM 9\u2033"},"content":{"rendered":"<p><strong>Difusor ECD270-E | Difusor de Disco Burbuja Fina | EPDM 9\u2033<\/strong><\/p>\n<p style=\"text-align: justify;\">Los <strong>difusores de burbuja fina<\/strong> tipo disco de la marca <strong>SSI<\/strong> combinan excelencia en ingenier\u00eda, componentes de alta calidad y un dise\u00f1o de avanzada. Se caracterizan por ser altamente duraderos y eficientes en miles de proyectos de tipo municipal e industrial en los que han sido usados alrededor del mundo.<\/p>\n<p style=\"text-align: justify;\">Dentro de sus muchas aplicaciones est\u00e1 la aireaci\u00f3n con alta transferencia de ox\u00edgeno en acuicultura para peces, moluscos, crust\u00e1ceos y plantas acu\u00e1ticas, adem\u00e1s de evitar reproducci\u00f3n de mosquitos en estanques y lagos haciendo circular y agitando el agua superficial.<\/p>\n<ul>\n<li>Alta eficiencia en transferencia de ox\u00edgeno con la menor ca\u00edda de presi\u00f3n.<\/li>\n<li>Tama\u00f1o y forma est\u00e1ndar de la industria.<\/li>\n<li>Membrana con perforaciones que abren cuando hay flujo de aire y se cierran cuando \u00e9ste se detiene, lo que aumenta la resistencia de las ranuras al desgarro y se mantienen limpios por m\u00e1s tiempo.<\/li>\n<li>F\u00e1cil instalaci\u00f3n ya sea con adaptador tipo grommet o collar\u00edn.<\/li>\n<li>Alta resistencia t\u00e9rmica llegando a los 100\u00ba C.<\/li>\n<li>Cuerpo en polipropileno ecol\u00f3gico.<\/li>\n<li>Membranas moldeadas por compresi\u00f3n. Cada membrana es verificada para una profundidad de perforaci\u00f3n uniforme para asegurar liberaci\u00f3n de aire uniforme.<\/li>\n<li>Bajo contenido de plastificante de membrana para reducir la contracci\u00f3n y endurecimiento.<\/li>\n<li>Membranas de burbujas ultra-finas reforzadas y revestidas para excelente resistencia qu\u00edmica y resistencia al atascamiento.<\/li>\n<\/ul>\n<p>El modelo ECD270-E es un difusor tipo disco de burbuja fina de 9&#8243; de di\u00e1metro.<\/p>\n","protected":false},"excerpt":{"rendered":"<p><img class=\"alignnone size-full wp-image-4728\" src=\"https:\/\/lifebyair.com\/wp-content\/uploads\/2020\/01\/SSI_LOGO.jpg\" alt=\"\" width=\"72\" height=\"36\" \/><\/p>\n<p><strong>Caracter\u00edsticas:<\/strong><\/p>\n<ul>\n<li><span class=\"a-list-item\">Difusor de burbujas finas &#8220;Single Mold&#8221; &#8211; ECD270-E &#8211; Disco EPDM de 9&#8243; por SSI<\/span><\/li>\n<li><span class=\"a-list-item\">El dise\u00f1o de molde \u00fanico no permite el reemplazo de membrana.<\/span><\/li>\n<li><span class=\"a-list-item\">Los difusores SSI se pueden montar en una amplia gama de materiales para tuber\u00edas, incluyendo PVC, CPVC, PP y acero inoxidable.<\/span><\/li>\n<li><span class=\"a-list-item\">Membrana EPDM est\u00e1ndar<\/span><\/li>\n<li><span class=\"a-list-item\">Dise\u00f1o de molde \u00fanico que permite ahorrar costos.<\/span><\/li>\n<\/ul>\n","protected":false},"featured_media":11673,"template":"","meta":{"_seopress_robots_primary_cat":"none"},"_links":{"self":[{"href":"https:\/\/lifebyair.com\/es\/wp-json\/wp\/v2\/product\/4765"}],"collection":[{"href":"https:\/\/lifebyair.com\/es\/wp-json\/wp\/v2\/product"}],"about":[{"href":"https:\/\/lifebyair.com\/es\/wp-json\/wp\/v2\/types\/product"}],"version-history":[{"count":11,"href":"https:\/\/lifebyair.com\/es\/wp-json\/wp\/v2\/product\/4765\/revisions"}],"predecessor-version":[{"id":11676,"href":"https:\/\/lifebyair.com\/es\/wp-json\/wp\/v2\/product\/4765\/revisions\/11676"}],"wp:featuredmedia":[{"embeddable":true,"href":"https:\/\/lifebyair.com\/es\/wp-json\/wp\/v2\/media\/11673"}],"wp:attachment":[{"href":"https:\/\/lifebyair.com\/es\/wp-json\/wp\/v2\/media?parent=4765"}],"curies":[{"name":"wp","href":"https:\/\/api.w.org\/{rel}","templated":true}]}}