                                                                                                                                                                                                                                                                                                                                                                                                                                                                                                                                                                                                                                                                                                                                                                                                                                                                                                                                                                                                                                                                                                                                                                                                                                                                                                                                                                                                                                                                                                                                                                                                                                                                                                                                                                                                                                                                                                                                                                                                                                                                                                                                                                                                                                                               {"id":4781,"date":"2020-01-03T14:52:51","date_gmt":"2020-01-03T14:52:51","guid":{"rendered":"https:\/\/lifebyair.com\/?post_type=product&#038;p=4781"},"modified":"2021-09-07T19:36:05","modified_gmt":"2021-09-07T19:36:05","slug":"conector-gr-6-conector-de-ojal-a-tuberia-aireacion","status":"publish","type":"product","link":"https:\/\/lifebyair.com\/es\/producto\/conector-gr-6-conector-de-ojal-a-tuberia-aireacion\/","title":{"rendered":"Conector GR-6 | Conector de Ojal a Tuber\u00eda | Aireaci\u00f3n"},"content":{"rendered":"<p><strong>Conector GR6 | Conector de Ojal a Tuber\u00eda | Aireaci\u00f3n<\/strong><\/p>\n<p>El conector tipo <strong>grommet<\/strong> modelo <strong>GR6<\/strong> es la manera m\u00e1s adecuada para conectar <strong>difusores de disco<\/strong> y <strong>difusores de burbuja gruesa<\/strong> a la tuber\u00eda gracias a su f\u00e1cil instalaci\u00f3n, simplemente deben ser insertados en un orificio recto de 1-1\/4&#8243;(32 mm) perforado en tuber\u00eda de PVC o acero inoxidable de 2.5&#8243; a 6&#8243; de di\u00e1metro (60 mm a 150 mm). Es econ\u00f3mico y confiable.<br \/>\nMaterial de fabricaci\u00f3n PVC blando.<\/p>\n","protected":false},"excerpt":{"rendered":"<p><img class=\"alignnone size-full wp-image-4728\" src=\"https:\/\/lifebyair.com\/wp-content\/uploads\/2020\/01\/SSI_LOGO.jpg\" alt=\"\" width=\"72\" height=\"36\" \/><\/p>\n<p><strong>Caracter\u00edsticas:<\/strong><\/p>\n<ul>\n<li>Material: PVC blando.<\/li>\n<li>Deben ser insertados en un orificio recto de 1-1\/4&#8243;(32 mm) perforado.<\/li>\n<li>Instalar en tuber\u00eda de PVC o acero inoxidable de 2.5&#8243; a 6&#8243; de di\u00e1metro (60 mm a 150 mm).<\/li>\n<li>Es econ\u00f3mico y confiable.<\/li>\n<\/ul>\n","protected":false},"featured_media":5746,"template":"","meta":{"_seopress_robots_primary_cat":"none"},"_links":{"self":[{"href":"https:\/\/lifebyair.com\/es\/wp-json\/wp\/v2\/product\/4781"}],"collection":[{"href":"https:\/\/lifebyair.com\/es\/wp-json\/wp\/v2\/product"}],"about":[{"href":"https:\/\/lifebyair.com\/es\/wp-json\/wp\/v2\/types\/product"}],"version-history":[{"count":7,"href":"https:\/\/lifebyair.com\/es\/wp-json\/wp\/v2\/product\/4781\/revisions"}],"predecessor-version":[{"id":11193,"href":"https:\/\/lifebyair.com\/es\/wp-json\/wp\/v2\/product\/4781\/revisions\/11193"}],"wp:featuredmedia":[{"embeddable":true,"href":"https:\/\/lifebyair.com\/es\/wp-json\/wp\/v2\/media\/5746"}],"wp:attachment":[{"href":"https:\/\/lifebyair.com\/es\/wp-json\/wp\/v2\/media?parent=4781"}],"curies":[{"name":"wp","href":"https:\/\/api.w.org\/{rel}","templated":true}]}}