                                                                                                                                                                                                                                                                                                                                                                                                                                                                                                                                                                                                                                                                                                                                                                                                                                                                                                                                                                                                                                                                                                                                                                                                                                                                                                                                                                                                                                                                                                                                                                                                                                                                                                                                                                                                                                                                                                                                                                                                                                                                                                                                                                                                                                                               {"id":4785,"date":"2020-01-03T14:55:56","date_gmt":"2020-01-03T14:55:56","guid":{"rendered":"https:\/\/lifebyair.com\/?post_type=product&#038;p=4785"},"modified":"2025-08-29T15:57:48","modified_gmt":"2025-08-29T15:57:48","slug":"difusor-r-ball-e-difusor-de-burbuja-gruesa-epdm-3%e2%80%b3","status":"publish","type":"product","link":"https:\/\/lifebyair.com\/es\/producto\/difusor-r-ball-e-difusor-de-burbuja-gruesa-epdm-3%e2%80%b3\/","title":{"rendered":"Difusor R-Ball-E | Difusor de Burbuja Gruesa | EPDM 3\u2033"},"content":{"rendered":"<p><strong>Difusor R-Ball-E<\/strong><\/p>\n<p style=\"text-align: justify;\">El <strong>difusor ReliaBall<\/strong> es un sistema de difusi\u00f3n de <strong>burbuja gruesa<\/strong> de la marca <strong>SSI<\/strong> que combina excelencia en ingenier\u00eda, alta calidad de componentes y un dise\u00f1o de producto t\u00e9cnicamente avanzado. Es altamente duradero y eficiente en miles de instalaciones municipales e industriales en todo el mundo.<\/p>\n","protected":false},"excerpt":{"rendered":"<p><img class=\"alignnone size-full wp-image-4728\" src=\"https:\/\/lifebyair.com\/wp-content\/uploads\/2020\/01\/SSI_LOGO.jpg\" alt=\"\" width=\"72\" height=\"36\" \/><\/p>\n<p><strong>Caracter\u00edsticas:<\/strong><\/p>\n<ul>\n<li>Di\u00e1metro de 3&#8221;.<\/li>\n<li>Membrana fabricada en EPDM.<\/li>\n<li>Conexi\u00f3n de \u00be\u201d NPT.<\/li>\n<li>Dise\u00f1ado para evitar obstrucciones.<\/li>\n<li>Ca\u00edda de presi\u00f3n de 10 \u2033 WG \/ 25 mbar aproximadamente.<\/li>\n<li>Rango de operaci\u00f3n: 0 a 10 scfm \/ 0-17 Sm3-hr.<\/li>\n<li>Tuber\u00eda de pared m\u00e1s gruesa y anclajes dobles para menos roturas.<\/li>\n<li>F\u00e1cil de conectar e instalar.<\/li>\n<\/ul>\n","protected":false},"featured_media":11716,"template":"","meta":{"_seopress_robots_primary_cat":"none"},"_links":{"self":[{"href":"https:\/\/lifebyair.com\/es\/wp-json\/wp\/v2\/product\/4785"}],"collection":[{"href":"https:\/\/lifebyair.com\/es\/wp-json\/wp\/v2\/product"}],"about":[{"href":"https:\/\/lifebyair.com\/es\/wp-json\/wp\/v2\/types\/product"}],"version-history":[{"count":12,"href":"https:\/\/lifebyair.com\/es\/wp-json\/wp\/v2\/product\/4785\/revisions"}],"predecessor-version":[{"id":11717,"href":"https:\/\/lifebyair.com\/es\/wp-json\/wp\/v2\/product\/4785\/revisions\/11717"}],"wp:featuredmedia":[{"embeddable":true,"href":"https:\/\/lifebyair.com\/es\/wp-json\/wp\/v2\/media\/11716"}],"wp:attachment":[{"href":"https:\/\/lifebyair.com\/es\/wp-json\/wp\/v2\/media?parent=4785"}],"curies":[{"name":"wp","href":"https:\/\/api.w.org\/{rel}","templated":true}]}}