                                                                                                                                                                                                                                                                                                                                                                                                                                                                                                                                                                                                                                                                                                                                                                                                                                                                                                                                                                                                                                                                                                                                                                                                                                                                                                                                                                                                                                                                                                                                                                                                                                                                                                                                                                                                                                                                                                                                                                                                                                                                                                                                                                                                                                                               {"id":5104,"date":"2020-01-30T12:56:33","date_gmt":"2020-01-30T12:56:33","guid":{"rendered":"https:\/\/lifebyair.com\/?post_type=product&#038;p=5104"},"modified":"2025-08-29T23:04:58","modified_gmt":"2025-08-29T23:04:58","slug":"filtro-de-agua-ezbio20-doble-nucleo-de-filtracion-malla-fina-malla-gruesa","status":"publish","type":"product","link":"https:\/\/lifebyair.com\/es\/producto\/filtro-de-agua-ezbio20-doble-nucleo-de-filtracion-malla-fina-malla-gruesa\/","title":{"rendered":"Filtro de agua EZBIO20 | Doble N\u00facleo de Filtraci\u00f3n | Malla Fina + Malla Gruesa"},"content":{"rendered":"<p><strong>Filtro de agua EZBIO20<\/strong><\/p>\n<p style=\"text-align: justify;\">El modelo EZBIO20 de la marca <strong>Matala\u00ae<\/strong>\u00a0es un <strong>n\u00facleo de filtraci\u00f3n<\/strong> que favorece la proliferaci\u00f3n de bacterias beneficiosas que mejoran la calidad del agua. Se trata de una malla verde gruesa que proporciona <strong>filtraci\u00f3n mec\u00e1nica<\/strong> y<strong> biol\u00f3gica,<\/strong>\u00a0previene la reducci\u00f3n de flujo y el atascamiento, favoreciendo la vida \u00fatil de la bomba.<\/p>\n<p style=\"text-align: justify;\">Maneja un flujo m\u00e1ximo en pre-filtrado de <span style=\"font-weight: 400;\">10,000 GPH<\/span>\u00a0y un tama\u00f1o vers\u00e1til con solo 7.9&#8243; de di\u00e1metro x 13.4&#8243; de altura.<\/p>\n<p style=\"text-align: justify;\"><strong>Filtro de agua Matala EZ Bio 20<\/strong> | Prefiltraci\u00f3n mec\u00e1nica para bombas | Filtraci\u00f3n progresiva de \u00faltima generaci\u00f3n | Los m\u00faltiples tama\u00f1os de poros y la densidad progresiva reducen dr\u00e1sticamente los atascos.<\/p>\n<p style=\"text-align: justify;\"><strong>Mejora la eficiencia de la bomba:<\/strong> Evita la reducci\u00f3n del caudal hasta la obstrucci\u00f3n prematura | Mejora la conversi\u00f3n de energ\u00eda en caudal de agua | Prolonga la vida \u00fatil de la bomba | Construcci\u00f3n robusta<\/p>\n<p style=\"text-align: justify;\"><strong>Instalaci\u00f3n f\u00e1cil:<\/strong> Se conecta a muchos tipos de bombas | Limpieza: Mantenimiento m\u00ednimo, dise\u00f1o de baja obstrucci\u00f3n | Simplemente limpie el medio filtrante con agua del grifo &#8211; Prefiltro de repuesto para bomba Mag Drive<\/p>\n<p style=\"text-align: justify;\"><strong>Incluye:<\/strong> Boquilla de manguera de 3 secciones 1\u2033, 1-1\/4\u2033, 1-1\/2\u2033 | Adaptador 1-1\/2\u2033 NPT +1-1\/2\u2033 de boquilla | Abrazadera 1-1\/4\u2033+1-1\/2\u2033 | Abrazadera 1\u2033+1-1\/2\u2033 | Caudal m\u00e1ximo: <span style=\"font-weight: 400;\">10,000 GPH &#8211; 37,850 LPH<\/span>\u00a0| Puede colocarse a cualquier distancia de la bomba.<\/p>\n<p style=\"text-align: justify;\"><strong>Utilizado en:<\/strong> Estanques, lagos, piscifactor\u00edas comerciales, estanques koi, acuicultura, alguicultura, maricultura, criaderos de camarones, acuarios grandes, estanques de piscinas, canales, embarcaderos, fuentes de agua y m\u00e1s.<\/p>\n<p style=\"text-align: justify;\">entornos acu\u00e1ticos como estanques de peces, acuarios, lagos o proyectos de acuicultura, el ox\u00edgeno es el factor m\u00e1s limitante para el \u00e9xito | La aireaci\u00f3n mantiene vivas las plantas y los animales en el agua | Contacte con<strong> Life by Air<\/strong> para m\u00e1s informaci\u00f3n.<\/p>\n","protected":false},"excerpt":{"rendered":"<p><img class=\"alignnone size-full wp-image-5147\" src=\"https:\/\/lifebyair.com\/wp-content\/uploads\/2020\/01\/logo-matala-1.jpg\" alt=\"\" width=\"120\" height=\"46\" \/><\/p>\n<p><strong>Caracter\u00edsticas:<\/strong><\/p>\n<ul>\n<li>N\u00facleo de filtraci\u00f3n<\/li>\n<li>Malla verde gruesa que proporciona filtraci\u00f3n mec\u00e1nica y biol\u00f3gica<\/li>\n<li>Previene la reducci\u00f3n de flujo y el atascamiento<\/li>\n<li>Favorece la vida \u00fatil de la bomba.<\/li>\n<li>Flujo m\u00e1ximo en pre-filtrado de 10.000 GPH<\/li>\n<li>Tama\u00f1o vers\u00e1til de 7.9&#8243; de di\u00e1metro x 13.4&#8243; de altura.<\/li>\n<\/ul>\n","protected":false},"featured_media":11766,"template":"","meta":{"_seopress_robots_primary_cat":"none"},"_links":{"self":[{"href":"https:\/\/lifebyair.com\/es\/wp-json\/wp\/v2\/product\/5104"}],"collection":[{"href":"https:\/\/lifebyair.com\/es\/wp-json\/wp\/v2\/product"}],"about":[{"href":"https:\/\/lifebyair.com\/es\/wp-json\/wp\/v2\/types\/product"}],"version-history":[{"count":12,"href":"https:\/\/lifebyair.com\/es\/wp-json\/wp\/v2\/product\/5104\/revisions"}],"predecessor-version":[{"id":11775,"href":"https:\/\/lifebyair.com\/es\/wp-json\/wp\/v2\/product\/5104\/revisions\/11775"}],"wp:featuredmedia":[{"embeddable":true,"href":"https:\/\/lifebyair.com\/es\/wp-json\/wp\/v2\/media\/11766"}],"wp:attachment":[{"href":"https:\/\/lifebyair.com\/es\/wp-json\/wp\/v2\/media?parent=5104"}],"curies":[{"name":"wp","href":"https:\/\/api.w.org\/{rel}","templated":true}]}}