                                                                                                                                                                                                                                                                                                                                                                                                                                                                                                                                                                                                                                                                                                                                                                                                                                                                                                                                                                                                                                                                                                                                                                                                                                                                                                                                                                                                                                                                                                                                                                                                                                                                                                                                                                                                                                                                                                                                                                                                                                                                                                                                                                                                                                                               {"id":5251,"date":"2020-02-07T13:10:13","date_gmt":"2020-02-07T13:10:13","guid":{"rendered":"https:\/\/lifebyair.com\/?post_type=product&#038;p=5251"},"modified":"2026-03-06T16:14:21","modified_gmt":"2026-03-06T16:14:21","slug":"conector-3shm-conector-de-manguera-accesorios-de-tuberia-ajustables-para-mangueras-de-3-tamanos-diferentes-%e2%85%9c-%c2%bd-%e2%85%9d","status":"publish","type":"product","link":"https:\/\/lifebyair.com\/es\/producto\/conector-3shm-conector-de-manguera-accesorios-de-tuberia-ajustables-para-mangueras-de-3-tamanos-diferentes-%e2%85%9c-%c2%bd-%e2%85%9d\/","title":{"rendered":"Conector 3SHM | Conector de Manguera | Accesorios de Tuber\u00eda Ajustables para Mangueras de 3 Tama\u00f1os Diferentes \u215c&#8221; &#8211; \u00bd&#8221; &#8211; \u215d&#8221;"},"content":{"rendered":"<p><strong>Conector 3SHM | Conector de Manguera | Accesorios de Tuber\u00eda Ajustables para Mangueras de 3 Tama\u00f1os Diferentes \u215c&#8221; &#8211; \u00bd&#8221; &#8211; \u215d&#8221;<\/strong><\/p>\n<p>Los <strong>conectores de manguera<\/strong> modelo <strong>3SHM<\/strong> de <strong>Matala\u00ae <\/strong>permiten conectar de manera sencilla mangueras de diferentes di\u00e1metros por ser ajustables a tres tama\u00f1os diferentes \u215c&#8221;, \u00bd&#8221; y\u00a0 \u215d&#8221;. Pueden ser usados con mangueras sumergibles, mangueras de aireaci\u00f3n, mangueras transparente y mangueras de presi\u00f3n, entre otras. Son vers\u00e1tiles y de excelente calidad.<\/p>\n","protected":false},"excerpt":{"rendered":"<p><img class=\"alignnone size-full wp-image-5147\" src=\"https:\/\/ingenieriasae.com\/acuicultura\/wp-content\/uploads\/2020\/01\/logo-matala-1.jpg\" alt=\"\" width=\"120\" height=\"46\" \/><\/p>\n<p><strong>Caracter\u00edsticas:<\/strong><\/p>\n<ul>\n<li>La forma m\u00e1s sencilla de conectar mangueras de diferentes di\u00e1metros.<\/li>\n<li>Peque\u00f1o: \u215c de pulgada<\/li>\n<li>Mediano = \u00bd pulgada<\/li>\n<li>Grande = \u215d de pulgada<\/li>\n<li>Reparador de mangueras de pl\u00e1stico para acuarios y sistemas de aireaci\u00f3n<\/li>\n<li>Aumente o baje con diferentes di\u00e1metros de manguera.<\/li>\n<li>Varias opciones de conexi\u00f3n | Opciones disponibles en T recta y de 3 v\u00edas.<\/li>\n<li>Se puede utilizar con manguera con peso, manguera de aireaci\u00f3n, manguera transparente y manguera de presi\u00f3n, entre otras.<\/li>\n<\/ul>\n<p><a href=\"https:\/\/lifebyair.com\/es\/contactenos\/\"><strong>\u00a0LLAME PARA DISPONIBILIDAD<\/strong><\/a><\/p>\n","protected":false},"featured_media":11298,"template":"","meta":{"_seopress_robots_primary_cat":"none"},"_links":{"self":[{"href":"https:\/\/lifebyair.com\/es\/wp-json\/wp\/v2\/product\/5251"}],"collection":[{"href":"https:\/\/lifebyair.com\/es\/wp-json\/wp\/v2\/product"}],"about":[{"href":"https:\/\/lifebyair.com\/es\/wp-json\/wp\/v2\/types\/product"}],"version-history":[{"count":10,"href":"https:\/\/lifebyair.com\/es\/wp-json\/wp\/v2\/product\/5251\/revisions"}],"predecessor-version":[{"id":11299,"href":"https:\/\/lifebyair.com\/es\/wp-json\/wp\/v2\/product\/5251\/revisions\/11299"}],"wp:featuredmedia":[{"embeddable":true,"href":"https:\/\/lifebyair.com\/es\/wp-json\/wp\/v2\/media\/11298"}],"wp:attachment":[{"href":"https:\/\/lifebyair.com\/es\/wp-json\/wp\/v2\/media?parent=5251"}],"curies":[{"name":"wp","href":"https:\/\/api.w.org\/{rel}","templated":true}]}}