                                                                                                                                                                                                                                                                                                                                                                                                                                                                                                                                                                                                                                                                                                                                                                                                                                                                                                                                                                                                                                                                                                                                                                                                                                                                                                                                                                                                                                                                                                                                                                                                                                                                                                                                                                                                                                                                                                                                                                                                                                                                                                                                                                                                                                                               {"id":5884,"date":"2020-04-01T16:00:58","date_gmt":"2020-04-01T16:00:58","guid":{"rendered":"https:\/\/lifebyair.com\/?post_type=product&#038;p=5884"},"modified":"2021-09-08T22:08:18","modified_gmt":"2021-09-08T22:08:18","slug":"gabinete-hc550a-c-conjunto-gabinete-con-compresor-4-2-cfm-para-3-difusores-de-aire","status":"publish","type":"product","link":"https:\/\/lifebyair.com\/es\/producto\/gabinete-hc550a-c-conjunto-gabinete-con-compresor-4-2-cfm-para-3-difusores-de-aire\/","title":{"rendered":"Gabinete HC550A-C | Conjunto Gabinete con Compresor 4.2 CFM para 3 Difusores de Aire"},"content":{"rendered":"","protected":false},"excerpt":{"rendered":"<p>&nbsp;<\/p>\n<p><img class=\"alignnone size-thumbnail wp-image-9715\" src=\"https:\/\/ingenieriasae.com\/acuicultura\/wp-content\/uploads\/2020\/01\/lifebyair-150x70.jpg\" alt=\"\" width=\"150\" height=\"70\" \/><\/p>\n<p><strong>Caracter\u00edsticas:<\/strong><\/p>\n<ul>\n<li>Accesorios incluidos: v\u00e1lvula solenoide, v\u00e1lvula de retenci\u00f3n, colector, man\u00f3metro, v\u00e1lvula de seguridad, conector pagoda, caja del condensador, soportes de vibraci\u00f3n.<\/li>\n<li>Compresor de aire para aireaci\u00f3n de estanques y lagos en aguas profundas con 1 o 2 difusores de aire.<\/li>\n<li>Peso liviano, operaci\u00f3n silenciosa, confiable, confiable, dise\u00f1o de bajo mantenimiento para operaci\u00f3n continua o intermitente. Config\u00faralo y olv\u00eddalo.<\/li>\n<li>Lubricaci\u00f3n de cojinetes y bielas sellados, c\u00e1mara de compresi\u00f3n de aire sin aceite y soportes de aislamiento de vibraci\u00f3n que absorben impactos para a\u00f1os de funcionamiento sin problemas.<\/li>\n<li>Voltaje: 120 V | Potencia: 550W | Presi\u00f3n: Continua 7,0 bar | Ruido: \u226452dB (A) | Peso: 19 Lb | 11 x 5 x 8 pulgadas.<\/li>\n<li>Es vers\u00e1til y te permite prepararte seg\u00fan el tama\u00f1o y la profundidad del estanque o lago.<\/li>\n<li>Los gabinetes a prueba de agua est\u00e1n disponibles con cerradura y llave para mayor seguridad.<\/li>\n<\/ul>\n<\/ul>\n<p><a href=\"https:\/\/lifebyair.com\/es\/contactenos\/\"><strong>\u00a0LLAME PARA DISPONIBILIDAD<\/strong><\/a><\/p>\n","protected":false},"featured_media":5890,"template":"","meta":{"_seopress_robots_primary_cat":"none"},"_links":{"self":[{"href":"https:\/\/lifebyair.com\/es\/wp-json\/wp\/v2\/product\/5884"}],"collection":[{"href":"https:\/\/lifebyair.com\/es\/wp-json\/wp\/v2\/product"}],"about":[{"href":"https:\/\/lifebyair.com\/es\/wp-json\/wp\/v2\/types\/product"}],"version-history":[{"count":12,"href":"https:\/\/lifebyair.com\/es\/wp-json\/wp\/v2\/product\/5884\/revisions"}],"predecessor-version":[{"id":11280,"href":"https:\/\/lifebyair.com\/es\/wp-json\/wp\/v2\/product\/5884\/revisions\/11280"}],"wp:featuredmedia":[{"embeddable":true,"href":"https:\/\/lifebyair.com\/es\/wp-json\/wp\/v2\/media\/5890"}],"wp:attachment":[{"href":"https:\/\/lifebyair.com\/es\/wp-json\/wp\/v2\/media?parent=5884"}],"curies":[{"name":"wp","href":"https:\/\/api.w.org\/{rel}","templated":true}]}}