                                                                                                                                                                                                                                                                                                                                                                                                                                                                                                                                                                                                                                                                                                                                                                                                                                                                                                                                                                                                                                                                                                                                                                                                                                                                                                                                                                                                                                                                                                                                                                                                                                                                                                                                                                                                                                                                                                                                                                                                                                                                                                                                                                                                                                                               {"id":6158,"date":"2020-04-06T14:37:42","date_gmt":"2020-04-06T14:37:42","guid":{"rendered":"https:\/\/lifebyair.com\/?post_type=product&#038;p=6158"},"modified":"2025-08-29T23:08:09","modified_gmt":"2025-08-29T23:08:09","slug":"bomba-hk-40lp-bomba-de-aire-70-lpm","status":"publish","type":"product","link":"https:\/\/lifebyair.com\/es\/producto\/bomba-hk-40lp-bomba-de-aire-70-lpm\/","title":{"rendered":"Bomba HK-40LP | Bomba de Aire | 70 LPM"},"content":{"rendered":"<p><strong>Bomba HK-40LP<\/strong><\/p>\n<p>La <strong>bomba de aire<\/strong> modelo HK-40LP marca <strong>Matala\u00ae<\/strong>\u00a0de la serie <strong>Hakko<\/strong> es un equipo de alta calidad y rendimiento, adecuado para uso en exteriores en estanques con profundidad m\u00e1xima de agua de hasta 2m y entre 5,000 y 16,000 galones, manejando un caudal de aire m\u00e1ximo de 70 lpm (2.5 CFM) y una capacidad nominal de 45 lpm (1.59 CFM). Cuenta con motor el\u00e9ctrico de 38 Watios de potencia a 110V , siendo muy eficiente en consumo de energ\u00eda.<\/p>\n<p><strong>Sus caracter\u00edsticas principales son:<\/strong><\/p>\n<ul>\n<li>Cuerpo fabricado en resina.<\/li>\n<li>Bajo nivel de ruido: 35 dB(A) a un metro de distancia en protocolo de campo abierto.<\/li>\n<li>Completamente libre de aceite.<\/li>\n<li>Protecci\u00f3n contra sobrecarga con interruptor autom\u00e1tico ON\/OFF en caso de sobrecalentamiento.<\/li>\n<li>Adecuado para uso en exteriores.<\/li>\n<li>110 voltios est\u00e1ndar. De requerirse a 220 voltios, se manejar\u00eda por pedido especial.<\/li>\n<li>Conexi\u00f3n de salida de 5\/8\u2033.<\/li>\n<li>Cable de alimentaci\u00f3n de 1.8m de longitud.<\/li>\n<li>F\u00e1cil mantenimiento.<\/li>\n<\/ul>\n","protected":false},"excerpt":{"rendered":"<p><img class=\"alignnone size-full wp-image-5147\" src=\"https:\/\/lifebyair.com\/wp-content\/uploads\/2020\/01\/logo-matala-1.jpg\" alt=\"\" width=\"120\" height=\"46\" \/><\/p>\n<p><strong>Caracter\u00edsticas:<\/strong><\/p>\n<ul>\n<li><span class=\"a-list-item\">Se utiliza para airear estanques, lagos, plantas de tratamiento de aguas residuales (WWTP), granjas de peces comerciales, estanques Koi, acuicultura, algacultura, maricultura, granjas de camarones, acuarios grandes, estanques de piscina, canales, deslizamientos de barco, deicing, puertos de env\u00edo, spas, jacuzzies, fuentes de agua, tanques s\u00e9pticos y mucho m\u00e1s<\/span><\/li>\n<li><span class=\"a-list-item\">Las bombas de aire Hakko son bombas de diafragma de alto volumen dise\u00f1adas para una variedad de aplicaciones de baja presi\u00f3n. La bomba de aire de 40 LP proporcionar\u00e1 un m\u00e1ximo de 70 litros por minuto. Solo 40 W utilizados<\/span><\/li>\n<li><span class=\"a-list-item\">El ajuste de salida es de aproximadamente 5\/8 pulgadas de di\u00e1metro exterior. | Cable de alimentaci\u00f3n de 5.9\u00a0ft suministrado | Tensi\u00f3n nominal: 120 voltios | Mantenimiento simple | Protecci\u00f3n de sobrecarga | Funcionamiento silencioso | Completamente libre de aceite | Larga vida \u00fatil | Compacto | Asequible | Energ\u00eda eficiente<\/span><\/li>\n<li><span class=\"a-list-item\">Este nuevo estilo de cuerpo est\u00e1 hecho de resina compuesta de alta calidad que es muy adecuado para uso en exteriores a un precio asequible. El gran filtro de aire est\u00e1 montado en el lateral de la bomba para una f\u00e1cil limpieza.<\/span><\/li>\n<li><span class=\"a-list-item\">Matala &#8211; Bomba de diafragma Hakko 40 LP | Tama\u00f1o: 8.031 x 6.850 x 8.465\u00a0in | 11 lb<\/span><\/li>\n<\/ul>\n","protected":false},"featured_media":10774,"template":"","meta":{"_seopress_robots_primary_cat":"none"},"_links":{"self":[{"href":"https:\/\/lifebyair.com\/es\/wp-json\/wp\/v2\/product\/6158"}],"collection":[{"href":"https:\/\/lifebyair.com\/es\/wp-json\/wp\/v2\/product"}],"about":[{"href":"https:\/\/lifebyair.com\/es\/wp-json\/wp\/v2\/types\/product"}],"version-history":[{"count":11,"href":"https:\/\/lifebyair.com\/es\/wp-json\/wp\/v2\/product\/6158\/revisions"}],"predecessor-version":[{"id":11323,"href":"https:\/\/lifebyair.com\/es\/wp-json\/wp\/v2\/product\/6158\/revisions\/11323"}],"wp:featuredmedia":[{"embeddable":true,"href":"https:\/\/lifebyair.com\/es\/wp-json\/wp\/v2\/media\/10774"}],"wp:attachment":[{"href":"https:\/\/lifebyair.com\/es\/wp-json\/wp\/v2\/media?parent=6158"}],"curies":[{"name":"wp","href":"https:\/\/api.w.org\/{rel}","templated":true}]}}