                                                                                                                                                                                                                                                                                                                                                                                                                                                                                                                                                                                                                                                                                                                                                                                                                                                                                                                                                                                                                                                                                                                                                                                                                                                                                                                                                                                                                                                                                                                                                                                                                                                                                                                                                                                                                                                                                                                                                                                                                                                                                                                                                                                                                                                               {"id":6209,"date":"2020-04-06T18:52:18","date_gmt":"2020-04-06T18:52:18","guid":{"rendered":"https:\/\/lifebyair.com\/?post_type=product&#038;p=6209"},"modified":"2026-03-06T16:47:34","modified_gmt":"2026-03-06T16:47:34","slug":"difusor-od-8%e2%80%b3-difusor-cangrejo-auto-sumergible","status":"publish","type":"product","link":"https:\/\/lifebyair.com\/es\/producto\/difusor-od-8%e2%80%b3-difusor-cangrejo-auto-sumergible\/","title":{"rendered":"Difusor OD-8\u2033 | Difusor Circular Manguera de aire Ponderado Auto-sumergible"},"content":{"rendered":"<p><strong>Difusor OD-8\u2033<\/strong><\/p>\n<p style=\"text-align: justify;\">El modelo OD-8 de la marca <strong>Matala\u00ae<\/strong> es auto pesado y flexible. No ejerce ninguna contrapresi\u00f3n. Su bomba de aire funcionar\u00e1 m\u00e1s fr\u00eda y m\u00e1s eficientemente con estos difusores de aire. Conexiones de 3\/8\u2033, 1\/2\u2033 y 5\/8\u2033. Difusor de aire circular ponderado: Una forma sencilla, eficaz y fiable de airear.<\/p>\n<p style=\"text-align: justify;\">Hecho de caucho de alta eficiencia con tama\u00f1o de poro especialmente dise\u00f1ado. Numerosos poros maximizan la distribuci\u00f3n de burbujas finas liberadas uniformemente en el agua. Baja contrapresi\u00f3n | Caudal de aire recomendado: 0,30 CFM<\/p>\n<p style=\"text-align: justify;\">Fabricado con caucho reciclado, es duradero con un bajo costo de mantenimiento, puesta en marcha y reemplazo. Membrana de estilo circular que ayuda a distribuir uniformemente las finas burbujas.<\/p>\n<p style=\"text-align: justify;\">Incluye conexi\u00f3n de manguera multibarbilla con 4 tama\u00f1os de manguera diferentes | 3\/8, 1\/2, \u215d. Auto pesado, se hunde hasta el fondo autom\u00e1ticamente.<\/p>\n<p style=\"text-align: justify;\">Se utiliza en: estanques, lagos, piscifactor\u00edas comerciales, estanques koi, acuicultura, agricultura, pozos, r\u00edos, criaderos de gambas, acuarios grandes, estanques de piscinas, canales, embarcaderos, fuentes de agua, cascadas y mucho m\u00e1s.<\/p>\n","protected":false},"excerpt":{"rendered":"<p><img class=\"alignnone size-full wp-image-5147\" src=\"https:\/\/lifebyair.com\/wp-content\/uploads\/2020\/01\/logo-matala-1.jpg\" alt=\"\" width=\"120\" height=\"46\" \/><\/p>\n<p><strong>Caracter\u00edsticas:<\/strong><\/p>\n<ul>\n<li>Es un difusor de 8&#8243; (203 mm) de longitud<\/li>\n<li>Configurado en &#8220;O&#8221;<\/li>\n<li>Auto-sumergible y flexible<\/li>\n<li>Baja ca\u00edda de presi\u00f3n<\/li>\n<li>F\u00e1cil instalaci\u00f3n y mantenimiento<\/li>\n<\/ul>\n","protected":false},"featured_media":11742,"template":"","meta":{"_seopress_robots_primary_cat":"none"},"_links":{"self":[{"href":"https:\/\/lifebyair.com\/es\/wp-json\/wp\/v2\/product\/6209"}],"collection":[{"href":"https:\/\/lifebyair.com\/es\/wp-json\/wp\/v2\/product"}],"about":[{"href":"https:\/\/lifebyair.com\/es\/wp-json\/wp\/v2\/types\/product"}],"version-history":[{"count":16,"href":"https:\/\/lifebyair.com\/es\/wp-json\/wp\/v2\/product\/6209\/revisions"}],"predecessor-version":[{"id":11747,"href":"https:\/\/lifebyair.com\/es\/wp-json\/wp\/v2\/product\/6209\/revisions\/11747"}],"wp:featuredmedia":[{"embeddable":true,"href":"https:\/\/lifebyair.com\/es\/wp-json\/wp\/v2\/media\/11742"}],"wp:attachment":[{"href":"https:\/\/lifebyair.com\/es\/wp-json\/wp\/v2\/media?parent=6209"}],"curies":[{"name":"wp","href":"https:\/\/api.w.org\/{rel}","templated":true}]}}