                                                                                                                                                                                                                                                                                                                                                                                                                                                                                                                                                                                                                                                                                                                                                                                                                                                                                                                                                                                                                                                                                                                                                                                                                                                                                                                                                                                                                                                                                                                                                                                                                                                                                                                                                                                                                                                                                                                                                                                                                                                                                                                                                                                                                                                               {"id":6217,"date":"2020-04-06T20:36:19","date_gmt":"2020-04-06T20:36:19","guid":{"rendered":"https:\/\/lifebyair.com\/?post_type=product&#038;p=6217"},"modified":"2026-03-06T16:15:42","modified_gmt":"2026-03-06T16:15:42","slug":"difusor-bhb-md-225-difusor-de-disco-burbuja-fina-epdm-9%e2%80%b3","status":"publish","type":"product","link":"https:\/\/lifebyair.com\/es\/producto\/difusor-bhb-md-225-difusor-de-disco-burbuja-fina-epdm-9%e2%80%b3\/","title":{"rendered":"Difusor BHB-MD-225 | Difusor de Disco Burbuja Fina | EPDM 9\u2033"},"content":{"rendered":"<p><strong>Difusor BHB-MD-225<\/strong><\/p>\n<p style=\"text-align: justify;\">Este <strong>difusor<\/strong> tipo <strong>disco<\/strong> de 9\u2033 de di\u00e1metro con membrana en EPDM de la marca <strong>Matala\u00ae,<\/strong> tiene muchas aplicaciones de aireaci\u00f3n en: estanques, lagos, acuarios, canales, piscifactor\u00edas comerciales, tanques de peces Koi, acuicultura, granjas camaroneras, estanques de piscinas y mucho m\u00e1s, con ventajas especiales en el control de algas, aumento en la transferencia de ox\u00edgeno, mejora en la calidad del agua, control de mosquitos, circulaci\u00f3n de agua, plantas de tratamiento de aguas residuales, flotaci\u00f3n de s\u00f3lidos, jardines acu\u00e1ticos y acuicultura en general.<\/p>\n<p style=\"text-align: justify;\">Cuenta con cientos de perforaciones que se abren y cierran a medida que la presi\u00f3n del aire se acumula dentro del difusor, lo que proporciona una distribuci\u00f3n uniforme de las burbujas.<\/p>\n","protected":false},"excerpt":{"rendered":"<p><img class=\"alignnone size-full wp-image-5147\" src=\"https:\/\/lifebyair.com\/wp-content\/uploads\/2020\/01\/logo-matala-1.jpg\" alt=\"\" width=\"120\" height=\"46\" \/><\/p>\n<p><strong>Caracter\u00edsticas:<\/strong><\/p>\n<ul>\n<li>Rango de flujo de aire de 25 lpm (0.9 CFM) a 120 lpm (4.2 CFM).<\/li>\n<li>Conexi\u00f3n de 3\/4&#8243; NPT.<\/li>\n<li>Bajo mantenimiento y f\u00e1cil limpieza.<\/li>\n<\/ul>\n","protected":false},"featured_media":11721,"template":"","meta":{"_seopress_robots_primary_cat":"none"},"_links":{"self":[{"href":"https:\/\/lifebyair.com\/es\/wp-json\/wp\/v2\/product\/6217"}],"collection":[{"href":"https:\/\/lifebyair.com\/es\/wp-json\/wp\/v2\/product"}],"about":[{"href":"https:\/\/lifebyair.com\/es\/wp-json\/wp\/v2\/types\/product"}],"version-history":[{"count":13,"href":"https:\/\/lifebyair.com\/es\/wp-json\/wp\/v2\/product\/6217\/revisions"}],"predecessor-version":[{"id":11722,"href":"https:\/\/lifebyair.com\/es\/wp-json\/wp\/v2\/product\/6217\/revisions\/11722"}],"wp:featuredmedia":[{"embeddable":true,"href":"https:\/\/lifebyair.com\/es\/wp-json\/wp\/v2\/media\/11721"}],"wp:attachment":[{"href":"https:\/\/lifebyair.com\/es\/wp-json\/wp\/v2\/media?parent=6217"}],"curies":[{"name":"wp","href":"https:\/\/api.w.org\/{rel}","templated":true}]}}