                                                                                                                                                                                                                                                                                                                                                                                                                                                                                                                                                                                                                                                                                                                                                                                                                                                                                                                                                                                                                                                                                                                                                                                                                                                                                                                                                                                                                                                                                                                                                                                                                                                                                                                                                                                                                                                                                                                                                                                                                                                                                                                                                                                                                                                               {"id":6248,"date":"2020-04-06T22:26:05","date_gmt":"2020-04-06T22:26:05","guid":{"rendered":"https:\/\/lifebyair.com\/?post_type=product&#038;p=6248"},"modified":"2025-08-29T23:10:55","modified_gmt":"2025-08-29T23:10:55","slug":"difusor-mdb11-difusor-con-base-sumergible-base-difusora-con-disco-de-9%e2%80%b3","status":"publish","type":"product","link":"https:\/\/lifebyair.com\/es\/producto\/difusor-mdb11-difusor-con-base-sumergible-base-difusora-con-disco-de-9%e2%80%b3\/","title":{"rendered":"Difusor MDB11 | Difusor con Base Sumergible | Base Difusora con Disco de 9\u2033"},"content":{"rendered":"<p><strong>MDB11 | Matala\u00ae Base de aire simple de 9 pulgadas<\/strong><\/p>\n<p style=\"text-align: justify;\">El modelo MDB11 de la marca <strong>Matala\u00ae<\/strong>\u00a0es un completo conjunto de <strong>difusor de aire<\/strong> tipo <strong>disco<\/strong> de 9&#8243; con una base hueca que se puede llenar con arena o gravilla para hacerlo auto-sumergible evitando el uso de correas o ladrillos en la instalaci\u00f3n. La base cuenta con conexi\u00f3n de 3\/4&#8243; NPT.<\/p>\n<p style=\"text-align: justify;\"><span class=\"a-list-item\"><strong>Utilizado para:<\/strong> aumentar el ox\u00edgeno disuelto, mejorar la calidad del agua, la circulaci\u00f3n del agua, el deshielo de muelle y barco, plantas de tratamiento de aguas residuales WWTP, flotaci\u00f3n s\u00f3lida, jardines de agua y otras aplicaciones.<\/span><\/p>\n<p style=\"text-align: justify;\"><span class=\"a-list-item\"><strong>Life by Air<\/strong> suministra kits de aireaci\u00f3n y equipos de filtraci\u00f3n para estanques, lagos, acuarios, canales, granjas de peces comerciales, tanques de peces Koi, acuacultura, granjas de camarones, estanques de piscina y mucho m\u00e1s. Nuestros productos incluyen todos los tipos de sopladores y bombas, difusores de aire pesado, mangueras de aireaci\u00f3n y pesadas, kits de aireaci\u00f3n completos y mucho m\u00e1s.<\/span><\/p>\n<p style=\"text-align: justify;\"><span class=\"a-list-item\">En entornos acu\u00e1ticos como estanques de peces, acuarios, lagos o proyectos de acuicultura, el ox\u00edgeno es el factor m\u00e1s limitante para el \u00e9xito. La aireaci\u00f3n mantiene vivas a las plantas y los animales en el agua.<\/span><\/p>\n<p><b>Caracter\u00edsticas<\/b><strong>:<\/strong><\/p>\n<ul>\n<li>Disco difusor de 9&#8243; con membrana en EPDM de alta resistencia para trabajo industrial con perforaciones que abren cuando hay flujo de aire y se cierran cuando \u00e9ste se detiene, lo que aumenta la resistencia de las ranuras al desgarro y se mantiene limpio por m\u00e1s tiempo.<\/li>\n<li>Produce burbujas finas entregando el m\u00e1ximo flujo de aire con muy baja ca\u00edda de presi\u00f3n, favoreciendo a la vida \u00fatil de la bomba o equipo de aireaci\u00f3n.<\/li>\n<li>Su flujo de aire est\u00e1 va de 0.9 a 4.2 CFM.<\/li>\n<\/ul>\n","protected":false},"excerpt":{"rendered":"<p><img class=\"alignnone size-full wp-image-5147\" src=\"https:\/\/lifebyair.com\/wp-content\/uploads\/2020\/01\/logo-matala-1.jpg\" alt=\"\" width=\"120\" height=\"46\" \/><\/p>\n<p><b>Caracter\u00edsticas<\/b><strong>:<\/strong><\/p>\n<ul>\n<li><span class=\"a-list-item\">Matala MDB11 <\/span><\/li>\n<li><span class=\"a-list-item\">Base vac\u00eda con difusores de 1 x 9 pulgadas <\/span><\/li>\n<li><span class=\"a-list-item\">Cada difusor requiere 4 &#8211; 16 cfm (120 &#8211; 480 lpm) para funcionar correctamente<\/span><\/li>\n<li><span class=\"a-list-item\">Base hueca interior para rellenar con rocas, arena o grava.<\/span><\/li>\n<li><span class=\"a-list-item\">Incluye enchufe de 4 secciones: 0.9 \u2013 0.2 \u2013 0.5 in o 1.0 in para manguera, tubo o tubo<\/span><\/li>\n<li><span class=\"a-list-item\"> La base del difusor viene con una conexi\u00f3n roscada \u00be FNPT<\/span><\/li>\n<li><span class=\"a-list-item\">Embalaje e instalaci\u00f3n sin complicaciones<\/span><\/li>\n<li><span class=\"a-list-item\">Se puede ampliar para adaptarse a 2 difusores con adaptadores adicionales.<\/span><\/li>\n<\/ul>\n","protected":false},"featured_media":11622,"template":"","meta":{"_seopress_robots_primary_cat":"none"},"_links":{"self":[{"href":"https:\/\/lifebyair.com\/es\/wp-json\/wp\/v2\/product\/6248"}],"collection":[{"href":"https:\/\/lifebyair.com\/es\/wp-json\/wp\/v2\/product"}],"about":[{"href":"https:\/\/lifebyair.com\/es\/wp-json\/wp\/v2\/types\/product"}],"version-history":[{"count":17,"href":"https:\/\/lifebyair.com\/es\/wp-json\/wp\/v2\/product\/6248\/revisions"}],"predecessor-version":[{"id":6447,"href":"https:\/\/lifebyair.com\/es\/wp-json\/wp\/v2\/product\/6248\/revisions\/6447"}],"wp:featuredmedia":[{"embeddable":true,"href":"https:\/\/lifebyair.com\/es\/wp-json\/wp\/v2\/media\/11622"}],"wp:attachment":[{"href":"https:\/\/lifebyair.com\/es\/wp-json\/wp\/v2\/media?parent=6248"}],"curies":[{"name":"wp","href":"https:\/\/api.w.org\/{rel}","templated":true}]}}