                                                                                                                                                                                                                                                                                                                                                                                                                                                                                                                                                                                                                                                                                                                                                                                                                                                                                                                                                                                                                                                                                                                                                                                                                                                                                                                                                                                                                                                                                                                                                                                                                                                                                                                                                                                                                                                                                                                                                                                                                                                                                                                                                                                                                                                               {"id":6309,"date":"2020-04-07T14:10:08","date_gmt":"2020-04-07T14:10:08","guid":{"rendered":"https:\/\/lifebyair.com\/?post_type=product&#038;p=6309"},"modified":"2025-08-29T23:10:03","modified_gmt":"2025-08-29T23:10:03","slug":"difusor-md-5w-difusor-con-base-auto-sumergible-de-5","status":"publish","type":"product","link":"https:\/\/lifebyair.com\/es\/producto\/difusor-md-5w-difusor-con-base-auto-sumergible-de-5\/","title":{"rendered":"Difusor MD-5W | Difusor con Base Auto-sumergible de 5&#8243;"},"content":{"rendered":"<p><strong>Difusor MD-5W<\/strong><\/p>\n<p>El modelo MD-5W de la marca <strong>Matala\u00ae <\/strong>es un difusor de alta calidad tipo disco de 5&#8243; con membrana en EPDM, auto-sumergible, alta eficiencia y muy baja ca\u00edda de presi\u00f3n.<\/p>\n<p>Las caracter\u00edsticas del difusor son las siguientes:<\/p>\n<ul>\n<li><span class=\"a-list-item\">Un conector de 0.4\u00a0in para bombas de aire m\u00e1s grandes.<\/span><\/li>\n<li><span class=\"a-list-item\">Difusor de disco de caucho EPDM, f\u00e1cil de limpiar.<\/span><\/li>\n<li><span class=\"a-list-item\">Tasas de flujo para MD-5W son de 8 lpm a 35 lpm\/0,3 cfm a 1,2 cfm. El peso de MD-5W es de 1.75 libras.<\/span><\/li>\n<li><span class=\"a-list-item\">Ambas grandes opciones para estanques peque\u00f1os<\/span><\/li>\n<li><span class=\"a-list-item\">Los tama\u00f1os de poros especialmente dise\u00f1ados crean burbujas de aire fino. Seguro para plantas y mascotas<\/span><\/li>\n<li><span class=\"a-list-item\">F\u00e1cil instalaci\u00f3n y mantenimiento | Baja contrapresi\u00f3n<\/span><\/li>\n<li><span class=\"a-list-item\">La aireaci\u00f3n de agua evita que el agua se congele, oxigena el agua, ayuda a mantener vivas las plantas y los animales en el agua<\/span><\/li>\n<li><span class=\"a-list-item\">Life by Air suministra kits de aireaci\u00f3n y equipos para todo tipo de cuerpos de agua y aplicaciones.<\/span><\/li>\n<\/ul>\n","protected":false},"excerpt":{"rendered":"<p><img class=\"alignnone size-full wp-image-5147\" src=\"https:\/\/lifebyair.com\/wp-content\/uploads\/2020\/01\/logo-matala-1.jpg\" alt=\"\" width=\"120\" height=\"46\" \/><\/p>\n<p><strong>Caracter\u00edsticas:<\/strong><\/p>\n<ul>\n<li>Di\u00e1metro del disco: 5\u2033.<\/li>\n<li>Material de la membrana: EPDM.<\/li>\n<li>Conexi\u00f3n: 3\/8\u2033.<\/li>\n<li>Flujo de aire: 0.3 \u2013 1.2 CFM.<\/li>\n<li>Material del cuerpo del disco: ABS + Acero.<\/li>\n<\/ul>\n","protected":false},"featured_media":11665,"template":"","meta":{"_seopress_robots_primary_cat":"none"},"_links":{"self":[{"href":"https:\/\/lifebyair.com\/es\/wp-json\/wp\/v2\/product\/6309"}],"collection":[{"href":"https:\/\/lifebyair.com\/es\/wp-json\/wp\/v2\/product"}],"about":[{"href":"https:\/\/lifebyair.com\/es\/wp-json\/wp\/v2\/types\/product"}],"version-history":[{"count":14,"href":"https:\/\/lifebyair.com\/es\/wp-json\/wp\/v2\/product\/6309\/revisions"}],"predecessor-version":[{"id":11667,"href":"https:\/\/lifebyair.com\/es\/wp-json\/wp\/v2\/product\/6309\/revisions\/11667"}],"wp:featuredmedia":[{"embeddable":true,"href":"https:\/\/lifebyair.com\/es\/wp-json\/wp\/v2\/media\/11665"}],"wp:attachment":[{"href":"https:\/\/lifebyair.com\/es\/wp-json\/wp\/v2\/media?parent=6309"}],"curies":[{"name":"wp","href":"https:\/\/api.w.org\/{rel}","templated":true}]}}