                                                                                                                                                                                                                                                                                                                                                                                                                                                                                                                                                                                                                                                                                                                                                                                                                                                                                                                                                                                                                                                                                                                                                                                                                                                                                                                                                                                                                                                                                                                                                                                                                                                                                                                                                                                                                                                                                                                                                                                                                                                                                                                                                                                                                                                               {"id":6338,"date":"2020-04-07T15:23:28","date_gmt":"2020-04-07T15:23:28","guid":{"rendered":"https:\/\/lifebyair.com\/?post_type=product&#038;p=6338"},"modified":"2026-03-06T16:46:24","modified_gmt":"2026-03-06T16:46:24","slug":"difusor-mtd-600-difusor-de-tubo-auto-sumergible-epdm-24%e2%80%b3","status":"publish","type":"product","link":"https:\/\/lifebyair.com\/es\/producto\/difusor-mtd-600-difusor-de-tubo-auto-sumergible-epdm-24%e2%80%b3\/","title":{"rendered":"Difusor MTD-600 | Difusor de Tubo Auto-sumergible | EPDM 24\u2033"},"content":{"rendered":"<p><strong>MTD-600 | Difusores tubulares Matala\u00ae No ponderados<\/strong><\/p>\n<p style=\"text-align: justify;\">Difusor tubular Matala MTD-600 Difusor tubular ponderado de 24\u2033 pulgadas de largo Difusor tubular rellenable | Hueco en el interior para que lo rellenes con rocas, arena o grava.<\/p>\n<p style=\"text-align: justify;\">El <strong>Matala MTD-600<\/strong> es un Difusor de Tubo Rellenable de 24&#8243; pulgadas | Hueco en el interior para que lo rellenes con rocas, arena o grava. En ambientes acu\u00e1ticos como estanques de peces, acuarios, lagos o proyectos de acuicultura, el ox\u00edgeno es el factor m\u00e1s limitante para el \u00e9xito | La aireaci\u00f3n mantiene vivas las plantas y los animales en el agua.<\/p>\n<p style=\"text-align: justify;\"><strong>Se utiliza en:<\/strong> Control de algas, transferencia de ox\u00edgeno, mejora la calidad y claridad del agua, deshielo de muelles, control de mosquitos, circulaci\u00f3n de agua, muelles para barcos, jacuzzis, evita que el agua se congele, piscifactor\u00edas comerciales, plantas de tratamiento de aguas residuales WWTP, flotaci\u00f3n, jardines acu\u00e1ticos, acuicultura, estanques koi y jardines acu\u00e1ticos y varias otras aplicaciones&#8230;<\/p>\n<p style=\"text-align: justify;\">El <strong>MTD-300 y 600<\/strong> son 12\u2033 de largo y 24\u2033 de largo. Estos son tubos huecos de 2.6\u2033 de di\u00e1metro con una membrana de goma envuelta alrededor del exterior. Estos deben ser llenados con piedras o grava con el fin de ser lastrado.<\/p>\n<p style=\"text-align: justify;\">El MTD-300 y 600 vienen con un tap\u00f3n de extremo y un adaptador multi-barb para que pueda conectarse con varios tama\u00f1os de manguera de 3\/8\u2033, 1\/2\u2033, 5\/8\u2033 o 1. P\u00f3ngase en contacto con <strong>Life by Air<\/strong> para obtener m\u00e1s informaci\u00f3n.<\/p>\n","protected":false},"excerpt":{"rendered":"<p><img class=\"alignnone size-full wp-image-5147\" src=\"https:\/\/lifebyair.com\/wp-content\/uploads\/2020\/01\/logo-matala-1.jpg\" alt=\"\" width=\"120\" height=\"46\" \/><\/p>\n<p><strong>Caracter\u00edsticas:<\/strong><\/p>\n<ul>\n<li>Flujo de aire: 1,4 &#8211; 5,7 cfm \/ 40 &#8211; 160 lpm<\/li>\n<li>Difusor de tubo ponderado de 2,6 x 24\u2033 pulgadas de largo.<\/li>\n<li>Diferentes longitudes disponibles 12 &#8211; 24 &#8221; pulgadas | 3\/8\u2033, 1\/2\u2033, 5\/8\u2033 o 1. | Life by Air<\/li>\n<li>Interior hueco para que lo rellenes con rocas, arena o grava.<\/li>\n<li>Disco de soporte en PVC.<\/li>\n<li>Membrana en EPDM<\/li>\n<li>Soporte de fijaci\u00f3n en acero inoxidable 304<\/li>\n<li>Material del cuerpo en ABS<\/li>\n<\/ul>\n","protected":false},"featured_media":11648,"template":"","meta":{"_seopress_robots_primary_cat":"none"},"_links":{"self":[{"href":"https:\/\/lifebyair.com\/es\/wp-json\/wp\/v2\/product\/6338"}],"collection":[{"href":"https:\/\/lifebyair.com\/es\/wp-json\/wp\/v2\/product"}],"about":[{"href":"https:\/\/lifebyair.com\/es\/wp-json\/wp\/v2\/types\/product"}],"version-history":[{"count":11,"href":"https:\/\/lifebyair.com\/es\/wp-json\/wp\/v2\/product\/6338\/revisions"}],"predecessor-version":[{"id":11649,"href":"https:\/\/lifebyair.com\/es\/wp-json\/wp\/v2\/product\/6338\/revisions\/11649"}],"wp:featuredmedia":[{"embeddable":true,"href":"https:\/\/lifebyair.com\/es\/wp-json\/wp\/v2\/media\/11648"}],"wp:attachment":[{"href":"https:\/\/lifebyair.com\/es\/wp-json\/wp\/v2\/media?parent=6338"}],"curies":[{"name":"wp","href":"https:\/\/api.w.org\/{rel}","templated":true}]}}