                                                                                                                                                                                                                                                                                                                                                                                                                                                                                                                                                                                                                                                                                                                                                                                                                                                                                                                                                                                                                                                                                                                                                                                                                                                                                                                                                                                                                                                                                                                                                                                                                                                                                                                                                                                                                                                                                                                                                                                                                                                                                                                                                                                                                                                               {"id":6434,"date":"2020-04-07T16:56:12","date_gmt":"2020-04-07T16:56:12","guid":{"rendered":"https:\/\/lifebyair.com\/?post_type=product&#038;p=6434"},"modified":"2025-08-29T15:49:26","modified_gmt":"2025-08-29T15:49:26","slug":"difusor-de-acero-inoxidable-burbuja-gruesa-24","status":"publish","type":"product","link":"https:\/\/lifebyair.com\/es\/producto\/difusor-de-acero-inoxidable-burbuja-gruesa-24\/","title":{"rendered":"Difusor de Acero Inoxidable | Burbuja Gruesa 24&#8243;"},"content":{"rendered":"<p><strong>Difusor de Acero Inoxidable<\/strong><\/p>\n<p>El modelo WBCB304-24 de la marca <strong>SSI<\/strong> es un <strong>difusor de burbuja gruesa<\/strong> de banda ancha fabricado en acero inoxidable 304 de 24 &#8221; de largo.<\/p>\n<p style=\"text-align: justify;\">Los difusores de banda ancha SSI est\u00e1n disponibles en acero inoxidable 304L o 316L, dise\u00f1ados para no obstruirse con tasas de transferencia de ox\u00edgeno de 0,5 a 0,8% por pie de inmersi\u00f3n (1,7 a 2,5% SOTE\/m). 5% SOTE\/m). Su valor altamente fiable y su dise\u00f1o econ\u00f3mico para cubrir el fondo del tanque hacen del SSI Banda Ancha la elecci\u00f3n ideal para mezclar en digestores aer\u00f3bicos, canales, tanques de ecualizaci\u00f3n y desarenadores.<\/p>\n<p style=\"text-align: justify;\">Las tapas de los extremos de fundici\u00f3n est\u00e1n soldadas en todo su contorno. Mejora de f\u00e1cil instalaci\u00f3n para un difusor obstruido &#8211; Reduzca la preocupaci\u00f3n por la obstrucci\u00f3n o la reducci\u00f3n de caudal Ahorre dinero, tiempo y molestias por un gasto m\u00ednimo.<\/p>\n","protected":false},"excerpt":{"rendered":"<p><img class=\"alignnone size-full wp-image-4728\" src=\"https:\/\/lifebyair.com\/wp-content\/uploads\/2020\/01\/SSI_LOGO.jpg\" alt=\"\" width=\"72\" height=\"36\" \/><\/p>\n<p><strong>Caracter\u00edsticas:<\/strong><\/p>\n<ul>\n<li>Caudal de dise\u00f1o: 10-40 SCFM (17-67 Nm3\/hr)<\/li>\n<li>Rango de caudal: 0-4- SCFM (0-67 Nm3\/hr<\/li>\n<li>Cantidad de orificios: 44<\/li>\n<li>Longitud: 24&#8243; (600mm)<\/li>\n<li>Con tasas de transferencia de ox\u00edgeno de 0.5 a 0.8% por pie de inmersi\u00f3n (1.7 a 2.5 % SOTE \/ m).<\/li>\n<\/ul>\n<p><a href=\"https:\/\/lifebyair.com\/es\/contactenos\/\"><strong>\u00a0LLAME PARA DISPONIBILIDAD<\/strong><\/a><\/p>\n","protected":false},"featured_media":11653,"template":"","meta":{"_seopress_robots_primary_cat":"none"},"_links":{"self":[{"href":"https:\/\/lifebyair.com\/es\/wp-json\/wp\/v2\/product\/6434"}],"collection":[{"href":"https:\/\/lifebyair.com\/es\/wp-json\/wp\/v2\/product"}],"about":[{"href":"https:\/\/lifebyair.com\/es\/wp-json\/wp\/v2\/types\/product"}],"version-history":[{"count":7,"href":"https:\/\/lifebyair.com\/es\/wp-json\/wp\/v2\/product\/6434\/revisions"}],"predecessor-version":[{"id":11655,"href":"https:\/\/lifebyair.com\/es\/wp-json\/wp\/v2\/product\/6434\/revisions\/11655"}],"wp:featuredmedia":[{"embeddable":true,"href":"https:\/\/lifebyair.com\/es\/wp-json\/wp\/v2\/media\/11653"}],"wp:attachment":[{"href":"https:\/\/lifebyair.com\/es\/wp-json\/wp\/v2\/media?parent=6434"}],"curies":[{"name":"wp","href":"https:\/\/api.w.org\/{rel}","templated":true}]}}