                                                                                                                                                                                                                                                                                                                                                                                                                                                                                                                                                                                                                                                                                                                                                                                                                                                                                                                                                                                                                                                                                                                                                                                                                                                                                                                                                                                                                                                                                                                                                                                                                                                                                                                                                                                                                                                                                                                                                                                                                                                                                                                                                                                                                                                               {"id":6446,"date":"2020-04-07T18:45:27","date_gmt":"2020-04-07T18:45:27","guid":{"rendered":"https:\/\/lifebyair.com\/?post_type=product&#038;p=6446"},"modified":"2025-08-29T23:11:31","modified_gmt":"2025-08-29T23:11:31","slug":"difusor-mdb11-12-difusor-con-base-sumergible-base-difusora-con-disco-de-12","status":"publish","type":"product","link":"https:\/\/lifebyair.com\/es\/producto\/difusor-mdb11-12-difusor-con-base-sumergible-base-difusora-con-disco-de-12\/","title":{"rendered":"Difusor MDB11-12 | Difusor con Base Sumergible | Base Difusora con Disco de 12&#8243;"},"content":{"rendered":"<p><strong>Difusor MDB11-12<\/strong><\/p>\n<p style=\"text-align: justify;\">El modelo MDB11-12 de la marca <strong>Matala\u00ae<\/strong>\u00a0es un completo conjunto de <strong>difusor de aire<\/strong> tipo <strong>disco<\/strong> de 12&#8243; con una base hueca que se puede llenar con arena o gravilla para hacerlo auto sumergible evitando el uso de correas o ladrillos en la instalaci\u00f3n. La base cuenta con conexi\u00f3n de 3\/4&#8243; NPT.<\/p>\n<p style=\"text-align: justify;\">Los difusores de disco Matala EPDM est\u00e1n dise\u00f1ados para instalaciones industriales de alta resistencia. Las hendiduras perforadas con precisi\u00f3n en forma de I se abren cuando hay flujo de aire y se cierran cuando \u00e9ste se detiene, lo que aumenta la resistencia de las hendiduras al desgarro y las mantiene limpias durante m\u00e1s tiempo.<\/p>\n<p style=\"text-align: justify;\">Estos difusores ofrecen la contrapresi\u00f3n m\u00e1s baja del mercado, s\u00f3lo a\u00f1aden menos de 6 pulgadas de contrapresi\u00f3n de profundidad de agua, lo que le permite utilizar su bomba de aire de la manera m\u00e1s eficiente. Todos los diferentes tipos de modelos vienen con una \u00fanica conexi\u00f3n de salida roscada hembra PT de 3\/4 pulgadas.<\/p>\n<p style=\"text-align: justify;\">Paquete disponible para conectar f\u00e1cilmente 2 plataformas difusoras de aire juntas con un solo conector de salida roscado PT de 3\/4 de pulgada; \u00a1doble rendimiento de aireaci\u00f3n sin bomba de aire adicional ni tubos de aire!<\/p>\n<p style=\"text-align: justify;\">Se utiliza para: aumentar el ox\u00edgeno disuelto, mejorar la calidad del agua, la circulaci\u00f3n del agua, deshielo de muelles y embarcaciones, plantas de tratamiento de aguas residuales WWTP, flotaci\u00f3n de s\u00f3lidos, jardines acu\u00e1ticos y varias otras aplicaciones.<\/p>\n<p style=\"text-align: justify;\">Life by Air suministra kits de aireaci\u00f3n y equipos de filtraci\u00f3n para estanques, lagos, acuarios, canales, piscifactor\u00edas comerciales, tanques de peces koi, acuicultura, criaderos de camarones, estanques de piscinas y mucho m\u00e1s. Nuestros productos incluyen todo tipo de sopladores y bombas, difusores de aire lastrados, mangueras de aireaci\u00f3n y lastradas, kits completos de aireaci\u00f3n y mucho m\u00e1s.<\/p>\n<p style=\"text-align: justify;\">En entornos acu\u00e1ticos como estanques de peces, acuarios, lagos o proyectos de acuicultura, el ox\u00edgeno es el factor m\u00e1s limitante para el \u00e9xito | La aireaci\u00f3n mantiene vivas las plantas y los animales en el agua | Contacte con Life by Air para m\u00e1s informaci\u00f3n.<\/p>\n","protected":false},"excerpt":{"rendered":"<p><img class=\"alignnone size-full wp-image-5147\" src=\"https:\/\/lifebyair.com\/wp-content\/uploads\/2020\/01\/logo-matala-1.jpg\" alt=\"\" width=\"120\" height=\"46\" \/><\/p>\n<p><strong>Caracter\u00edsticas:<\/strong><\/p>\n<ul>\n<li>Disco difusor de 12&#8243;<\/li>\n<li>Incluye una base auto-sumergible.<\/li>\n<li>Membrana en EPDM de alta resistencia.<\/li>\n<li>Produce burbujas finas.<\/li>\n<li>Flujo de aire de 2.8 &#8211; 7 CFM.<\/li>\n<li>Volumen de aire: 1-4 (cfm) \/ 25-120 (lpm)<\/li>\n<li>Tomas de la base &#8211; 1 conexi\u00f3n de difusor de aire<\/li>\n<li>Discos de aire incluidos &#8211; Disco difusor de aire de 12\u2033.<\/li>\n<li>Incluye toma de 4 secciones: \u215c &#8211; \u215d &#8211; Leng\u00fceta de \u00bd o 1 pulgada para manguera, tubo o tuber\u00eda.<\/li>\n<li>La base del difusor viene con una conexi\u00f3n roscada de \u00be FNPT.<\/li>\n<\/ul>\n","protected":false},"featured_media":11622,"template":"","meta":{"_seopress_robots_primary_cat":"none"},"_links":{"self":[{"href":"https:\/\/lifebyair.com\/es\/wp-json\/wp\/v2\/product\/6446"}],"collection":[{"href":"https:\/\/lifebyair.com\/es\/wp-json\/wp\/v2\/product"}],"about":[{"href":"https:\/\/lifebyair.com\/es\/wp-json\/wp\/v2\/types\/product"}],"version-history":[{"count":12,"href":"https:\/\/lifebyair.com\/es\/wp-json\/wp\/v2\/product\/6446\/revisions"}],"predecessor-version":[{"id":11623,"href":"https:\/\/lifebyair.com\/es\/wp-json\/wp\/v2\/product\/6446\/revisions\/11623"}],"wp:featuredmedia":[{"embeddable":true,"href":"https:\/\/lifebyair.com\/es\/wp-json\/wp\/v2\/media\/11622"}],"wp:attachment":[{"href":"https:\/\/lifebyair.com\/es\/wp-json\/wp\/v2\/media?parent=6446"}],"curies":[{"name":"wp","href":"https:\/\/api.w.org\/{rel}","templated":true}]}}