                                                                                                                                                                                                                                                                                                                                                                                                                                                                                                                                                                                                                                                                                                                                                                                                                                                                                                                                                                                                                                                                                                                                                                                                                                                                                                                                                                                                                                                                                                                                                                                                                                                                                                                                                                                                                                                                                                                                                                                                                                                                                                                                                                                                                                                               {"id":6475,"date":"2020-04-07T20:37:13","date_gmt":"2020-04-07T20:37:13","guid":{"rendered":"https:\/\/lifebyair.com\/?post_type=product&#038;p=6475"},"modified":"2025-08-29T23:04:15","modified_gmt":"2025-08-29T23:04:15","slug":"filtro-de-agua-ezbio11-plus-nucleo-simple-de-filtracion-malla-verde-gruesa-adaptador","status":"publish","type":"product","link":"https:\/\/lifebyair.com\/es\/producto\/filtro-de-agua-ezbio11-plus-nucleo-simple-de-filtracion-malla-verde-gruesa-adaptador\/","title":{"rendered":"Filtro de agua EZBIO11 PLUS | N\u00facleo Simple de Filtraci\u00f3n | Malla Verde Gruesa + Adaptador"},"content":{"rendered":"<p><strong>Filtro de agua EZBIO11 PLUS<\/strong><\/p>\n<p style=\"text-align: justify;\">El modelo EZBIO11 plus de la marca <strong>Matala\u00ae<\/strong> es un n\u00facleo de filtraci\u00f3n que favorece la proliferaci\u00f3n de bacterias beneficiosas que mejoran la calidad del agua. Se trata de una malla verde gruesa que proporciona filtraci\u00f3n mec\u00e1nica y biol\u00f3gica y previene la reducci\u00f3n de flujo y el atascamiento, favoreciendo la vida \u00fatil de la bomba.<\/p>\n<p style=\"text-align: justify;\">Maneja un flujo m\u00e1ximo en pre-filtrado de 5600 GPH y un tama\u00f1o vers\u00e1til con solo 4,3&#8243; de di\u00e1metro x 12.2&#8243; de altura. Incluye adaptador y collares de instalaci\u00f3n.<\/p>\n<p style=\"text-align: justify;\"><strong>Filtro de agua Matala EZ Bio 11 Plus<\/strong> | Prefiltraci\u00f3n mec\u00e1nica para bombas | Filtraci\u00f3n progresiva de \u00faltima generaci\u00f3n | Los m\u00faltiples tama\u00f1os de poros y la densidad progresiva reducen dr\u00e1sticamente los atascos.<\/p>\n<p style=\"text-align: justify;\"><strong>Mejora la eficiencia de la bomba:<\/strong> Evita la reducci\u00f3n del caudal hasta la obstrucci\u00f3n prematura | Mejora la conversi\u00f3n de energ\u00eda en caudal de agua | Prolonga la vida \u00fatil de la bomba | Construcci\u00f3n robusta<\/p>\n<p style=\"text-align: justify;\"><strong>Instalaci\u00f3n f\u00e1cil:<\/strong> Se conecta a muchos tipos de bombas | Limpieza: Mantenimiento m\u00ednimo, dise\u00f1o de baja obstrucci\u00f3n | Simplemente limpie el medio filtrante con agua del grifo &#8211; Prefiltro de repuesto para bomba Mag Drive<\/p>\n<p style=\"text-align: justify;\"><strong>Incluye:<\/strong> Boquilla de manguera de 3 secciones 1\u2033, 1-1\/4\u2033, 1-1\/2\u2033 | Adaptador 1-1\/2\u2033 NPT +1-1\/2\u2033 de boquilla | Abrazadera 1-1\/4\u2033+1-1\/2\u2033 | Abrazadera 1\u2033+1-1\/2\u2033 | Caudal m\u00e1ximo: <span style=\"font-weight: 400;\">5,600 GPH &#8211; 21,200 LPH<\/span> | Puede colocarse a cualquier distancia de la bomba.<\/p>\n<p style=\"text-align: justify;\"><strong>Utilizado en:<\/strong> Estanques, lagos, piscifactor\u00edas comerciales, estanques koi, acuicultura, alguicultura, maricultura, criaderos de camarones, acuarios grandes, estanques de piscinas, canales, embarcaderos, fuentes de agua y m\u00e1s.<\/p>\n<p style=\"text-align: justify;\">entornos acu\u00e1ticos como estanques de peces, acuarios, lagos o proyectos de acuicultura, el ox\u00edgeno es el factor m\u00e1s limitante para el \u00e9xito | La aireaci\u00f3n mantiene vivas las plantas y los animales en el agua | Contacte con<strong> Life by Air<\/strong> para m\u00e1s informaci\u00f3n.<\/p>\n","protected":false},"excerpt":{"rendered":"<p><img class=\"alignnone size-full wp-image-5147\" src=\"https:\/\/lifebyair.com\/wp-content\/uploads\/2020\/01\/logo-matala-1.jpg\" alt=\"\" width=\"120\" height=\"46\" \/><\/p>\n<p><strong>Caracter\u00edsticas:<\/strong><\/p>\n<ul>\n<li>Proporcionan espacio para que las bacterias beneficiosas colonicen ayudando a mejorar la pureza en general del agua.<\/li>\n<li>Incluye: Collar\u00edn de manguera de 3 secciones 1&#8243;, 1-1\/4&#8243;, 1-1\/2&#8243;.<\/li>\n<li>Adaptador 1-1\/2&#8243; NPT +1-1\/2&#8243; barb | Collar 1-1\/4&#8243;+1-1\/2&#8243; | Collar 1&#8243;+1-1\/2&#8243; | Adaptador<\/li>\n<li>1-1\/2&#8243; NPT +1-1\/2&#8243; Barb<\/li>\n<li>Caudal m\u00e1ximo: 5.600 (gph) \/ 21.200(Iph)<\/li>\n<li>Puede colocarse a cualquier distancia de la bomba.<\/li>\n<\/ul>\n","protected":false},"featured_media":11758,"template":"","meta":{"_seopress_robots_primary_cat":"none"},"_links":{"self":[{"href":"https:\/\/lifebyair.com\/es\/wp-json\/wp\/v2\/product\/6475"}],"collection":[{"href":"https:\/\/lifebyair.com\/es\/wp-json\/wp\/v2\/product"}],"about":[{"href":"https:\/\/lifebyair.com\/es\/wp-json\/wp\/v2\/types\/product"}],"version-history":[{"count":12,"href":"https:\/\/lifebyair.com\/es\/wp-json\/wp\/v2\/product\/6475\/revisions"}],"predecessor-version":[{"id":11764,"href":"https:\/\/lifebyair.com\/es\/wp-json\/wp\/v2\/product\/6475\/revisions\/11764"}],"wp:featuredmedia":[{"embeddable":true,"href":"https:\/\/lifebyair.com\/es\/wp-json\/wp\/v2\/media\/11758"}],"wp:attachment":[{"href":"https:\/\/lifebyair.com\/es\/wp-json\/wp\/v2\/media?parent=6475"}],"curies":[{"name":"wp","href":"https:\/\/api.w.org\/{rel}","templated":true}]}}