                                                                                                                                                                                                                                                                                                                                                                                                                                                                                                                                                                                                                                                                                                                                                                                                                                                                                                                                                                                                                                                                                                                                                                                                                                                                                                                                                                                                                                                                                                                                                                                                                                                                                                                                                                                                                                                                                                                                                                                                                                                                                                                                                                                                                                                               {"id":6524,"date":"2020-04-08T16:35:36","date_gmt":"2020-04-08T16:35:36","guid":{"rendered":"https:\/\/lifebyair.com\/?post_type=product&#038;p=6524"},"modified":"2026-03-06T16:21:57","modified_gmt":"2026-03-06T16:21:57","slug":"waterfall-11-cascada-de-agua-con-almohadilla-gn-wf11","status":"publish","type":"product","link":"https:\/\/lifebyair.com\/es\/producto\/waterfall-11-cascada-de-agua-con-almohadilla-gn-wf11\/","title":{"rendered":"Waterfall 11 | Cascada de agua con almohadilla GN | WF11"},"content":{"rendered":"<p><strong>Waterfall 11 | Cascada de agua con almohadilla GN | WF11<\/strong><\/p>\n<p>El vertedero marca<strong> Matala\u00ae <\/strong>WF11 es una soluci\u00f3n f\u00e1cil y de bajo costo para crear una cascada o arroyo. Ideal para ser usado en cascadas ornamentales, favoreciendo adem\u00e1s la oxigenaci\u00f3n del agua. Cuenta con una abertura de 11\u2033 e incluye almohadilla de filtro color verde, bolsa de malla, accesorio para la manguera y accesorio de revestimiento.<\/p>\n<p><strong>IMPORTANTE:<\/strong> No usar con agua clorada o piscinas.<\/p>\n","protected":false},"excerpt":{"rendered":"<p><img class=\"alignnone size-full wp-image-5147\" src=\"https:\/\/lifebyair.com\/wp-content\/uploads\/2020\/01\/logo-matala-1.jpg\" alt=\"\" width=\"120\" height=\"46\" \/><\/p>\n<p><b>Incluye<\/b><strong>:<\/strong><\/p>\n<ul>\n<li>Vertedero tipo cascada o arroyo<\/li>\n<li><span style=\"font-size: 1rem;\">Ideal para ser usado en cascadas ornamentales <\/span><span style=\"font-size: 1rem;\">favoreciendo la oxigenaci\u00f3n del agua.<\/span><\/li>\n<li><span style=\"font-size: 1rem;\"> Cuenta con una abertura de 11\u2033<\/span><\/li>\n<li><span style=\"font-size: 1rem;\">Incluye almohadilla de filtro color verde<\/span><\/li>\n<li><span style=\"font-size: 1rem;\">Incluye bolsa de malla<\/span><\/li>\n<li><span style=\"font-size: 1rem;\">Accesorio para la manguera <\/span><\/li>\n<li><span style=\"font-size: 1rem;\">Accesorio de revestimiento<\/span><\/li>\n<\/ul>\n","protected":false},"featured_media":10126,"template":"","meta":{"_seopress_robots_primary_cat":"none"},"_links":{"self":[{"href":"https:\/\/lifebyair.com\/es\/wp-json\/wp\/v2\/product\/6524"}],"collection":[{"href":"https:\/\/lifebyair.com\/es\/wp-json\/wp\/v2\/product"}],"about":[{"href":"https:\/\/lifebyair.com\/es\/wp-json\/wp\/v2\/types\/product"}],"version-history":[{"count":13,"href":"https:\/\/lifebyair.com\/es\/wp-json\/wp\/v2\/product\/6524\/revisions"}],"predecessor-version":[{"id":10333,"href":"https:\/\/lifebyair.com\/es\/wp-json\/wp\/v2\/product\/6524\/revisions\/10333"}],"wp:featuredmedia":[{"embeddable":true,"href":"https:\/\/lifebyair.com\/es\/wp-json\/wp\/v2\/media\/10126"}],"wp:attachment":[{"href":"https:\/\/lifebyair.com\/es\/wp-json\/wp\/v2\/media?parent=6524"}],"curies":[{"name":"wp","href":"https:\/\/api.w.org\/{rel}","templated":true}]}}