                                                                                                                                                                                                                                                                                                                                                                                                                                                                                                                                                                                                                                                                                                                                                                                                                                                                                                                                                                                                                                                                                                                                                                                                                                                                                                                                                                                                                                                                                                                                                                                                                                                                                                                                                                                                                                                                                                                                                                                                                                                                                                                                                                                                                                                               {"id":6668,"date":"2020-04-09T19:58:52","date_gmt":"2020-04-09T19:58:52","guid":{"rendered":"https:\/\/lifebyair.com\/?post_type=product&#038;p=6668"},"modified":"2025-05-20T14:47:38","modified_gmt":"2025-05-20T14:47:38","slug":"bomba-mf-1100ez-bomba-de-agua-magflow-3-4","status":"publish","type":"product","link":"https:\/\/lifebyair.com\/es\/producto\/bomba-mf-1100ez-bomba-de-agua-magflow-3-4\/","title":{"rendered":"Bomba MF-1100EZ | Bomba de Agua | MagFlow | 3\/4&#8243;"},"content":{"rendered":"<p><strong>Bomba MF-1100EZ<\/strong><\/p>\n<p style=\"text-align: justify;\">La <strong>bomba sumergible<\/strong> modelo MF-1100EZ de la serie MagFlow de <strong>Matala\u00ae<\/strong> es un equipo de alta calidad para la circulaci\u00f3n de agua en estanques. <span class=\"a-list-item\">Bomba con prefiltros, incluye filtro lavable y v\u00e1lvula de control de flujo, bomba MagFlow, f\u00e1cil de instalar, f\u00e1cil mantenimiento, funcionamiento silencioso, ecol\u00f3gico, completamente libre de aceite<\/span><\/p>\n<p style=\"text-align: justify;\"><span class=\"a-list-item\">Bomba de agua fuerte y fiable para estanques, lagos, estanques de piscina, fuentes, acuapon\u00eda, acuacultura.<\/span><\/p>\n<p style=\"text-align: justify;\"><span class=\"a-list-item\">Matala | Bomba MagFlow | Salida de 3\/4&#8243; \/ 1&#8243; 860\/1100 GPH | Incluye EzBio 11 Plus f\u00e1cil de mantener y limpiar \u2013 S\u00faper silencioso y eficiente de energ\u00eda \u2013 EzBio \u2013 completamente libre de aceite<\/span><\/p>\n<p style=\"text-align: justify;\"><span class=\"a-list-item\">Estas bombas de alta calidad y asequibles estilo Mag-Drive est\u00e1n disponibles con filtro de admisi\u00f3n lavable (prefiltro EZ Bio11 Plus).<\/span><\/p>\n","protected":false},"excerpt":{"rendered":"<p><img class=\"alignnone size-full wp-image-5147\" src=\"https:\/\/lifebyair.com\/wp-content\/uploads\/2020\/01\/logo-matala-1.jpg\" alt=\"\" width=\"120\" height=\"46\" \/><\/p>\n<p><strong>Caracter\u00edsticas:<\/strong><\/p>\n<ul>\n<li>F\u00e1cil mantenimiento y limpieza.<\/li>\n<li>Silenciosa y eficiente.<\/li>\n<li>Tama\u00f1o del puerto de salida: 3\/4&#8243; &#8211; 1&#8243;<\/li>\n<li>Potencia: 76W &#8211; 86W.<\/li>\n<li>Cabeza m\u00e1xima: 8.2&#8242; (2.5m).<\/li>\n<li>Corriente m\u00e1xima: 1.5\/1.6A.<\/li>\n<li>Caudal m\u00e1ximo: 860\/1110GPH.<\/li>\n<li>Longitud de cable: 18&#8242; (5.5m)<\/li>\n<li>Filtro aplicable: EzBio11 plus<\/li>\n<\/ul>\n","protected":false},"featured_media":11813,"template":"","meta":{"_seopress_robots_primary_cat":"none"},"_links":{"self":[{"href":"https:\/\/lifebyair.com\/es\/wp-json\/wp\/v2\/product\/6668"}],"collection":[{"href":"https:\/\/lifebyair.com\/es\/wp-json\/wp\/v2\/product"}],"about":[{"href":"https:\/\/lifebyair.com\/es\/wp-json\/wp\/v2\/types\/product"}],"version-history":[{"count":10,"href":"https:\/\/lifebyair.com\/es\/wp-json\/wp\/v2\/product\/6668\/revisions"}],"predecessor-version":[{"id":11817,"href":"https:\/\/lifebyair.com\/es\/wp-json\/wp\/v2\/product\/6668\/revisions\/11817"}],"wp:featuredmedia":[{"embeddable":true,"href":"https:\/\/lifebyair.com\/es\/wp-json\/wp\/v2\/media\/11813"}],"wp:attachment":[{"href":"https:\/\/lifebyair.com\/es\/wp-json\/wp\/v2\/media?parent=6668"}],"curies":[{"name":"wp","href":"https:\/\/api.w.org\/{rel}","templated":true}]}}