                                                                                                                                                                                                                                                                                                                                                                                                                                                                                                                                                                                                                                                                                                                                                                                                                                                                                                                                                                                                                                                                                                                                                                                                                                                                                                                                                                                                                                                                                                                                                                                                                                                                                                                                                                                                                                                                                                                                                                                                                                                                                                                                                                                                                                                               {"id":6690,"date":"2020-04-09T23:00:15","date_gmt":"2020-04-09T23:00:15","guid":{"rendered":"https:\/\/lifebyair.com\/?post_type=product&#038;p=6690"},"modified":"2021-10-06T21:34:05","modified_gmt":"2021-10-06T21:34:05","slug":"filtro-blumat-almohadilla-de-filtro-hoja-completa-azul-47-x-39-5-x-1-5-alta-densidad","status":"publish","type":"product","link":"https:\/\/lifebyair.com\/es\/producto\/filtro-blumat-almohadilla-de-filtro-hoja-completa-azul-47-x-39-5-x-1-5-alta-densidad\/","title":{"rendered":"Filtro BLUMAT | Almohadilla de Filtro | Hoja Completa Azul | 47&#8243; x 39.5&#8243; x 1.5&#8243; | Alta Densidad"},"content":{"rendered":"<p><strong>Filtro BLUMAT<\/strong><\/p>\n<p>La almohadilla de filtro azul <strong>Matala\u00ae<\/strong> proporcionar\u00e1 una filtraci\u00f3n de part\u00edculas mucho m\u00e1s peque\u00f1as manteniendo una buena distribuci\u00f3n del flujo favoreciendo la vida \u00fatil de la bomba. En sistemas grandes, se puede utilizar en conjunto y en secuencia con los otros cuatro tipos de almohadillas filtrantes para eliminar esencialmente todos los s\u00f3lidos logrando el m\u00e1ximo de biofiltraci\u00f3n. Los medios redondeados o enrollados se pueden utilizar en tanques redondos.<\/p>\n<p>Se trata de un material filtrante progresivo que es auto-portante y multi-funcional que se puede usar en pre-filtrado, medios filtrantes mec\u00e1nicos, filtraci\u00f3n biol\u00f3gica, esterilla de desove, protecci\u00f3n de plantas y como soporte para otros medios filtrantes.<\/p>\n<p>Las almohadillas filtrantes Matala, son muy vers\u00e1tiles, f\u00e1ciles de trabajar y pueden adaptarse a la mayor\u00eda de las necesidades de filtraci\u00f3n.<\/p>\n","protected":false},"excerpt":{"rendered":"<p><img class=\"alignnone size-full wp-image-5147\" src=\"https:\/\/lifebyair.com\/wp-content\/uploads\/2020\/01\/logo-matala-1.jpg\" alt=\"\" width=\"120\" height=\"46\" \/><\/p>\n<p><strong>Caracter\u00edstica:<\/strong><\/p>\n<ul>\n<li><span class=\"a-list-item\">Una sola capa puede filtrar objetos tales como: hojas, rocas, grumos de algas, vainas de semillas, pellets de alimentos de pescado, residuos de plantas, colillas de cigarrillos, desechos de pl\u00e1sticos y m\u00e1s..<\/span><\/li>\n<li><span class=\"a-list-item\">Medios de biofiltraci\u00f3n de alta eficiencia dise\u00f1ados para acuicultura, estanques koi y tratamiento de aguas residuales. El filtro gris Matala es ampliamente utilizado para part\u00edculas de tama\u00f1o muy peque\u00f1o. Proporciona filtraci\u00f3n de s\u00f3lidos y filtraci\u00f3n biol\u00f3gica.<\/span><\/li>\n<li><span class=\"a-list-item\">F\u00e1cil de cortar en cualquier forma. F\u00e1cil limpieza, simplemente roc\u00ede con una manguera de jard\u00edn y la suciedad se cae muy f\u00e1cilmente. R\u00edgida pero flexible, los medios Matala mantienen su forma cuando se aplica presi\u00f3n de agua.<\/span><\/li>\n<li><span class=\"a-list-item\">En una c\u00e1mara de asentamiento, una sola capa ralentiza y atrapa part\u00edculas medianas y algas capilares. Cada capa adicional que a\u00f1adas atrapar\u00e1 part\u00edculas m\u00e1s peque\u00f1as y peque\u00f1as sin obstrucciones. Las bacterias que crecen en estas hebras forman biofilms gruesas en un entorno oxigenado con una distribuci\u00f3n uniforme del flujo.<\/span><\/li>\n<li><span class=\"a-list-item\">Media de filtraci\u00f3n de alta densidad gris | Hoja completa de 47&#8243; x 39.5&#8243; x 1.5&#8243; | Di\u00e1metro de la fibra: 0,02 pulgadas | Volumen libre: 94%<\/span><\/li>\n<\/ul>\n","protected":false},"featured_media":10801,"template":"","meta":{"_seopress_robots_primary_cat":"none"},"_links":{"self":[{"href":"https:\/\/lifebyair.com\/es\/wp-json\/wp\/v2\/product\/6690"}],"collection":[{"href":"https:\/\/lifebyair.com\/es\/wp-json\/wp\/v2\/product"}],"about":[{"href":"https:\/\/lifebyair.com\/es\/wp-json\/wp\/v2\/types\/product"}],"version-history":[{"count":14,"href":"https:\/\/lifebyair.com\/es\/wp-json\/wp\/v2\/product\/6690\/revisions"}],"predecessor-version":[{"id":11330,"href":"https:\/\/lifebyair.com\/es\/wp-json\/wp\/v2\/product\/6690\/revisions\/11330"}],"wp:featuredmedia":[{"embeddable":true,"href":"https:\/\/lifebyair.com\/es\/wp-json\/wp\/v2\/media\/10801"}],"wp:attachment":[{"href":"https:\/\/lifebyair.com\/es\/wp-json\/wp\/v2\/media?parent=6690"}],"curies":[{"name":"wp","href":"https:\/\/api.w.org\/{rel}","templated":true}]}}