                                                                                                                                                                                                                                                                                                                                                                                                                                                                                                                                                                                                                                                                                                                                                                                                                                                                                                                                                                                                                                                                                                                                                                                                                                                                                                                                                                                                                                                                                                                                                                                                                                                                                                                                                                                                                                                                                                                                                                                                                                                                                                                                                                                                                                                               {"id":6698,"date":"2020-04-09T23:29:45","date_gmt":"2020-04-09T23:29:45","guid":{"rendered":"https:\/\/lifebyair.com\/?post_type=product&#038;p=6698"},"modified":"2021-10-06T21:31:09","modified_gmt":"2021-10-06T21:31:09","slug":"filtro-blkmat-almohadilla-de-filtro-hoja-completa-negra-47-x-39-5-x-1-5-baja-densidad","status":"publish","type":"product","link":"https:\/\/lifebyair.com\/es\/producto\/filtro-blkmat-almohadilla-de-filtro-hoja-completa-negra-47-x-39-5-x-1-5-baja-densidad\/","title":{"rendered":"Filtro BLKMAT | Almohadilla de Filtro | Hoja Completa Negra | 47&#8243; x 39.5&#8243; x 1.5&#8243; | Baja Densidad"},"content":{"rendered":"<p><strong>Filtro BLKMAT<\/strong><\/p>\n<p>Es un medio filtrante Negro de la marca <strong>Matala\u00ae<\/strong> de baja densidad usado para filtrar s\u00f3lidos y part\u00edculas muy grandes. Es de f\u00e1cil limpieza, pues basta con solo usar una manguera de jard\u00edn y la suciedad caer\u00e1 f\u00e1cilmente.<\/p>\n<p>Este medio filtrante se puede utilizar como rejilla de soporte para otras capas de medio debido a su dise\u00f1o abierto y muy resistente.<\/p>\n","protected":false},"excerpt":{"rendered":"<p><img class=\"alignnone size-full wp-image-5147\" src=\"https:\/\/lifebyair.com\/wp-content\/uploads\/2020\/01\/logo-matala-1.jpg\" alt=\"\" width=\"120\" height=\"46\" \/><\/p>\n<p><strong>Caracter\u00edstica:<\/strong><\/p>\n<ul>\n<li><span class=\"a-list-item\">Una sola capa puede filtrar objetos tales como: hojas, rocas, grumos de algas, vainas de semillas, pellets de alimentos de pescado, residuos de plantas, colillas de cigarrillos, desechos de pl\u00e1sticos y m\u00e1s..<\/span><\/li>\n<li><span class=\"a-list-item\">Medios de biofiltraci\u00f3n de alta eficiencia dise\u00f1ados para acuicultura, estanques koi y tratamiento de aguas residuales. El filtro gris Matala es ampliamente utilizado para part\u00edculas de tama\u00f1o muy peque\u00f1o. Proporciona filtraci\u00f3n de s\u00f3lidos y filtraci\u00f3n biol\u00f3gica.<\/span><\/li>\n<li><span class=\"a-list-item\">F\u00e1cil de cortar en cualquier forma. F\u00e1cil limpieza, simplemente roc\u00ede con una manguera de jard\u00edn y la suciedad se cae muy f\u00e1cilmente. R\u00edgida pero flexible, los medios Matala mantienen su forma cuando se aplica presi\u00f3n de agua.<\/span><\/li>\n<li><span class=\"a-list-item\">En una c\u00e1mara de asentamiento, una sola capa ralentiza y atrapa part\u00edculas medianas y algas capilares. Cada capa adicional que a\u00f1adas atrapar\u00e1 part\u00edculas m\u00e1s peque\u00f1as y peque\u00f1as sin obstrucciones. Las bacterias que crecen en estas hebras forman biofilms gruesas en un entorno oxigenado con una distribuci\u00f3n uniforme del flujo.<\/span><\/li>\n<li><span class=\"a-list-item\">Media de filtraci\u00f3n de alta densidad gris | Hoja completa de 47&#8243; x 39.5&#8243; x 1.5&#8243; | Di\u00e1metro de la fibra: 0,02 pulgadas | Volumen libre: 94%<\/span><\/li>\n<\/ul>\n","protected":false},"featured_media":10797,"template":"","meta":{"_seopress_robots_primary_cat":"none"},"_links":{"self":[{"href":"https:\/\/lifebyair.com\/es\/wp-json\/wp\/v2\/product\/6698"}],"collection":[{"href":"https:\/\/lifebyair.com\/es\/wp-json\/wp\/v2\/product"}],"about":[{"href":"https:\/\/lifebyair.com\/es\/wp-json\/wp\/v2\/types\/product"}],"version-history":[{"count":14,"href":"https:\/\/lifebyair.com\/es\/wp-json\/wp\/v2\/product\/6698\/revisions"}],"predecessor-version":[{"id":11328,"href":"https:\/\/lifebyair.com\/es\/wp-json\/wp\/v2\/product\/6698\/revisions\/11328"}],"wp:featuredmedia":[{"embeddable":true,"href":"https:\/\/lifebyair.com\/es\/wp-json\/wp\/v2\/media\/10797"}],"wp:attachment":[{"href":"https:\/\/lifebyair.com\/es\/wp-json\/wp\/v2\/media?parent=6698"}],"curies":[{"name":"wp","href":"https:\/\/api.w.org\/{rel}","templated":true}]}}