                                                                                                                                                                                                                                                                                                                                                                                                                                                                                                                                                                                                                                                                                                                                                                                                                                                                                                                                                                                                                                                                                                                                                                                                                                                                                                                                                                                                                                                                                                                                                                                                                                                                                                                                                                                                                                                                                                                                                                                                                                                                                                                                                                                                                                                               {"id":6707,"date":"2020-04-09T23:46:39","date_gmt":"2020-04-09T23:46:39","guid":{"rendered":"https:\/\/lifebyair.com\/?post_type=product&#038;p=6707"},"modified":"2021-10-06T21:26:43","modified_gmt":"2021-10-06T21:26:43","slug":"filtro-halfgn-almohadilla-de-filtro-media-hoja-verde-24%e2%80%b3-x-39%e2%80%b3-x-1-5%e2%80%b3-densidad-media","status":"publish","type":"product","link":"https:\/\/lifebyair.com\/es\/producto\/filtro-halfgn-almohadilla-de-filtro-media-hoja-verde-24%e2%80%b3-x-39%e2%80%b3-x-1-5%e2%80%b3-densidad-media\/","title":{"rendered":"Filtro HALFGN | Almohadilla de Filtro | Media Hoja Verde | 24\u2033 x 39\u2033 x 1.5\u2033 | Densidad Media"},"content":{"rendered":"<p><strong>Filtro HALFGN<\/strong><\/p>\n<p>La almohadilla de filtro verde <strong>Matala\u00ae<\/strong> proporcionar\u00e1 una filtraci\u00f3n de part\u00edculas medianas manteniendo una buena distribuci\u00f3n del flujo favoreciendo la vida \u00fatil de la bomba. En sistemas grandes, se puede utilizar en conjunto y en secuencia con los otros cuatro tipos de almohadillas filtrantes para eliminar esencialmente todos los s\u00f3lidos logrando el m\u00e1ximo de biofiltraci\u00f3n.<\/p>\n<p>Se trata de un material filtrante progresivo que es auto-portante y multi-funcional que se puede usar en pre-filtrado, medios filtrantes mec\u00e1nicos, filtraci\u00f3n biol\u00f3gica, esterilla de desove, protecci\u00f3n de plantas y como soporte para otros medios filtrantes.<br \/>\nLas almohadillas filtrantes Matala, son muy vers\u00e1tiles, f\u00e1ciles de trabajar y pueden adaptarse a la mayor\u00eda de las necesidades de filtraci\u00f3n. Son f\u00e1ciles de limpiar simplemente usando una manguera de jard\u00edn para limpiarlos por rociado y la suciedad se desprender\u00e1 con mucha facilidad.<\/p>\n<p><strong>NOTA:<\/strong> Se trata de media almohadilla.<\/p>\n","protected":false},"excerpt":{"rendered":"<p><img class=\"alignnone size-full wp-image-5147\" src=\"https:\/\/lifebyair.com\/wp-content\/uploads\/2020\/01\/logo-matala-1.jpg\" alt=\"\" width=\"120\" height=\"46\" \/><\/p>\n<p><strong>Caracter\u00edstica:<\/strong><\/p>\n<ul>\n<li><span class=\"a-list-item\">Una sola capa puede filtrar objetos tales como: hojas, rocas, grumos de algas, vainas de semillas, pellets de alimentos de pescado, residuos de plantas, colillas de cigarrillos, desechos de pl\u00e1sticos y m\u00e1s..<\/span><\/li>\n<li><span class=\"a-list-item\">Medios de biofiltraci\u00f3n de alta eficiencia dise\u00f1ados para acuicultura, estanques koi y tratamiento de aguas residuales. El filtro negro Matala es ampliamente utilizado para part\u00edculas de gran tama\u00f1o. Proporciona filtraci\u00f3n de s\u00f3lidos y filtraci\u00f3n biol\u00f3gica.<\/span><\/li>\n<li><span class=\"a-list-item\">F\u00e1cil de cortar en cualquier forma. F\u00e1cil limpieza, simplemente roc\u00ede con una manguera de jard\u00edn y la suciedad se cae muy f\u00e1cilmente. R\u00edgida pero flexible, los medios Matala mantienen su forma cuando se aplica presi\u00f3n de agua.<\/span><\/li>\n<li><span class=\"a-list-item\">En una c\u00e1mara de asentamiento, una sola capa de negro ralentizar\u00e1 y atrapar\u00e1 part\u00edculas grandes y algas capilares. Cada capa adicional que a\u00f1adas atrapar\u00e1 part\u00edculas m\u00e1s peque\u00f1as y peque\u00f1as sin obstrucciones. Las bacterias que crecen en estas hebras forman biofilms gruesas en un entorno oxigenado con una distribuci\u00f3n uniforme del flujo.<\/span><\/li>\n<li><span class=\"a-list-item\">Matala &#8211; Media hoja de 24\u2033 x 39\u2033 x 1.5\u2033, di\u00e1metro de la fibra: 0.035 pulgadas, volumen libre: 93%<\/span><\/li>\n<\/ul>\n","protected":false},"featured_media":10798,"template":"","meta":{"_seopress_robots_primary_cat":"none"},"_links":{"self":[{"href":"https:\/\/lifebyair.com\/es\/wp-json\/wp\/v2\/product\/6707"}],"collection":[{"href":"https:\/\/lifebyair.com\/es\/wp-json\/wp\/v2\/product"}],"about":[{"href":"https:\/\/lifebyair.com\/es\/wp-json\/wp\/v2\/types\/product"}],"version-history":[{"count":12,"href":"https:\/\/lifebyair.com\/es\/wp-json\/wp\/v2\/product\/6707\/revisions"}],"predecessor-version":[{"id":11325,"href":"https:\/\/lifebyair.com\/es\/wp-json\/wp\/v2\/product\/6707\/revisions\/11325"}],"wp:featuredmedia":[{"embeddable":true,"href":"https:\/\/lifebyair.com\/es\/wp-json\/wp\/v2\/media\/10798"}],"wp:attachment":[{"href":"https:\/\/lifebyair.com\/es\/wp-json\/wp\/v2\/media?parent=6707"}],"curies":[{"name":"wp","href":"https:\/\/api.w.org\/{rel}","templated":true}]}}