                                                                                                                                                                                                                                                                                                                                                                                                                                                                                                                                                                                                                                                                                                                                                                                                                                                                                                                                                                                                                                                                                                                                                                                                                                                                                                                                                                                                                                                                                                                                                                                                                                                                                                                                                                                                                                                                                                                                                                                                                                                                                                                                                                                                                                                               {"id":6751,"date":"2020-04-13T16:38:43","date_gmt":"2020-04-13T16:38:43","guid":{"rendered":"https:\/\/lifebyair.com\/?post_type=product&#038;p=6751"},"modified":"2026-03-06T16:50:12","modified_gmt":"2026-03-06T16:50:12","slug":"aspiradora-pvii-aspiradora-de-estanque-succionador-de-lodo","status":"publish","type":"product","link":"https:\/\/lifebyair.com\/es\/producto\/aspiradora-pvii-aspiradora-de-estanque-succionador-de-lodo\/","title":{"rendered":"Aspiradora PVII | Aspiradora de Estanque | Succionador de lodo"},"content":{"rendered":"<p><strong>Aspiradora PVII | Aspiradora de Estanque<\/strong><\/p>\n<p style=\"text-align: justify;\">La aspiradora PVII <strong>&#8220;Pond Vacuum II &#8211; PVII&#8221;<\/strong> de <strong>Matala\u00ae<\/strong> es una potente aspiradora de estanque de alta calidad que llega a una altura de succi\u00f3n de hasta 1.5m (5&#8242;). Elimina f\u00e1cilmente algas, lodos, plantas muertas, hojas e incluso peque\u00f1as piedras de hasta 3\/8 \u201dde di\u00e1metro.<\/p>\n<p style=\"text-align: justify;\">Funciona con ciclo de encendido \/ apagado de aproximadamente 40 segundos de vac\u00edo y 20 segundos de drenaje. Durante el ciclo de vac\u00edo, el tanque de almacenamiento se llena de agua sucia. Una vez lleno, el motor se apagar\u00e1 autom\u00e1ticamente. El agua sucia comenzar\u00e1 a drenar por la manguera de drenaje hacia los desag\u00fces.<\/p>\n<p style=\"text-align: justify;\">Cuando est\u00e1 vac\u00edo, se enciende autom\u00e1ticamente y contin\u00faa aspirando. Se recomienda usar la bolsa de malla opcional para capturar los desechos gruesos antes de descargar el agua sucia ya sea en el jard\u00edn o el desag\u00fce que se defina. No devuelva el agua sucia al estanque, de esta manera, puede usar la aspiradora para realizar cambios mensuales de agua. Seguro para usar en estanques de peces y jardines acu\u00e1ticos.<\/p>\n","protected":false},"excerpt":{"rendered":"<p><img class=\"alignnone size-full wp-image-5147\" src=\"https:\/\/lifebyair.com\/wp-content\/uploads\/2020\/01\/logo-matala-1.jpg\" alt=\"\" width=\"120\" height=\"46\" \/><\/p>\n<p><strong>Caracter\u00edsticas:<\/strong><\/p>\n<ul>\n<li>Motor el\u00e9ctrico eficiente y potente de 2HP (1400W).<\/li>\n<li>Cuatro (4) boquillas de vac\u00edo.<\/li>\n<li>Voltaje 110V\/120V, 60Hz.<\/li>\n<li>Capacidad del contenedor: 5.3 Gal \/ 20 litros.<\/li>\n<li>Drenaje de agua: 25-30 segundos.<\/li>\n<\/ul>\n","protected":false},"featured_media":11802,"template":"","meta":{"_seopress_robots_primary_cat":"none"},"_links":{"self":[{"href":"https:\/\/lifebyair.com\/es\/wp-json\/wp\/v2\/product\/6751"}],"collection":[{"href":"https:\/\/lifebyair.com\/es\/wp-json\/wp\/v2\/product"}],"about":[{"href":"https:\/\/lifebyair.com\/es\/wp-json\/wp\/v2\/types\/product"}],"version-history":[{"count":11,"href":"https:\/\/lifebyair.com\/es\/wp-json\/wp\/v2\/product\/6751\/revisions"}],"predecessor-version":[{"id":11803,"href":"https:\/\/lifebyair.com\/es\/wp-json\/wp\/v2\/product\/6751\/revisions\/11803"}],"wp:featuredmedia":[{"embeddable":true,"href":"https:\/\/lifebyair.com\/es\/wp-json\/wp\/v2\/media\/11802"}],"wp:attachment":[{"href":"https:\/\/lifebyair.com\/es\/wp-json\/wp\/v2\/media?parent=6751"}],"curies":[{"name":"wp","href":"https:\/\/api.w.org\/{rel}","templated":true}]}}