                                                                                                                                                                                                                                                                                                                                                                                                                                                                                                                                                                                                                                                                                                                                                                                                                                                                                                                                                                                                                                                                                                                                                                                                                                                                                                                                                                                                                                                                                                                                                                                                                                                                                                                                                                                                                                                                                                                                                                                                                                                                                                                                                                                                                                                               {"id":6762,"date":"2020-04-13T18:15:42","date_gmt":"2020-04-13T18:15:42","guid":{"rendered":"https:\/\/lifebyair.com\/?post_type=product&#038;p=6762"},"modified":"2025-05-14T17:22:04","modified_gmt":"2025-05-14T17:22:04","slug":"aspiradora-pcvac-aspiradora-de-estanque-profesional","status":"publish","type":"product","link":"https:\/\/lifebyair.com\/es\/producto\/aspiradora-pcvac-aspiradora-de-estanque-profesional\/","title":{"rendered":"Aspiradora PCVAC | Aspiradora de Estanque Profesional"},"content":{"rendered":"<p><strong>Aspiradora PCVAC | Aspiradora de Estanque Profesional<\/strong><\/p>\n<p style=\"text-align: justify;\">La aspiradora de estanque modelo PCVAC de la marca <strong>Matala\u00ae<\/strong> est\u00e1 dise\u00f1ada para uso profesional gracias a su tecnolog\u00eda &#8220;Power-Cyclone&#8221; con dos motores. Los motores tienen un caudal equilibrado, por lo que el trabajo de vac\u00edo es continuo y sin interrupciones. El tubo de extensi\u00f3n de 1.83m (6&#8242;) se combina con 7.9m (26&#8242;) de manguera de succi\u00f3n, lo que permite un f\u00e1cil manejo incluso durante los trabajos de aspiraci\u00f3n de estanques m\u00e1s grandes. Se incluyen 4 cabezales de vac\u00edo de diferentes tama\u00f1os.<\/p>\n<p style=\"text-align: justify;\">El motor de succi\u00f3n est\u00e1 dise\u00f1ado para aspirar hasta 1500 GPH. El motor de descarga interno es de 1 HP y es capaz de descargar agua bajo presi\u00f3n hasta 5.5m (18&#8242;) de altura. Los desechos se aspiran al tanque de almacenamiento de 13 galones, a continuaci\u00f3n, el agua sucia se bombea al desag\u00fce mediante la acci\u00f3n de la bomba de lodos interna de 1 HP. 32&#8242; de manguera de escape permiten que el agua residual se bombee a cualquier elevaci\u00f3n llegando hasta 5m (18&#8242;).<\/p>\n<p style=\"text-align: justify;\">La distancia total de trabajo es de m\u00e1s de 18m (60&#8242;). Se puede agregar una manguera de escape secundaria opcional en el extremo de la manguera de descarga para ganar 9.75m (32&#8242;) de requerirse. Esta innovadora aspiradora es muy vers\u00e1til y se puede utilizar en una variedad de aplicaciones como:<\/p>\n<ul>\n<li>Limpieza de estanques.<\/li>\n<li>Limpieza del tanque de filtro.<\/li>\n<li>Inundaciones en s\u00f3tanos.<\/li>\n<li>Inundaciones de alfombras en el hogar.<\/li>\n<\/ul>\n","protected":false},"excerpt":{"rendered":"<p><img class=\"alignnone size-full wp-image-5147\" src=\"https:\/\/lifebyair.com\/wp-content\/uploads\/2020\/01\/logo-matala-1.jpg\" alt=\"\" width=\"120\" height=\"46\" \/><\/p>\n<p><strong>Caracter\u00edsticas:<\/strong><\/p>\n<ul>\n<li>Voltaje de trabajo: 110V\/120V &#8211; 60Hz.<\/li>\n<li>Consumo de energ\u00eda del motor (vac\u00edo): 1200 W.<\/li>\n<li>Consumo de energ\u00eda de la bomba en descarga: 700W.<\/li>\n<li>Flujo de descarga: 3700 GPH\/14000 LPH.<\/li>\n<li>Capacidad de contenedor: 13.2 GAL\/50 litros.<\/li>\n<\/ul>\n<p><a href=\"https:\/\/lifebyair.com\/es\/contactenos\/\"><strong>\u00a0LLAME PARA DISPONIBILIDAD<\/strong><\/a><\/p>\n","protected":false},"featured_media":11805,"template":"","meta":{"_seopress_robots_primary_cat":"none"},"_links":{"self":[{"href":"https:\/\/lifebyair.com\/es\/wp-json\/wp\/v2\/product\/6762"}],"collection":[{"href":"https:\/\/lifebyair.com\/es\/wp-json\/wp\/v2\/product"}],"about":[{"href":"https:\/\/lifebyair.com\/es\/wp-json\/wp\/v2\/types\/product"}],"version-history":[{"count":9,"href":"https:\/\/lifebyair.com\/es\/wp-json\/wp\/v2\/product\/6762\/revisions"}],"predecessor-version":[{"id":11806,"href":"https:\/\/lifebyair.com\/es\/wp-json\/wp\/v2\/product\/6762\/revisions\/11806"}],"wp:featuredmedia":[{"embeddable":true,"href":"https:\/\/lifebyair.com\/es\/wp-json\/wp\/v2\/media\/11805"}],"wp:attachment":[{"href":"https:\/\/lifebyair.com\/es\/wp-json\/wp\/v2\/media?parent=6762"}],"curies":[{"name":"wp","href":"https:\/\/api.w.org\/{rel}","templated":true}]}}