                                                                                                                                                                                                                                                                                                                                                                                                                                                                                                                                                                                                                                                                                                                                                                                                                                                                                                                                                                                                                                                                                                                                                                                                                                                                                                                                                                                                                                                                                                                                                                                                                                                                                                                                                                                                                                                                                                                                                                                                                                                                                                                                                                                                                                                               {"id":6805,"date":"2020-04-13T21:51:51","date_gmt":"2020-04-13T21:51:51","guid":{"rendered":"https:\/\/lifebyair.com\/?post_type=product&#038;p=6805"},"modified":"2025-05-20T14:45:14","modified_gmt":"2025-05-20T14:45:14","slug":"manguera-wah-3-8-100-tubo-de-manguera-sumergible-3-8-100-ft","status":"publish","type":"product","link":"https:\/\/lifebyair.com\/es\/producto\/manguera-wah-3-8-100-tubo-de-manguera-sumergible-3-8-100-ft\/","title":{"rendered":"Manguera WAH-3\/8&#8243;-100&#8242; | Tubo de Manguera Sumergible | 3\/8&#8243; | 100 ft"},"content":{"rendered":"<p><strong>Manguera WAH-3\/8&#8243;-100&#8242; | Tubo de Manguera Sumergible<\/strong><\/p>\n<p>Manguera sumergible fabricada en PVC de paredes gruesas con flexibilidad y baja ca\u00edda de presi\u00f3n y adecuado para cualquier ambiente acu\u00e1tico sea agua dulce, salada, residual o estanques de retenci\u00f3n.<\/p>\n<p>Caracter\u00edsticas:<\/p>\n<ul>\n<li>Longitud: 100&#8242; \/ 30.5m.<\/li>\n<li>Di\u00e1metro interno: 3\/8&#8243; \/ 9.5 mm.<\/li>\n<li>Di\u00e1metro externo: 0.68&#8243; \/ 17.5 mm.<\/li>\n<\/ul>\n","protected":false},"excerpt":{"rendered":"<p><img class=\"alignnone size-full wp-image-5147\" src=\"https:\/\/lifebyair.com\/wp-content\/uploads\/2020\/01\/logo-matala-1.jpg\" alt=\"\" width=\"120\" height=\"46\" \/><\/p>\n<p><strong>Caracter\u00edsticas:<\/strong><\/p>\n<ul>\n<li><span class=\"a-list-item\">3\/8&#8243; x 100 pies | Tubo negro ponderado: f\u00e1cil de conectar, desconectar o reemplazar para un c\u00f3modo suministro personalizado de aire | Suministro de aire ideal para estanques y lagos autohundidos y instalaciones no autohundibles.<\/span><\/li>\n<li><span class=\"a-list-item\">Resistente con una pared gruesa, este tubo de PVC pesado sigue siendo flexible incluso en el agua m\u00e1s fr\u00eda | Duradero y resistente a los golpes para a\u00f1os de servicio fiable en cualquier fuente de agua.<\/span><\/li>\n<li><span class=\"a-list-item\">Est\u00e1 hecho de un PVC grueso con cierta flexibilidad, adecuado para cualquier entorno acu\u00e1tico como agua dulce, agua salada, aguas residuales o estanques de retenci\u00f3n.<\/span><\/li>\n<li><span class=\"a-list-item\">La superficie interior de la pared muy suave permite una resistencia de flujo muy baja, alta eficiencia energ\u00e9tica y muy baja ca\u00edda de presi\u00f3n.<\/span><\/li>\n<li><span class=\"a-list-item\">Manguera pesada autohundible para una instalaci\u00f3n f\u00e1cil y sin enredos. Este tubo superior es seguro para peces y fauna silvestre y est\u00e1 dise\u00f1ado para evitar grietas, roturas y torceduras.<\/span><\/li>\n<li><span class=\"a-list-item\">El paquete incluye: 100 pies de manguera con peso de 3\/8 pulgadas y 2 abrazaderas de acero inoxidable incluidas. (Matala WAH 3\/8-100) | No incluye difusor<\/span><\/li>\n<\/ul>\n","protected":false},"featured_media":10442,"template":"","meta":{"_seopress_robots_primary_cat":"none"},"_links":{"self":[{"href":"https:\/\/lifebyair.com\/es\/wp-json\/wp\/v2\/product\/6805"}],"collection":[{"href":"https:\/\/lifebyair.com\/es\/wp-json\/wp\/v2\/product"}],"about":[{"href":"https:\/\/lifebyair.com\/es\/wp-json\/wp\/v2\/types\/product"}],"version-history":[{"count":7,"href":"https:\/\/lifebyair.com\/es\/wp-json\/wp\/v2\/product\/6805\/revisions"}],"predecessor-version":[{"id":11312,"href":"https:\/\/lifebyair.com\/es\/wp-json\/wp\/v2\/product\/6805\/revisions\/11312"}],"wp:featuredmedia":[{"embeddable":true,"href":"https:\/\/lifebyair.com\/es\/wp-json\/wp\/v2\/media\/10442"}],"wp:attachment":[{"href":"https:\/\/lifebyair.com\/es\/wp-json\/wp\/v2\/media?parent=6805"}],"curies":[{"name":"wp","href":"https:\/\/api.w.org\/{rel}","templated":true}]}}