                                                                                                                                                                                                                                                                                                                                                                                                                                                                                                                                                                                                                                                                                                                                                                                                                                                                                                                                                                                                                                                                                                                                                                                                                                                                                                                                                                                                                                                                                                                                                                                                                                                                                                                                                                                                                                                                                                                                                                                                                                                                                                                                                                                                                                                               {"id":6861,"date":"2020-04-14T22:33:50","date_gmt":"2020-04-14T22:33:50","guid":{"rendered":"https:\/\/lifebyair.com\/?post_type=product&#038;p=6861"},"modified":"2025-08-29T23:50:45","modified_gmt":"2025-08-29T23:50:45","slug":"mea-pro-mini-2000-kit-de-aireacion-flujo-maximo-9-lpm","status":"publish","type":"product","link":"https:\/\/lifebyair.com\/es\/producto\/mea-pro-mini-2000-kit-de-aireacion-flujo-maximo-9-lpm\/","title":{"rendered":"MEA PRO MINI 2000 | Kit de Aireaci\u00f3n | Flujo M\u00e1ximo: 9 LPM"},"content":{"rendered":"<p><strong>MEA PRO MINI 2000 | Kit de Aireaci\u00f3n <\/strong><\/p>\n<p>El MEA PRO MINI 2000 de la marca <strong>Matala\u00ae<\/strong> es una completo kit de aireaci\u00f3n ideal para peque\u00f1os estanques con capacidades inferiores a 2000 galones. Est\u00e1 compuesto por una bomba con salida dual de 6 vatios de potencia que puede entregar hasta 9.5 l\/min de aire, equivalentes a 0.34 CFM. Es de alta eficiencia, f\u00e1cil mantenimiento, con operaci\u00f3n silenciosa y libre de aceite.<br \/>\nCuenta adem\u00e1s con difusores tipo disco de silicona de alta calidad, auto-sumergibles de f\u00e1cil instalaci\u00f3n y limpieza.<br \/>\nSus principales aplicaciones est\u00e1n en el \u00e1rea de acuicultura y en la crianza de peces Koi peque\u00f1os.<\/p>\n<p><strong>Ventajas:<\/strong><\/p>\n<ul>\n<li>Favorece la salud de los peces.<\/li>\n<li>Reduce el crecimiento de algas y la acumulaci\u00f3n de lodos.<\/li>\n<li>Deshielo para evitar la muerte de peces en invierno.<\/li>\n<\/ul>\n<p><strong>Kit Incluye:<\/strong><\/p>\n<ul>\n<li>Bomba de aire 9LP de doble salida de 6 vatios, 9,5 lpm \/ 0,34 CFM.<\/li>\n<li>Dos difusores de aire de burbuja fina tipo disco de silicona, auto-sumergibles Ref. MD3W, de 3,5&#8243; de di\u00e1metro.<\/li>\n<li>2 tramos de manguera de aire con longitud total de 18m.<\/li>\n<li>2 v\u00e1lvulas cheque.<\/li>\n<li>3 a\u00f1os de garant\u00eda.<\/li>\n<\/ul>\n","protected":false},"excerpt":{"rendered":"<p><img class=\"alignnone size-full wp-image-5147\" src=\"https:\/\/lifebyair.com\/wp-content\/uploads\/2020\/01\/logo-matala-1.jpg\" alt=\"\" width=\"120\" height=\"46\" \/><\/p>\n<p><strong>Kit Incluye:<\/strong><\/p>\n<ul>\n<li>Bomba de aire 9LP de doble salida de 6 vatios, 9,5 lpm \/ 0,34 CFM.<\/li>\n<li>Dos difusores de aire de burbuja fina tipo disco de silicona, auto-sumergibles Ref. MD3W, de 3,5&#8243; de di\u00e1metro.<\/li>\n<li>2 tramos de manguera de aire con longitud total de 18m.<\/li>\n<li>2 v\u00e1lvulas cheque.<\/li>\n<li>3 a\u00f1os de garant\u00eda.<\/li>\n<\/ul>\n","protected":false},"featured_media":7970,"template":"","meta":{"_seopress_robots_primary_cat":"none"},"_links":{"self":[{"href":"https:\/\/lifebyair.com\/es\/wp-json\/wp\/v2\/product\/6861"}],"collection":[{"href":"https:\/\/lifebyair.com\/es\/wp-json\/wp\/v2\/product"}],"about":[{"href":"https:\/\/lifebyair.com\/es\/wp-json\/wp\/v2\/types\/product"}],"version-history":[{"count":15,"href":"https:\/\/lifebyair.com\/es\/wp-json\/wp\/v2\/product\/6861\/revisions"}],"predecessor-version":[{"id":10319,"href":"https:\/\/lifebyair.com\/es\/wp-json\/wp\/v2\/product\/6861\/revisions\/10319"}],"wp:featuredmedia":[{"embeddable":true,"href":"https:\/\/lifebyair.com\/es\/wp-json\/wp\/v2\/media\/7970"}],"wp:attachment":[{"href":"https:\/\/lifebyair.com\/es\/wp-json\/wp\/v2\/media?parent=6861"}],"curies":[{"name":"wp","href":"https:\/\/api.w.org\/{rel}","templated":true}]}}