                                                                                                                                                                                                                                                                                                                                                                                                                                                                                                                                                                                                                                                                                                                                                                                                                                                                                                                                                                                                                                                                                                                                                                                                                                                                                                                                                                                                                                                                                                                                                                                                                                                                                                                                                                                                                                                                                                                                                                                                                                                                                                                                                                                                                                                               {"id":6950,"date":"2020-04-15T22:10:41","date_gmt":"2020-04-15T22:10:41","guid":{"rendered":"https:\/\/lifebyair.com\/?post_type=product&#038;p=6950"},"modified":"2025-05-20T14:54:42","modified_gmt":"2025-05-20T14:54:42","slug":"manguera-pvc75-manguera-sin-pliegues-3-4-de-diametro-100-ft","status":"publish","type":"product","link":"https:\/\/lifebyair.com\/es\/producto\/manguera-pvc75-manguera-sin-pliegues-3-4-de-diametro-100-ft\/","title":{"rendered":"Manguera PVC75 | Manguera sin Pliegues | 3\/4&#8243; de Di\u00e1metro | 100 ft"},"content":{"rendered":"<p><strong>Manguera PVC75 | Manguera sin Pliegues<\/strong><\/p>\n<p>El modelo PVC75 marca <strong>Matala\u00ae<\/strong> es una manguera que no se tuerce, ideal para alcanzar los m\u00e1ximos \u00edndices de flujo y eficiencia de la bomba a la que est\u00e9 instalada. Fabricada en PVC negro sin pliegues con un di\u00e1metro interno 3\/4&#8243; (19.5 mm) y longitud de 100&#8242; (30.48m) facilita la instalaci\u00f3n de tuber\u00edas y sistemas de filtrado. Es fuerte pero a la vez flexible para hacer esos giros y conexiones complicados. Se sugiere usar las abrazaderas de manguera.<\/p>\n","protected":false},"excerpt":{"rendered":"<p><img class=\"alignnone size-full wp-image-5147\" src=\"https:\/\/lifebyair.com\/wp-content\/uploads\/2020\/01\/logo-matala-1.jpg\" alt=\"\" width=\"120\" height=\"46\" \/><\/p>\n<p><strong>Caracter\u00edsticas:<\/strong><\/p>\n<ul>\n<li>No se tuerce<\/li>\n<li>Fabricada en PVC negro sin pliegues<\/li>\n<li>Di\u00e1metro interno 3\/4&#8243; (19.5 mm) y longitud de 100&#8242; (30.48m)<\/li>\n<li>Facilita la instalaci\u00f3n de tuber\u00edas y sistemas de filtrado.<\/li>\n<li>Es fuerte pero a la vez flexible para hacer esos giros y conexiones complicados.<\/li>\n<li>Se sugiere usar las abrazaderas de manguera.<\/li>\n<\/ul>\n","protected":false},"featured_media":6943,"template":"","meta":{"_seopress_robots_primary_cat":"none"},"_links":{"self":[{"href":"https:\/\/lifebyair.com\/es\/wp-json\/wp\/v2\/product\/6950"}],"collection":[{"href":"https:\/\/lifebyair.com\/es\/wp-json\/wp\/v2\/product"}],"about":[{"href":"https:\/\/lifebyair.com\/es\/wp-json\/wp\/v2\/types\/product"}],"version-history":[{"count":6,"href":"https:\/\/lifebyair.com\/es\/wp-json\/wp\/v2\/product\/6950\/revisions"}],"predecessor-version":[{"id":10229,"href":"https:\/\/lifebyair.com\/es\/wp-json\/wp\/v2\/product\/6950\/revisions\/10229"}],"wp:featuredmedia":[{"embeddable":true,"href":"https:\/\/lifebyair.com\/es\/wp-json\/wp\/v2\/media\/6943"}],"wp:attachment":[{"href":"https:\/\/lifebyair.com\/es\/wp-json\/wp\/v2\/media?parent=6950"}],"curies":[{"name":"wp","href":"https:\/\/api.w.org\/{rel}","templated":true}]}}