                                                                                                                                                                                                                                                                                                                                                                                                                                                                                                                                                                                                                                                                                                                                                                                                                                                                                                                                                                                                                                                                                                                                                                                                                                                                                                                                                                                                                                                                                                                                                                                                                                                                                                                                                                                                                                                                                                                                                                                                                                                                                                                                                                                                                                                               {"id":6972,"date":"2020-04-16T14:02:31","date_gmt":"2020-04-16T14:02:31","guid":{"rendered":"https:\/\/lifebyair.com\/?post_type=product&#038;p=6972"},"modified":"2025-08-29T23:51:58","modified_gmt":"2025-08-29T23:51:58","slug":"valvula-sc2-38-2-valvulas-de-aire-servicio-pesado-3-8%e2%80%b3-lengueta-colectores-de-aire","status":"publish","type":"product","link":"https:\/\/lifebyair.com\/es\/producto\/valvula-sc2-38-2-valvulas-de-aire-servicio-pesado-3-8%e2%80%b3-lengueta-colectores-de-aire\/","title":{"rendered":"V\u00e1lvula SC2-38 | 2 V\u00e1lvulas de Aire | Servicio Pesado (3\/8\u2033 Leng\u00fceta) | Colectores de Aire"},"content":{"rendered":"<p><strong>V\u00e1lvula SC2-38 | 2 V\u00e1lvulas de Aire | Servicio Pesado (3\/8\u2033 Leng\u00fceta) | Colectores de Aire<\/strong><\/p>\n<p>El modelo SC2-38 de la marca <strong>Matala\u00ae<\/strong> es un colector (manifold) de dos (2) salidas, ideal para ser usado cuando se requieren varios difusores de aire. Son de alta calidad y est\u00e1n dise\u00f1ados para trabajo pesado permitiendo altos \u00edndices de flujo.<\/p>\n<p>Caracter\u00edsticas:<\/p>\n<ul>\n<li>Dos (2) v\u00edas.<\/li>\n<li>Rosca de 3\/8&#8243; T.<\/li>\n<li>Entrada de 3\/4\u2033 que se conecta a la bomba de aire o compresor.<\/li>\n<li>Herrajes de lat\u00f3n de alta calidad.<\/li>\n<\/ul>\n","protected":false},"excerpt":{"rendered":"<p><img class=\"alignnone size-full wp-image-5147\" src=\"https:\/\/lifebyair.com\/wp-content\/uploads\/2020\/01\/logo-matala-1.jpg\" alt=\"\" width=\"120\" height=\"46\" \/><\/p>\n<p><strong>Caracter\u00edsticas:<\/strong><\/p>\n<ul>\n<li>Dos (2) v\u00edas.<\/li>\n<li>Rosca de 3\/8&#8243; T.<\/li>\n<li>Entrada de 3\/4\u2033 que se conecta a la bomba de aire o compresor.<\/li>\n<li>Herrajes de lat\u00f3n de alta calidad.<\/li>\n<\/ul>\n","protected":false},"featured_media":6976,"template":"","meta":{"_seopress_robots_primary_cat":"none"},"_links":{"self":[{"href":"https:\/\/lifebyair.com\/es\/wp-json\/wp\/v2\/product\/6972"}],"collection":[{"href":"https:\/\/lifebyair.com\/es\/wp-json\/wp\/v2\/product"}],"about":[{"href":"https:\/\/lifebyair.com\/es\/wp-json\/wp\/v2\/types\/product"}],"version-history":[{"count":6,"href":"https:\/\/lifebyair.com\/es\/wp-json\/wp\/v2\/product\/6972\/revisions"}],"predecessor-version":[{"id":10291,"href":"https:\/\/lifebyair.com\/es\/wp-json\/wp\/v2\/product\/6972\/revisions\/10291"}],"wp:featuredmedia":[{"embeddable":true,"href":"https:\/\/lifebyair.com\/es\/wp-json\/wp\/v2\/media\/6976"}],"wp:attachment":[{"href":"https:\/\/lifebyair.com\/es\/wp-json\/wp\/v2\/media?parent=6972"}],"curies":[{"name":"wp","href":"https:\/\/api.w.org\/{rel}","templated":true}]}}