                                                                                                                                                                                                                                                                                                                                                                                                                                                                                                                                                                                                                                                                                                                                                                                                                                                                                                                                                                                                                                                                                                                                                                                                                                                                                                                                                                                                                                                                                                                                                                                                                                                                                                                                                                                                                                                                                                                                                                                                                                                                                                                                                                                                                                                               {"id":9253,"date":"2020-08-20T18:49:02","date_gmt":"2020-08-20T18:49:02","guid":{"rendered":"https:\/\/ingenieriasae.com\/acuicultura\/?post_type=product&#038;p=9253"},"modified":"2021-03-17T18:31:20","modified_gmt":"2021-03-17T18:31:20","slug":"soplador-aqua-145t-kit-soplador-regenerativo-85-cfm-7-0-psi-220-440-volts","status":"publish","type":"product","link":"https:\/\/lifebyair.com\/es\/producto\/soplador-aqua-145t-kit-soplador-regenerativo-85-cfm-7-0-psi-220-440-volts\/","title":{"rendered":"Soplador AQUA 145T | Kit Soplador Regenerativo | 85 CFM &#8211; 7.0 PSI | 220-440 Volts"},"content":{"rendered":"<p><strong>Soplador AQUA 145T | Kit Soplador Regenerativo<\/strong><\/p>\n<ul>\n<li>Flujo de aire: 145 m3\/h | 85 CFM<\/li>\n<li>Presi\u00f3n: 7.0 psi | 480 mbar<\/li>\n<li>Vac\u00edo: -360 mbar<\/li>\n<li>Puertos de succi\u00f3n y descarga: 1 &#8211; \u00bc\u201d NPT<\/li>\n<li>220-440 volts | 2.55 Kw | 60 Hz<\/li>\n<\/ul>\n<p>Eficiente <strong>soplador<\/strong> tipo <strong>regenerativo<\/strong> de dos etapas que entrega un caudal de aire de hasta 145 m3\/h y vence l\u00e1minas de agua de hasta 4.5m (7 psig), con motor el\u00e9ctrico de 3.4HP <strong>trif\u00e1sico<\/strong> y un nivel de ruido de 64 dB(A). Es ideal para la aireaci\u00f3n de tanques de acuicultura de 15m de di\u00e1metro, confiable y de f\u00e1cil instalaci\u00f3n y mantenimiento.<\/p>\n<p>Ventajas del uso del <strong>AQUA 145T<\/strong><\/p>\n<ul>\n<li>Incrementar los niveles de ox\u00edgeno en el agua evitando la mortalidad de los peces.<\/li>\n<li>Evitar la generaci\u00f3n de malos olores y enturbiado de las aguas.<\/li>\n<li>Reducir el crecimiento de algas en el tanque.<\/li>\n<li>Evitar la proliferaci\u00f3n de mosquitos.<\/li>\n<li>Generar un entorno adecuado para los peces.<\/li>\n<li>Favorece la crianza de peces en cualquiera de sus fases: alevinaje o levante.<\/li>\n<\/ul>\n","protected":false},"excerpt":{"rendered":"<p><img class=\"alignnone size-full wp-image-4975\" src=\"https:\/\/ingenieriasae.com\/acuicultura\/wp-content\/uploads\/2020\/01\/Ekko-Logo.png\" alt=\"\" width=\"100\" height=\"50\" \/><\/p>\n<p><strong>Kit Incluye: <\/strong><\/p>\n<ul>\n<li>Filtro de aire lavable.<\/li>\n<li>V\u00e1lvula de alivio.<\/li>\n<li>V\u00e1lvula cheque.<\/li>\n<li>Soportes anti-vibraci\u00f3n.<\/li>\n<\/ul>\n","protected":false},"featured_media":10681,"template":"","meta":{"_seopress_robots_primary_cat":"none"},"_links":{"self":[{"href":"https:\/\/lifebyair.com\/es\/wp-json\/wp\/v2\/product\/9253"}],"collection":[{"href":"https:\/\/lifebyair.com\/es\/wp-json\/wp\/v2\/product"}],"about":[{"href":"https:\/\/lifebyair.com\/es\/wp-json\/wp\/v2\/types\/product"}],"version-history":[{"count":14,"href":"https:\/\/lifebyair.com\/es\/wp-json\/wp\/v2\/product\/9253\/revisions"}],"predecessor-version":[{"id":11026,"href":"https:\/\/lifebyair.com\/es\/wp-json\/wp\/v2\/product\/9253\/revisions\/11026"}],"wp:featuredmedia":[{"embeddable":true,"href":"https:\/\/lifebyair.com\/es\/wp-json\/wp\/v2\/media\/10681"}],"wp:attachment":[{"href":"https:\/\/lifebyair.com\/es\/wp-json\/wp\/v2\/media?parent=9253"}],"curies":[{"name":"wp","href":"https:\/\/api.w.org\/{rel}","templated":true}]}}