                                                                                                                                                                                                                                                                                                                                                                                                                                                                                                                                                                                                                                                                                                                                                                                                                                                                                                                                                                                                                                                                                                                                                                                                                                                                                                                                                                                                                                                                                                                                                                                                                                                                                                                                                                                                                                                                                                                                                                                                                                                                                                                                                                                                                                                               {"id":9283,"date":"2020-09-01T18:29:03","date_gmt":"2020-09-01T18:29:03","guid":{"rendered":"https:\/\/ingenieriasae.com\/acuicultura\/?post_type=product&#038;p=9283"},"modified":"2021-09-08T21:15:47","modified_gmt":"2021-09-08T21:15:47","slug":"aqua-pro-98t-kit-de-aireacion-con-soplador-y-5-difusores-0-67hp","status":"publish","type":"product","link":"https:\/\/lifebyair.com\/es\/producto\/aqua-pro-98t-kit-de-aireacion-con-soplador-y-5-difusores-0-67hp\/","title":{"rendered":"AQUA Pro 98T | Kit de Aireaci\u00f3n con soplador y 5 difusores | 0.67HP"},"content":{"rendered":"<p><strong>AQUA Pro 98T | Kit de Aireaci\u00f3n con soplador y 5 difusores<\/strong><\/p>\n<p>Este completo <strong>kit<\/strong> es ideal para la <strong>aireaci\u00f3n<\/strong> de tanques de <strong>acuicultura<\/strong> entre 5m y 9m de di\u00e1metro, siendo una herramienta confiable que favorecer\u00e1 la crianza de peces en cualquiera de sus fases: alevinaje o levante.<\/p>\n<p>Son muchas las ventajas que el kit<strong> AQUA Pro 98T<\/strong> puede ofrecer, entre ellas est\u00e1n:<\/p>\n<ul>\n<li>Incrementar los niveles de ox\u00edgeno en el agua evitando la mortalidad de los peces.<\/li>\n<li>Evitar la generaci\u00f3n de malos olores y enturbiado de las aguas.<\/li>\n<li>Reducir el crecimiento de algas en el tanque.<\/li>\n<li>Evitar la proliferaci\u00f3n de mosquitos.<\/li>\n<li>Generar un entorno adecuado para los peces.<\/li>\n<\/ul>\n<p><strong>El kit incluye:<\/strong><\/p>\n<ul>\n<li>Un eficiente soplador tipo regenerativo de una etapa que entrega un caudal de aire de hasta 98m3\/h y vence l\u00e1minas de agua de hasta 1.3m (2.3 psig), con motor el\u00e9ctrico de 0.67HP trif\u00e1sico y un nivel de ruido de 56 dB(A). F\u00e1cil instalaci\u00f3n y mantenimiento.<\/li>\n<li>Filtro de aire de part\u00edculas lavable.<\/li>\n<li>V\u00e1lvula de alivio de presi\u00f3n.<\/li>\n<li>Cinco (5) bases auto-sumergibles libres de mantenimiento modelo MDB11, cada una con un difusor tipo disco de 9&#8243; con membrana en EPDM, que produce burbujas medianas entregando el m\u00e1ximo flujo de aire con baja ca\u00edda de presi\u00f3n.<\/li>\n<li>Incluye v\u00e1lvula cheque.<\/li>\n<\/ul>\n","protected":false},"excerpt":{"rendered":"<p><img class=\"alignnone size-full wp-image-4975\" style=\"font-size: 1rem;\" src=\"https:\/\/ingenieriasae.com\/acuicultura\/wp-content\/uploads\/2020\/01\/Ekko-Logo.png\" alt=\"\" width=\"100\" height=\"50\" \/>\u00a0 \u00a0 <img class=\"alignnone size-full wp-image-5147\" src=\"https:\/\/lifebyair.com\/wp-content\/uploads\/2020\/01\/logo-matala-1.jpg\" alt=\"\" width=\"120\" height=\"46\" \/><\/p>\n<p><strong>Kit Incluye:<\/strong><\/p>\n<ul>\n<li>Soplador regenerativo de 0.5kW (0.67HP) (1)<\/li>\n<li>Difusor auto-sumergible MDB11 (5)<\/li>\n<li>V\u00e1lvula de alivio ajustable (1)<\/li>\n<li>Filtro de entrada lavable (1)<\/li>\n<li>Puerto: 1 1\/4 pulgadas NPT o conexi\u00f3n de manguera (1)<\/li>\n<li>Soportes anti-vibraci\u00f3n (4)<\/li>\n<li>Incluye v\u00e1lvula cheque (1)<\/li>\n<\/ul>\n<\/ul>\n<p><a href=\"https:\/\/lifebyair.com\/es\/contactenos\/\"><strong>\u00a0LLAME PARA DISPONIBILIDAD<\/strong><\/a><\/p>\n","protected":false},"featured_media":9604,"template":"","meta":{"_seopress_robots_primary_cat":"none"},"_links":{"self":[{"href":"https:\/\/lifebyair.com\/es\/wp-json\/wp\/v2\/product\/9283"}],"collection":[{"href":"https:\/\/lifebyair.com\/es\/wp-json\/wp\/v2\/product"}],"about":[{"href":"https:\/\/lifebyair.com\/es\/wp-json\/wp\/v2\/types\/product"}],"version-history":[{"count":11,"href":"https:\/\/lifebyair.com\/es\/wp-json\/wp\/v2\/product\/9283\/revisions"}],"predecessor-version":[{"id":11274,"href":"https:\/\/lifebyair.com\/es\/wp-json\/wp\/v2\/product\/9283\/revisions\/11274"}],"wp:featuredmedia":[{"embeddable":true,"href":"https:\/\/lifebyair.com\/es\/wp-json\/wp\/v2\/media\/9604"}],"wp:attachment":[{"href":"https:\/\/lifebyair.com\/es\/wp-json\/wp\/v2\/media?parent=9283"}],"curies":[{"name":"wp","href":"https:\/\/api.w.org\/{rel}","templated":true}]}}