                                                                                                                                                                                                                                                                                                                                                                                                                                                                                                                                                                                                                                                                                                                                                                                                                                                                                                                                                                                                                                                                                                                                                                                                                                                                                                                                                                                                                                                                                                                                                                                                                                                                                                                                                                                                                                                                                                                                                                                                                                                                                                                                                                                                                                                               {"id":9634,"date":"2020-09-11T19:11:16","date_gmt":"2020-09-11T19:11:16","guid":{"rendered":"https:\/\/ingenieriasae.com\/acuicultura\/?post_type=product&#038;p=9634"},"modified":"2025-08-29T23:09:24","modified_gmt":"2025-08-29T23:09:24","slug":"difusor-md-3w-difusor-con-base-auto-sumergible-de-3","status":"publish","type":"product","link":"https:\/\/lifebyair.com\/es\/producto\/difusor-md-3w-difusor-con-base-auto-sumergible-de-3\/","title":{"rendered":"Difusor MD-3W | Difusor con Base Auto-sumergible de 3&#8243;"},"content":{"rendered":"<p><strong>Difusor MD-3W Matala\u00a0<\/strong><\/p>\n<p style=\"text-align: justify;\">El modelo MD-3W de la marca <strong>Matala\u00ae <\/strong>es un difusor de alta calidad tipo disco de 3&#8243; con membrana en silicona, auto-sumergible, alta eficiencia y muy baja ca\u00edda de presi\u00f3n. Estos pr\u00e1cticos difusores de disco de membrana de caucho &#8220;autopesados&#8221; permanecen en el fondo del estanque y son de baja contrapresi\u00f3n y bajo mantenimiento.<\/p>\n<ul>\n<li>El peso est\u00e1 incorporado en el difusor.<\/li>\n<li>Los poros especialmente dise\u00f1ados crean finas burbujas de aire | Seguro para plantas y mascotas<\/li>\n<li>F\u00e1cil instalaci\u00f3n y mantenimiento | Baja contrapresi\u00f3n<\/li>\n<li>Ideal para bombas de aire de estanque entre 3 lpm hasta 65 lpm.<\/li>\n<li>Difusor de disco de caucho de silicona, suave y f\u00e1cil de limpiar.<\/li>\n<li>Caudales entre 3 lpm a 5 lpm \/ 0,1 cfm a 0,2 cfm. Peso de 0,4 libras.<\/li>\n<li>La aireaci\u00f3n del agua evita que el agua se congele, oxigena el agua, ayuda a mantener vivas las plantas y los animales en el agua.<\/li>\n<li>Transferencia de Ox\u00edgeno para Estanques, Lagos, Acuarios, Canales, Piscifactor\u00edas Comerciales, Tanques de Peces Koi, Acuicultura, Granjas de Camarones, Estanques de Piscina y m\u00e1s.<\/li>\n<li><strong>Life by Air<\/strong> suministra kits y equipos de aireaci\u00f3n para todo tipo de masas de agua y aplicaciones.<\/li>\n<\/ul>\n","protected":false},"excerpt":{"rendered":"<p><img class=\"alignnone size-full wp-image-5147\" src=\"https:\/\/lifebyair.com\/wp-content\/uploads\/2020\/01\/logo-matala-1.jpg\" alt=\"\" width=\"120\" height=\"46\" \/><\/p>\n<p><strong>Caracter\u00edsticas:<\/strong><\/p>\n<ul>\n<li><span class=\"a-list-item\">Difusor de disco auto ponderado de 3.0 in con conexi\u00f3n de manguera de 0.185 in (3\/16 pulgadas), m\u00e1ximo 10 cfm.<\/span><\/li>\n<li>Di\u00e1metro del disco: 3&#8243;.<\/li>\n<li>Material de la membrana: Silicona.<\/li>\n<li>Conexi\u00f3n: 3\/16&#8243;.<\/li>\n<li>Flujo de aire: 0.1 &#8211; 0.2 CFM.<\/li>\n<li>Material del cuerpo del disco: ABS + Acero.<\/li>\n<\/ul>\n","protected":false},"featured_media":11659,"template":"","meta":{"_seopress_robots_primary_cat":"none"},"_links":{"self":[{"href":"https:\/\/lifebyair.com\/es\/wp-json\/wp\/v2\/product\/9634"}],"collection":[{"href":"https:\/\/lifebyair.com\/es\/wp-json\/wp\/v2\/product"}],"about":[{"href":"https:\/\/lifebyair.com\/es\/wp-json\/wp\/v2\/types\/product"}],"version-history":[{"count":7,"href":"https:\/\/lifebyair.com\/es\/wp-json\/wp\/v2\/product\/9634\/revisions"}],"predecessor-version":[{"id":11660,"href":"https:\/\/lifebyair.com\/es\/wp-json\/wp\/v2\/product\/9634\/revisions\/11660"}],"wp:featuredmedia":[{"embeddable":true,"href":"https:\/\/lifebyair.com\/es\/wp-json\/wp\/v2\/media\/11659"}],"wp:attachment":[{"href":"https:\/\/lifebyair.com\/es\/wp-json\/wp\/v2\/media?parent=9634"}],"curies":[{"name":"wp","href":"https:\/\/api.w.org\/{rel}","templated":true}]}}